{"id":2813,"date":"2021-01-17T11:09:11","date_gmt":"2021-01-17T10:09:11","guid":{"rendered":"https:\/\/www.romainlevy.com\/?page_id=2813"},"modified":"2021-04-23T19:22:50","modified_gmt":"2021-04-23T17:22:50","slug":"webmarketing-seo-referencement-naturel-les-outils-pour-suivre-son-referencement","status":"publish","type":"page","link":"http:\/\/www.romainlevy.com\/fr\/boites-a-outils\/webmarketing-seo-referencement-naturel-les-outils-pour-suivre-son-referencement\/","title":{"rendered":"Webmarketing, SEO \/ r\u00e9f\u00e9rencement naturel : Les outils pour suivre son r\u00e9f\u00e9rencement"},"content":{"rendered":"<div class=\"wpb-content-wrapper\"><div class=\"vc_row wpb_row vc_row-fluid\"><div class=\"wpb_column vc_column_container vc_col-sm-4\/5\"><div class=\"vc_column-inner \"><div class=\"wpb_wrapper\">\n\t<div  class=\"wpb_single_image wpb_content_element vc_align_center wpb_content_element\">\n\t\t\n\t\t<figure class=\"wpb_wrapper vc_figure\">\n\t\t\t<div class=\"vc_single_image-wrapper   vc_box_border_grey\"><img loading=\"lazy\" decoding=\"async\" width=\"300\" height=\"300\" src=\"http:\/\/www.romainlevy.com\/wp-content\/uploads\/2021\/01\/4.png\" class=\"vc_single_image-img attachment-large\" alt=\"Top outils webmarketing SEO suivre son r\u00e9f\u00e9rencement\" title=\"Top outils webmarketing SEO suivre son r\u00e9f\u00e9rencement\" srcset=\"http:\/\/www.romainlevy.com\/wp-content\/uploads\/2021\/01\/4.png 300w, http:\/\/www.romainlevy.com\/wp-content\/uploads\/2021\/01\/4-150x150.png 150w, http:\/\/www.romainlevy.com\/wp-content\/uploads\/2021\/01\/4-12x12.png 12w\" sizes=\"auto, (max-width: 300px) 100vw, 300px\" \/><\/div>\n\t\t<\/figure>\n\t<\/div>\n\n\t<div class=\"wpb_text_column wpb_content_element\" >\n\t\t<div class=\"wpb_wrapper\">\n\t\t\t<p>Une fois que vous avez trouv\u00e9 vos mots cl\u00e9s cibles (<a href=\"https:\/\/www.romainlevy.com\/boites-a-outils\/webmarketing-le-seo-referencement-naturel-les-outils-pour-trouver-des-mots-clefs-et-se-referencer\/\">Top outils pour trouver des mots clefs et se r\u00e9f\u00e9rencer<\/a>) et que vous savez analyser votre site (<a href=\"https:\/\/www.romainlevy.com\/boites-a-outils\/webmarketing-seo-referencement-naturel-les-outils-pour-analyser-son-site-et-progresser\/\">Top outils pour analyser son site et progresser<\/a>), vous aurez besoin de suivre votre r\u00e9f\u00e9rencement. Comment vous positionnez-vous par rapport \u00e0 vos concurrents ? Combien de visiteurs avez-vous sur votre site internet ? Qui sont-ils ?<\/p>\n<h2>Suivez les performances de votre site internet<\/h2>\n<p><em><strong><a href=\"https:\/\/www.monitorank.com\/?c=opoK3ZyJO9\" target=\"_blank\" rel=\"noopener\">Monitorank<\/a><\/strong><\/em> assure le <strong>suivi du r\u00e9f\u00e9rencement en fonction des mots clefs<\/strong> choisis en analysant votre site ainsi que vos r\u00e9seaux-sociaux, votre <strong>positionnement<\/strong> sur les sites de r\u00e9f\u00e9rences, et toutes<strong> les donn\u00e9es des concurrents<\/strong>. Il s\u2019agit d\u2019un outil efficace et permettant en plus de payer uniquement au nombre de mots clefs suivis (avec un d\u00e9part gratuit).<\/p>\n<p>&nbsp;<\/p>\n<p>Un peu de promo pour Monitorank \ud83d\ude09<iframe loading=\"lazy\" title=\"YouTube video player\" src=\"https:\/\/www.youtube.com\/embed\/vLIUnf47eks\" width=\"560\" height=\"315\" frameborder=\"0\" allowfullscreen=\"allowfullscreen\"><\/iframe><\/p>\n<p>&nbsp;<\/p>\n<p><em><strong><a href=\"https:\/\/analytics.google.com\/\" target=\"_blank\" rel=\"noopener\">Google Analytics<\/a><\/strong><\/em> permet de suivre le <strong>nombre de visites<\/strong> et de conna\u00eetre le profil des visiteurs venant sur votre site. Il s\u2019agit d\u2019un bon moyen pour <strong>mieux comprendre votre audience<\/strong> et ainsi continuer \u00e0 am\u00e9liorer votre strat\u00e9gie de r\u00e9f\u00e9rencement naturel \u201cSEO\u201d.<\/p>\n<p><em><strong><a href=\"https:\/\/www.diib.com?ref=romainlevy1\" target=\"_blank\" rel=\"noopener\">Diib<\/a><\/strong><\/em> s\u2019appuie sur Google Analytics, SEM Rush et Moz notamment pour donner <strong>des conseils pr\u00e9cis afin d\u2019am\u00e9liorer votre strat\u00e9gie Webmarketing<\/strong>. Une fois param\u00e9tr\u00e9, cet outil peut vous faciliter la t\u00e2che pour g\u00e9rer votre <strong>strat\u00e9gie SEO<\/strong> en cr\u00e9ant <strong>des alertes li\u00e9es \u00e0 vos objectifs<\/strong>. Vous pouvez aussi y connecter votre page Facebook et Google My Business pour optimiser les r\u00e9sultats et analyses de Diib afin d\u2019\u00eatre plus pr\u00e9cis dans l\u2019ex\u00e9cution de votre strat\u00e9gie.<\/p>\n<h2>Construisez et ajuster votre strat\u00e9gie webmarketing<\/h2>\n<p>Enfin, deux outils permettant de <strong>suivre les utilisateurs sur votre site<\/strong> et de <strong>comprendre comment ils se comportent<\/strong> sont <em><strong><a href=\"https:\/\/www.smartlook.com\" target=\"_blank\" rel=\"noopener\">Smartlook<\/a><\/strong><\/em> et <a href=\"https:\/\/www.hotjar.com\/r\/r451272\" target=\"_blank\" rel=\"noopener\"><em><strong>Hotjar<\/strong><\/em><\/a>. Ces outils permettent d\u2019<strong>analyser le trajet<\/strong> suivi par vos utilisateurs avec la possibilit\u00e9 de voir <strong>o\u00f9 ils cliquent et jusqu\u2019o\u00f9 ils descendent sur vos pages<\/strong>. Il est toujours int\u00e9ressant de voir si notre page est lue jusqu\u2019au bout et il peut \u00eatre surprenant de se rendre compte que beaucoup de visiteurs cliquent \u00e0 un endroit qui n\u2019\u00e9tait pas pr\u00e9vu pour \u00e7a !<\/p>\n<p style=\"text-align: right;\"><a href=\"https:\/\/www.romainlevy.com\/boites-a-outils\/webmarketing-les-outils-pour-developper-son-audience-et-ses-backlinks\/\">Suivant<\/a><\/p>\n<p style=\"text-align: right;\"><a href=\"https:\/\/www.romainlevy.com\/fr_fr\/boites-a-outils\/webmarketing-les-outils-pour-developper-son-audience-et-ses-backlinks\/\"><img loading=\"lazy\" decoding=\"async\" class=\"alignnone wp-image-2789 size-full\" src=\"https:\/\/www.romainlevy.com\/wp-content\/uploads\/2021\/01\/5.png\" alt=\"Top outils webmarketing SEO d\u00e9velopper son audience\" width=\"300\" height=\"300\" srcset=\"http:\/\/www.romainlevy.com\/wp-content\/uploads\/2021\/01\/5.png 300w, http:\/\/www.romainlevy.com\/wp-content\/uploads\/2021\/01\/5-150x150.png 150w, http:\/\/www.romainlevy.com\/wp-content\/uploads\/2021\/01\/5-12x12.png 12w\" sizes=\"auto, (max-width: 300px) 100vw, 300px\" \/><\/a><\/p>\n\n\t\t<\/div>\n\t<\/div>\n<\/div><\/div><\/div><div class=\"wpb_column vc_column_container vc_col-sm-1\/5\"><div class=\"vc_column-inner \"><div class=\"wpb_wrapper\">\n\t<div class=\"wpb_text_column wpb_content_element\" >\n\t\t<div class=\"wpb_wrapper\">\n\t\t\t<p>Mes autres bo\u00eetes \u00e0 outils<\/p>\n<p><a href=\"https:\/\/www.romainlevy.com\/fr_fr\/boites-a-outils\/les-outils-growth-hacking-pour-automatiser-les-taches\/\"><img loading=\"lazy\" decoding=\"async\" class=\"alignnone wp-image-2792 size-full\" src=\"https:\/\/www.romainlevy.com\/wp-content\/uploads\/2021\/01\/8.png\" alt=\"Top outils Growth Hacking Les bases Automatiser les t\u00e2ches\" width=\"300\" height=\"300\" srcset=\"http:\/\/www.romainlevy.com\/wp-content\/uploads\/2021\/01\/8.png 300w, http:\/\/www.romainlevy.com\/wp-content\/uploads\/2021\/01\/8-150x150.png 150w, http:\/\/www.romainlevy.com\/wp-content\/uploads\/2021\/01\/8-12x12.png 12w\" sizes=\"auto, (max-width: 300px) 100vw, 300px\" \/><\/a><\/p>\n<p><a href=\"https:\/\/www.romainlevy.com\/fr_fr\/boites-a-outils\/les-outils-growth-hacking-pour-les-reseaux-sociaux\/\"><img loading=\"lazy\" decoding=\"async\" class=\"alignnone wp-image-2793 size-full\" src=\"https:\/\/www.romainlevy.com\/wp-content\/uploads\/2021\/01\/91.png\" alt=\"Top outils Growth Hacking Les bases pour les r\u00e9seaux-sociaux\" width=\"300\" height=\"300\" srcset=\"http:\/\/www.romainlevy.com\/wp-content\/uploads\/2021\/01\/91.png 300w, http:\/\/www.romainlevy.com\/wp-content\/uploads\/2021\/01\/91-150x150.png 150w, http:\/\/www.romainlevy.com\/wp-content\/uploads\/2021\/01\/91-12x12.png 12w\" sizes=\"auto, (max-width: 300px) 100vw, 300px\" \/><\/a><\/p>\n<p><a href=\"https:\/\/www.romainlevy.com\/fr_fr\/boites-a-outils\/les-outils-growth-hacking-pour-scrapper\/\"><img loading=\"lazy\" decoding=\"async\" class=\"alignnone wp-image-2794 size-full\" src=\"https:\/\/www.romainlevy.com\/wp-content\/uploads\/2021\/01\/11.png\" alt=\"\" width=\"300\" height=\"300\" srcset=\"http:\/\/www.romainlevy.com\/wp-content\/uploads\/2021\/01\/11.png 300w, http:\/\/www.romainlevy.com\/wp-content\/uploads\/2021\/01\/11-150x150.png 150w, http:\/\/www.romainlevy.com\/wp-content\/uploads\/2021\/01\/11-12x12.png 12w\" sizes=\"auto, (max-width: 300px) 100vw, 300px\" \/><\/a><\/p>\n<p><a href=\"https:\/\/www.romainlevy.com\/fr_fr\/boites-a-outils\/webmarketing-convertir-vos-prospects-en-clients-via-les-outils-de-mailing\/\"><img loading=\"lazy\" decoding=\"async\" class=\"alignnone wp-image-2791 size-full\" src=\"https:\/\/www.romainlevy.com\/wp-content\/uploads\/2021\/01\/7.png\" alt=\"Top outils webmarketing Conversion Outils de mailing\" width=\"300\" height=\"300\" srcset=\"http:\/\/www.romainlevy.com\/wp-content\/uploads\/2021\/01\/7.png 300w, http:\/\/www.romainlevy.com\/wp-content\/uploads\/2021\/01\/7-150x150.png 150w, http:\/\/www.romainlevy.com\/wp-content\/uploads\/2021\/01\/7-12x12.png 12w\" sizes=\"auto, (max-width: 300px) 100vw, 300px\" \/><\/a><\/p>\n<p><a href=\"https:\/\/www.romainlevy.com\/fr_fr\/boites-a-outils\/webmarketing-les-outils-pour-recevoir-les-coordonnees-de-vos-prospects\/\"><img loading=\"lazy\" decoding=\"async\" class=\"alignnone wp-image-2790 size-full\" src=\"https:\/\/www.romainlevy.com\/wp-content\/uploads\/2021\/01\/6.png\" alt=\"Top outils webmarketing Conversion Faciliter les contacts\" width=\"300\" height=\"300\" srcset=\"http:\/\/www.romainlevy.com\/wp-content\/uploads\/2021\/01\/6.png 300w, http:\/\/www.romainlevy.com\/wp-content\/uploads\/2021\/01\/6-150x150.png 150w, http:\/\/www.romainlevy.com\/wp-content\/uploads\/2021\/01\/6-12x12.png 12w\" sizes=\"auto, (max-width: 300px) 100vw, 300px\" \/><\/a><\/p>\n<p><a href=\"https:\/\/www.romainlevy.com\/fr_fr\/boites-a-outils\/webmarketing-les-outils-pour-developper-son-audience-et-ses-backlinks\/\"><img loading=\"lazy\" decoding=\"async\" class=\"alignnone wp-image-2789 size-full\" src=\"https:\/\/www.romainlevy.com\/wp-content\/uploads\/2021\/01\/5.png\" alt=\"Top outils webmarketing SEO d\u00e9velopper son audience\" width=\"300\" height=\"300\" srcset=\"http:\/\/www.romainlevy.com\/wp-content\/uploads\/2021\/01\/5.png 300w, http:\/\/www.romainlevy.com\/wp-content\/uploads\/2021\/01\/5-150x150.png 150w, http:\/\/www.romainlevy.com\/wp-content\/uploads\/2021\/01\/5-12x12.png 12w\" sizes=\"auto, (max-width: 300px) 100vw, 300px\" \/><\/a><\/p>\n<p><a href=\"https:\/\/www.romainlevy.com\/fr_fr\/boites-a-outils\/webmarketing-seo-referencement-naturel-les-outils-pour-analyser-son-site-et-progresser\/\"><img loading=\"lazy\" decoding=\"async\" class=\"alignnone wp-image-2787 size-full\" src=\"https:\/\/www.romainlevy.com\/wp-content\/uploads\/2021\/01\/31.png\" alt=\"Top outils webmarketing SEO Analyser son site\" width=\"300\" height=\"300\" srcset=\"http:\/\/www.romainlevy.com\/wp-content\/uploads\/2021\/01\/31.png 300w, http:\/\/www.romainlevy.com\/wp-content\/uploads\/2021\/01\/31-150x150.png 150w, http:\/\/www.romainlevy.com\/wp-content\/uploads\/2021\/01\/31-12x12.png 12w\" sizes=\"auto, (max-width: 300px) 100vw, 300px\" \/><\/a><\/p>\n<p><a href=\"https:\/\/www.romainlevy.com\/fr_fr\/boites-a-outils\/webmarketing-le-seo-referencement-naturel-les-outils-pour-trouver-des-mots-clefs-et-se-referencer\/\"><img loading=\"lazy\" decoding=\"async\" class=\"alignnone wp-image-2786 size-full\" src=\"https:\/\/www.romainlevy.com\/wp-content\/uploads\/2021\/01\/21.png\" alt=\"Top outils webmarketing SEO Trouver des mots clefs\" width=\"300\" height=\"300\" srcset=\"http:\/\/www.romainlevy.com\/wp-content\/uploads\/2021\/01\/21.png 300w, http:\/\/www.romainlevy.com\/wp-content\/uploads\/2021\/01\/21-150x150.png 150w, http:\/\/www.romainlevy.com\/wp-content\/uploads\/2021\/01\/21-12x12.png 12w\" sizes=\"auto, (max-width: 300px) 100vw, 300px\" \/><\/a><\/p>\n\n\t\t<\/div>\n\t<\/div>\n<\/div><\/div><\/div><\/div>\n<\/div>","protected":false},"excerpt":{"rendered":"<p>[vc_row][vc_column width=\"4\/5\"][vc_single_image source=\"featured_image\" img_size=\"large\"][vc_column_text]Une fois que vous avez trouv\u00e9 vos mots cl\u00e9s cibles (Top outils pour trouver des mots clefs et se r\u00e9f\u00e9rencer) et que vous savez analyser votre site (Top outils pour analyser son site et progresser), vous aurez besoin de suivre votre r\u00e9f\u00e9rencement. Comment vous positionnez-vous par rapport \u00e0 vos concurrents ? Combien de visiteurs avez-vous sur votre site internet ? Qui sont-ils ?<\/p>\n","protected":false},"author":1,"featured_media":2788,"parent":1005,"menu_order":0,"comment_status":"closed","ping_status":"closed","template":"","meta":{"content-type":"","footnotes":""},"class_list":["post-2813","page","type-page","status-publish","has-post-thumbnail","hentry"],"yoast_head":"<!-- This site is optimized with the Yoast SEO plugin v27.3 - https:\/\/yoast.com\/product\/yoast-seo-wordpress\/ -->\n<title>Webmarketing, SEO \/ r\u00e9f\u00e9rencement naturel : Les outils pour suivre son r\u00e9f\u00e9rencement - Romain L\u00e9vy<\/title>\n<meta name=\"robots\" content=\"index, follow, max-snippet:-1, max-image-preview:large, max-video-preview:-1\" \/>\n<link rel=\"canonical\" href=\"http:\/\/www.romainlevy.com\/fr\/boites-a-outils\/webmarketing-seo-referencement-naturel-les-outils-pour-suivre-son-referencement\/\" \/>\n<meta property=\"og:locale\" content=\"fr_FR\" \/>\n<meta property=\"og:type\" content=\"article\" \/>\n<meta property=\"og:title\" content=\"Webmarketing, SEO \/ r\u00e9f\u00e9rencement naturel : Les outils pour suivre son r\u00e9f\u00e9rencement - Romain L\u00e9vy\" \/>\n<meta property=\"og:description\" content=\"Une fois que vous avez trouv\u00e9 vos mots cl\u00e9s cibles (Top outils pour trouver des mots clefs et se r\u00e9f\u00e9rencer) et que vous savez analyser votre site (Top outils pour analyser son site et progresser), vous aurez besoin de suivre votre r\u00e9f\u00e9rencement. Comment vous positionnez-vous par rapport \u00e0 vos concurrents ? Combien de visiteurs avez-vous sur votre site internet ? Qui sont-ils ?\" \/>\n<meta property=\"og:url\" content=\"http:\/\/www.romainlevy.com\/fr\/boites-a-outils\/webmarketing-seo-referencement-naturel-les-outils-pour-suivre-son-referencement\/\" \/>\n<meta property=\"og:site_name\" content=\"Romain L\u00e9vy\" \/>\n<meta property=\"article:modified_time\" content=\"2021-04-23T17:22:50+00:00\" \/>\n<meta property=\"og:image\" content=\"http:\/\/www.romainlevy.com\/wp-content\/uploads\/2021\/01\/4.png\" \/>\n\t<meta property=\"og:image:width\" content=\"300\" \/>\n\t<meta property=\"og:image:height\" content=\"300\" \/>\n\t<meta property=\"og:image:type\" content=\"image\/png\" \/>\n<meta name=\"twitter:card\" content=\"summary_large_image\" \/>\n<meta name=\"twitter:label1\" content=\"Dur\u00e9e de lecture estim\u00e9e\" \/>\n\t<meta name=\"twitter:data1\" content=\"4 minutes\" \/>\n<script type=\"application\/ld+json\" class=\"yoast-schema-graph\">{\"@context\":\"https:\\\/\\\/schema.org\",\"@graph\":[{\"@type\":\"WebPage\",\"@id\":\"http:\\\/\\\/www.romainlevy.com\\\/fr\\\/boites-a-outils\\\/webmarketing-seo-referencement-naturel-les-outils-pour-suivre-son-referencement\\\/\",\"url\":\"http:\\\/\\\/www.romainlevy.com\\\/fr\\\/boites-a-outils\\\/webmarketing-seo-referencement-naturel-les-outils-pour-suivre-son-referencement\\\/\",\"name\":\"Webmarketing, SEO \\\/ r\u00e9f\u00e9rencement naturel : Les outils pour suivre son r\u00e9f\u00e9rencement - Romain L\u00e9vy\",\"isPartOf\":{\"@id\":\"https:\\\/\\\/www.romainlevy.com\\\/en\\\/#website\"},\"primaryImageOfPage\":{\"@id\":\"http:\\\/\\\/www.romainlevy.com\\\/fr\\\/boites-a-outils\\\/webmarketing-seo-referencement-naturel-les-outils-pour-suivre-son-referencement\\\/#primaryimage\"},\"image\":{\"@id\":\"http:\\\/\\\/www.romainlevy.com\\\/fr\\\/boites-a-outils\\\/webmarketing-seo-referencement-naturel-les-outils-pour-suivre-son-referencement\\\/#primaryimage\"},\"thumbnailUrl\":\"http:\\\/\\\/www.romainlevy.com\\\/wp-content\\\/uploads\\\/2021\\\/01\\\/4.png\",\"datePublished\":\"2021-01-17T10:09:11+00:00\",\"dateModified\":\"2021-04-23T17:22:50+00:00\",\"breadcrumb\":{\"@id\":\"http:\\\/\\\/www.romainlevy.com\\\/fr\\\/boites-a-outils\\\/webmarketing-seo-referencement-naturel-les-outils-pour-suivre-son-referencement\\\/#breadcrumb\"},\"inLanguage\":\"fr-FR\",\"potentialAction\":[{\"@type\":\"ReadAction\",\"target\":[\"http:\\\/\\\/www.romainlevy.com\\\/fr\\\/boites-a-outils\\\/webmarketing-seo-referencement-naturel-les-outils-pour-suivre-son-referencement\\\/\"]}]},{\"@type\":\"ImageObject\",\"inLanguage\":\"fr-FR\",\"@id\":\"http:\\\/\\\/www.romainlevy.com\\\/fr\\\/boites-a-outils\\\/webmarketing-seo-referencement-naturel-les-outils-pour-suivre-son-referencement\\\/#primaryimage\",\"url\":\"http:\\\/\\\/www.romainlevy.com\\\/wp-content\\\/uploads\\\/2021\\\/01\\\/4.png\",\"contentUrl\":\"http:\\\/\\\/www.romainlevy.com\\\/wp-content\\\/uploads\\\/2021\\\/01\\\/4.png\",\"width\":300,\"height\":300,\"caption\":\"Top outils webmarketing SEO suivre son r\u00e9f\u00e9rencement\"},{\"@type\":\"BreadcrumbList\",\"@id\":\"http:\\\/\\\/www.romainlevy.com\\\/fr\\\/boites-a-outils\\\/webmarketing-seo-referencement-naturel-les-outils-pour-suivre-son-referencement\\\/#breadcrumb\",\"itemListElement\":[{\"@type\":\"ListItem\",\"position\":1,\"name\":\"Accueil\",\"item\":\"https:\\\/\\\/www.romainlevy.com\\\/en\\\/\"},{\"@type\":\"ListItem\",\"position\":2,\"name\":\"Mes boites \u00e0 outils\",\"item\":\"https:\\\/\\\/www.romainlevy.com\\\/en\\\/toolboxes\\\/\"},{\"@type\":\"ListItem\",\"position\":3,\"name\":\"Webmarketing, SEO \\\/ r\u00e9f\u00e9rencement naturel : Les outils pour suivre son r\u00e9f\u00e9rencement\"}]},{\"@type\":\"WebSite\",\"@id\":\"https:\\\/\\\/www.romainlevy.com\\\/en\\\/#website\",\"url\":\"https:\\\/\\\/www.romainlevy.com\\\/en\\\/\",\"name\":\"Romain L\u00e9vy\",\"description\":\"Et si on m\u00ealait tradition et innovation ?\",\"publisher\":{\"@id\":\"https:\\\/\\\/www.romainlevy.com\\\/en\\\/#\\\/schema\\\/person\\\/9807ad52294f0c8cffef60a461d6448d\"},\"potentialAction\":[{\"@type\":\"SearchAction\",\"target\":{\"@type\":\"EntryPoint\",\"urlTemplate\":\"https:\\\/\\\/www.romainlevy.com\\\/en\\\/?s={search_term_string}\"},\"query-input\":{\"@type\":\"PropertyValueSpecification\",\"valueRequired\":true,\"valueName\":\"search_term_string\"}}],\"inLanguage\":\"fr-FR\"},{\"@type\":[\"Person\",\"Organization\"],\"@id\":\"https:\\\/\\\/www.romainlevy.com\\\/en\\\/#\\\/schema\\\/person\\\/9807ad52294f0c8cffef60a461d6448d\",\"name\":\"romain\",\"image\":{\"@type\":\"ImageObject\",\"inLanguage\":\"fr-FR\",\"@id\":\"https:\\\/\\\/secure.gravatar.com\\\/avatar\\\/f80a54bc71c7566817c772597e25cc425bb2aa7e0b3d5f415b7a1a1a5977d099?s=96&d=mm&r=g\",\"url\":\"https:\\\/\\\/secure.gravatar.com\\\/avatar\\\/f80a54bc71c7566817c772597e25cc425bb2aa7e0b3d5f415b7a1a1a5977d099?s=96&d=mm&r=g\",\"contentUrl\":\"https:\\\/\\\/secure.gravatar.com\\\/avatar\\\/f80a54bc71c7566817c772597e25cc425bb2aa7e0b3d5f415b7a1a1a5977d099?s=96&d=mm&r=g\",\"caption\":\"romain\"},\"logo\":{\"@id\":\"https:\\\/\\\/secure.gravatar.com\\\/avatar\\\/f80a54bc71c7566817c772597e25cc425bb2aa7e0b3d5f415b7a1a1a5977d099?s=96&d=mm&r=g\"}}]}<\/script>\n<!-- \/ Yoast SEO plugin. -->","yoast_head_json":{"title":"Webmarketing, SEO \/ r\u00e9f\u00e9rencement naturel : Les outils pour suivre son r\u00e9f\u00e9rencement - Romain L\u00e9vy","robots":{"index":"index","follow":"follow","max-snippet":"max-snippet:-1","max-image-preview":"max-image-preview:large","max-video-preview":"max-video-preview:-1"},"canonical":"http:\/\/www.romainlevy.com\/fr\/boites-a-outils\/webmarketing-seo-referencement-naturel-les-outils-pour-suivre-son-referencement\/","og_locale":"fr_FR","og_type":"article","og_title":"Webmarketing, SEO \/ r\u00e9f\u00e9rencement naturel : Les outils pour suivre son r\u00e9f\u00e9rencement - Romain L\u00e9vy","og_description":"Une fois que vous avez trouv\u00e9 vos mots cl\u00e9s cibles (Top outils pour trouver des mots clefs et se r\u00e9f\u00e9rencer) et que vous savez analyser votre site (Top outils pour analyser son site et progresser), vous aurez besoin de suivre votre r\u00e9f\u00e9rencement. Comment vous positionnez-vous par rapport \u00e0 vos concurrents ? Combien de visiteurs avez-vous sur votre site internet ? Qui sont-ils ?","og_url":"http:\/\/www.romainlevy.com\/fr\/boites-a-outils\/webmarketing-seo-referencement-naturel-les-outils-pour-suivre-son-referencement\/","og_site_name":"Romain L\u00e9vy","article_modified_time":"2021-04-23T17:22:50+00:00","og_image":[{"width":300,"height":300,"url":"http:\/\/www.romainlevy.com\/wp-content\/uploads\/2021\/01\/4.png","type":"image\/png"}],"twitter_card":"summary_large_image","twitter_misc":{"Dur\u00e9e de lecture estim\u00e9e":"4 minutes"},"schema":{"@context":"https:\/\/schema.org","@graph":[{"@type":"WebPage","@id":"http:\/\/www.romainlevy.com\/fr\/boites-a-outils\/webmarketing-seo-referencement-naturel-les-outils-pour-suivre-son-referencement\/","url":"http:\/\/www.romainlevy.com\/fr\/boites-a-outils\/webmarketing-seo-referencement-naturel-les-outils-pour-suivre-son-referencement\/","name":"Webmarketing, SEO \/ r\u00e9f\u00e9rencement naturel : Les outils pour suivre son r\u00e9f\u00e9rencement - Romain L\u00e9vy","isPartOf":{"@id":"https:\/\/www.romainlevy.com\/en\/#website"},"primaryImageOfPage":{"@id":"http:\/\/www.romainlevy.com\/fr\/boites-a-outils\/webmarketing-seo-referencement-naturel-les-outils-pour-suivre-son-referencement\/#primaryimage"},"image":{"@id":"http:\/\/www.romainlevy.com\/fr\/boites-a-outils\/webmarketing-seo-referencement-naturel-les-outils-pour-suivre-son-referencement\/#primaryimage"},"thumbnailUrl":"http:\/\/www.romainlevy.com\/wp-content\/uploads\/2021\/01\/4.png","datePublished":"2021-01-17T10:09:11+00:00","dateModified":"2021-04-23T17:22:50+00:00","breadcrumb":{"@id":"http:\/\/www.romainlevy.com\/fr\/boites-a-outils\/webmarketing-seo-referencement-naturel-les-outils-pour-suivre-son-referencement\/#breadcrumb"},"inLanguage":"fr-FR","potentialAction":[{"@type":"ReadAction","target":["http:\/\/www.romainlevy.com\/fr\/boites-a-outils\/webmarketing-seo-referencement-naturel-les-outils-pour-suivre-son-referencement\/"]}]},{"@type":"ImageObject","inLanguage":"fr-FR","@id":"http:\/\/www.romainlevy.com\/fr\/boites-a-outils\/webmarketing-seo-referencement-naturel-les-outils-pour-suivre-son-referencement\/#primaryimage","url":"http:\/\/www.romainlevy.com\/wp-content\/uploads\/2021\/01\/4.png","contentUrl":"http:\/\/www.romainlevy.com\/wp-content\/uploads\/2021\/01\/4.png","width":300,"height":300,"caption":"Top outils webmarketing SEO suivre son r\u00e9f\u00e9rencement"},{"@type":"BreadcrumbList","@id":"http:\/\/www.romainlevy.com\/fr\/boites-a-outils\/webmarketing-seo-referencement-naturel-les-outils-pour-suivre-son-referencement\/#breadcrumb","itemListElement":[{"@type":"ListItem","position":1,"name":"Accueil","item":"https:\/\/www.romainlevy.com\/en\/"},{"@type":"ListItem","position":2,"name":"Mes boites \u00e0 outils","item":"https:\/\/www.romainlevy.com\/en\/toolboxes\/"},{"@type":"ListItem","position":3,"name":"Webmarketing, SEO \/ r\u00e9f\u00e9rencement naturel : Les outils pour suivre son r\u00e9f\u00e9rencement"}]},{"@type":"WebSite","@id":"https:\/\/www.romainlevy.com\/en\/#website","url":"https:\/\/www.romainlevy.com\/en\/","name":"Romain L\u00e9vy","description":"Et si on m\u00ealait tradition et innovation ?","publisher":{"@id":"https:\/\/www.romainlevy.com\/en\/#\/schema\/person\/9807ad52294f0c8cffef60a461d6448d"},"potentialAction":[{"@type":"SearchAction","target":{"@type":"EntryPoint","urlTemplate":"https:\/\/www.romainlevy.com\/en\/?s={search_term_string}"},"query-input":{"@type":"PropertyValueSpecification","valueRequired":true,"valueName":"search_term_string"}}],"inLanguage":"fr-FR"},{"@type":["Person","Organization"],"@id":"https:\/\/www.romainlevy.com\/en\/#\/schema\/person\/9807ad52294f0c8cffef60a461d6448d","name":"romain","image":{"@type":"ImageObject","inLanguage":"fr-FR","@id":"https:\/\/secure.gravatar.com\/avatar\/f80a54bc71c7566817c772597e25cc425bb2aa7e0b3d5f415b7a1a1a5977d099?s=96&d=mm&r=g","url":"https:\/\/secure.gravatar.com\/avatar\/f80a54bc71c7566817c772597e25cc425bb2aa7e0b3d5f415b7a1a1a5977d099?s=96&d=mm&r=g","contentUrl":"https:\/\/secure.gravatar.com\/avatar\/f80a54bc71c7566817c772597e25cc425bb2aa7e0b3d5f415b7a1a1a5977d099?s=96&d=mm&r=g","caption":"romain"},"logo":{"@id":"https:\/\/secure.gravatar.com\/avatar\/f80a54bc71c7566817c772597e25cc425bb2aa7e0b3d5f415b7a1a1a5977d099?s=96&d=mm&r=g"}}]}},"_links":{"self":[{"href":"http:\/\/www.romainlevy.com\/fr\/wp-json\/wp\/v2\/pages\/2813","targetHints":{"allow":["GET"]}}],"collection":[{"href":"http:\/\/www.romainlevy.com\/fr\/wp-json\/wp\/v2\/pages"}],"about":[{"href":"http:\/\/www.romainlevy.com\/fr\/wp-json\/wp\/v2\/types\/page"}],"author":[{"embeddable":true,"href":"http:\/\/www.romainlevy.com\/fr\/wp-json\/wp\/v2\/users\/1"}],"replies":[{"embeddable":true,"href":"http:\/\/www.romainlevy.com\/fr\/wp-json\/wp\/v2\/comments?post=2813"}],"version-history":[{"count":6,"href":"http:\/\/www.romainlevy.com\/fr\/wp-json\/wp\/v2\/pages\/2813\/revisions"}],"predecessor-version":[{"id":2842,"href":"http:\/\/www.romainlevy.com\/fr\/wp-json\/wp\/v2\/pages\/2813\/revisions\/2842"}],"up":[{"embeddable":true,"href":"http:\/\/www.romainlevy.com\/fr\/wp-json\/wp\/v2\/pages\/1005"}],"wp:featuredmedia":[{"embeddable":true,"href":"http:\/\/www.romainlevy.com\/fr\/wp-json\/wp\/v2\/media\/2788"}],"wp:attachment":[{"href":"http:\/\/www.romainlevy.com\/fr\/wp-json\/wp\/v2\/media?parent=2813"}],"curies":[{"name":"wp","href":"https:\/\/api.w.org\/{rel}","templated":true}]}}