{"id":2819,"date":"2021-01-17T11:29:53","date_gmt":"2021-01-17T10:29:53","guid":{"rendered":"https:\/\/www.romainlevy.com\/?page_id=2819"},"modified":"2021-04-23T19:39:49","modified_gmt":"2021-04-23T17:39:49","slug":"webmarketing-les-outils-pour-recevoir-les-coordonnees-de-vos-prospects","status":"publish","type":"page","link":"http:\/\/www.romainlevy.com\/fr\/boites-a-outils\/webmarketing-les-outils-pour-recevoir-les-coordonnees-de-vos-prospects\/","title":{"rendered":"Webmarketing, les outils pour recevoir les coordonn\u00e9es de vos prospects"},"content":{"rendered":"<div class=\"wpb-content-wrapper\"><div class=\"vc_row wpb_row vc_row-fluid\"><div class=\"wpb_column vc_column_container vc_col-sm-4\/5\"><div class=\"vc_column-inner \"><div class=\"wpb_wrapper\">\n\t<div  class=\"wpb_single_image wpb_content_element vc_align_center wpb_content_element\">\n\t\t\n\t\t<figure class=\"wpb_wrapper vc_figure\">\n\t\t\t<div class=\"vc_single_image-wrapper   vc_box_border_grey\"><img loading=\"lazy\" decoding=\"async\" width=\"300\" height=\"300\" src=\"http:\/\/www.romainlevy.com\/wp-content\/uploads\/2021\/01\/6.png\" class=\"vc_single_image-img attachment-large\" alt=\"Top outils webmarketing Conversion Faciliter les contacts\" title=\"Top outils webmarketing Conversion Faciliter les contacts\" srcset=\"http:\/\/www.romainlevy.com\/wp-content\/uploads\/2021\/01\/6.png 300w, http:\/\/www.romainlevy.com\/wp-content\/uploads\/2021\/01\/6-150x150.png 150w, http:\/\/www.romainlevy.com\/wp-content\/uploads\/2021\/01\/6-12x12.png 12w\" sizes=\"auto, (max-width: 300px) 100vw, 300px\" \/><\/div>\n\t\t<\/figure>\n\t<\/div>\n\n\t<div class=\"wpb_text_column wpb_content_element\" >\n\t\t<div class=\"wpb_wrapper\">\n\t\t\t<p>Une fois que vous aurez r\u00e9ussi \u00e0 amener des visiteurs sur votre site (Voir <a href=\"https:\/\/www.romainlevy.com\/boites-a-outils\/webmarketing-les-outils-pour-developper-son-audience-et-ses-backlinks\/\">les outils pour d\u00e9velopper son audience et ses backlinks<\/a>), il serait dommage qu\u2019ils partent sans que vous puissiez vous rappeler \u00e0 eux.<\/p>\n<p>Il existe donc des <strong>outils webmarketing<\/strong> pour vous permettre de <strong>r\u00e9cup\u00e9rer les coordonn\u00e9es de vos visiteurs et ainsi les transformer en prospects ou potentiels acheteurs<\/strong>. Vous pourrez ensuite les recontacter par mail et faire un suivi coh\u00e9rent. Du simple formulaire de contact, au t\u00e9l\u00e9chargement d\u2019un livre blanc, de votre grille tarifaire ou encore \u00e0 la participation \u00e0 un jeu concours, <strong>beaucoup de techniques existent pour faire passer \u00e0 l\u2019action vos visiteurs<\/strong>. Votre strat\u00e9gie d\u00e9pendra de votre secteur d\u2019activit\u00e9, de votre service ou produit et \u00e9videmment du profil de vos visiteurs. N\u00e9anmoins, les outils peuvent \u00eatre utiliser en rapport avec votre strat\u00e9gie webmarketing.<\/p>\n<p>Vous pouvez par exemple cr\u00e9er des landing page (Pages d\u2019atterrissage ou page sp\u00e9cialement faites pour un profil d\u2019utilisateur), des pop-ups (fen\u00eatres qui s\u2019ouvrent \u00e0 un certain moment et se superposent \u00e0 votre page), des formulaires\u2026<\/p>\n<h2>Cr\u00e9er des formulaires et pop-ups<\/h2>\n<p><strong><em><a href=\"https:\/\/www.google.fr\/intl\/fr\/forms\/about\/\" target=\"_blank\" rel=\"noopener\">Google Form<\/a><\/em><\/strong> peut \u00eatre une option pour simplement faire un <strong>formulaire<\/strong> ou une <strong>enqu\u00eate<\/strong> et avoir une base de donn\u00e9es sur Google sheet. <a href=\"https:\/\/wisepops.com?lmref=Xl_bjA\" target=\"_blank\" rel=\"noopener\"><em><strong>Wisepops<\/strong> <\/em><\/a>permet de cr\u00e9er des <strong>pop-up design<\/strong> et m\u00eame faire de l\u2019<strong>A\/B testing<\/strong> c\u2019est \u00e0 dire de tester deux pop-ups en m\u00eame temps en dirigeant automatiquement une partie des utilisateurs sur l\u2019un et l\u2019autre partie sur le second. Ainsi il est possible de <strong>savoir quel pop-up est le plus efficace et ainsi s\u2019am\u00e9liorer en continue<\/strong>. Une alternative \u00e0 Wisepops est <em><strong><a href=\"https:\/\/appsumo.8odi.net\/veJE3\" target=\"_blank\" rel=\"noopener\">Sumo<\/a><\/strong><\/em> qui permet aussi de <strong>cr\u00e9er des formulaires<\/strong> pour r\u00e9cup\u00e9rer les mails clients.<\/p>\n<p>&nbsp;<\/p>\n<p>Qu&#8217;est-ce que WisePops ? :<\/p>\n<p><iframe loading=\"lazy\" title=\"YouTube video player\" src=\"https:\/\/www.youtube.com\/embed\/cUBDHcrt8zg\" width=\"560\" height=\"315\" frameborder=\"0\" allowfullscreen=\"allowfullscreen\"><\/iframe><\/p>\n<p>&nbsp;<\/p>\n<p><em><strong><a href=\"https:\/\/www.jotform.com\/?utm_source=romainlevy&amp;utm_campaign=jf1&amp;utm_medium=blog\" target=\"_blank\" rel=\"noopener\">Jotform<\/a><\/strong><\/em> est un autre <strong>outil de cr\u00e9ation de formulaire<\/strong> dont la page d\u2019accueil ne m\u2019avait pas plu au d\u00e9part. Mais lorsque j\u2019ai vu que <strong>Facebook live l\u2019avait utilis\u00e9 lors d\u2019un live de Barack Obama<\/strong> et l\u2019histoire de l\u2019\u00e9quipe, le chemin parcouru, je me suis dit que \u00e7a valait le d\u00e9tour ! D\u2019autant plus qu\u2019il y a des <strong>fonctionnalit\u00e9s suppl\u00e9mentaires<\/strong> (gestion d\u2019activit\u00e9 en mode tableau d\u2019\u00e9quipe, cr\u00e9ateur de PDF\u2026etc\u2026). Je ne l\u2019ai pas encore utilis\u00e9, donc si vous avez des retours, je suis preneur !<\/p>\n<p>JotForm en 2 minutes :<\/p>\n<p><iframe loading=\"lazy\" title=\"YouTube video player\" src=\"https:\/\/www.youtube.com\/embed\/UoVGcjRaoiM\" width=\"560\" height=\"315\" frameborder=\"0\" allowfullscreen=\"allowfullscreen\"><\/iframe><\/p>\n<p>&nbsp;<\/p>\n<h2>Landing page ou page d&#8217;atterrissage et mails<\/h2>\n<p><em><strong><a href=\"https:\/\/convertkit.com\" target=\"_blank\" rel=\"noopener\">ConvertKit<\/a><\/strong><\/em> permet de faire des <strong>Landing Page<\/strong> et m\u00eame <strong>d\u2019automatiser ensuite les mails<\/strong> qui seront envoy\u00e9s. C\u2019est id\u00e9al lorsqu\u2019on souhaite mettre en place <strong>un vrai tunnel de conversion clients<\/strong>. ConvertKit offre aussi la possibilit\u00e9 de mettre en place des <strong>formulaires<\/strong> et m\u00eame des <strong>moyens de paiements<\/strong> pour vendre des ebooks, des heures de coaching, de la musique, des photos\u2026 entre autres choses !<\/p>\n<h2>Des pages connect\u00e9s aux publicit\u00e9s et A\/B testing<\/h2>\n<p>Enfin, <em><strong><a href=\"https:\/\/unbounce.grsm.io\/romainlevy2410\" target=\"_blank\" rel=\"noopener\">Unbounce<\/a><\/strong><\/em> ( <a href=\"https:\/\/unbounce.grsm.io\/romainlevy2410-21offer\" target=\"_blank\" rel=\"noopener\">Une offre promotionnelle est en cours pour Unbounce en suivant ce lien<\/a>) est un outil premium de cr\u00e9ation de pop-up et surtout de <strong>landing Page optimis\u00e9es<\/strong>. Unbounce permet d\u2019<strong>analyser de mani\u00e8re beaucoup plus efficace chaque conversion<\/strong> en \u00e9tant connect\u00e9 aux diff\u00e9rents <strong>outils de publicit\u00e9s<\/strong>. Avec Unbounce vous pouvez ainsi faire de l\u2019<strong>A\/B testing<\/strong>, amener des <strong>flux de visiteurs parfaitement cibl\u00e9<\/strong> sur vos pages internet. Et donc <strong>optimiser chacune de vos conversions<\/strong> en r\u00e9cup\u00e9rant les mails et coordonn\u00e9es de vos prospects. Ainsi, en maitrisant le flux de visiteurs, en les amenant sur la bonne page avec la bonne offre vous pourrez <strong>optimiser vos d\u00e9penses en publicit\u00e9 et vos conversions clients.<\/strong><\/p>\n<p style=\"text-align: right;\"><a href=\"https:\/\/www.romainlevy.com\/boites-a-outils\/webmarketing-convertir-vos-prospects-en-clients-via-les-outils-de-mailing\/\">Suivant<\/a><\/p>\n<p style=\"text-align: right;\"><a href=\"https:\/\/www.romainlevy.com\/fr_fr\/boites-a-outils\/webmarketing-convertir-vos-prospects-en-clients-via-les-outils-de-mailing\/\"><img loading=\"lazy\" decoding=\"async\" class=\"alignnone wp-image-2791 size-full\" src=\"https:\/\/www.romainlevy.com\/wp-content\/uploads\/2021\/01\/7.png\" alt=\"Top outils webmarketing Conversion Outils de mailing\" width=\"300\" height=\"300\" srcset=\"http:\/\/www.romainlevy.com\/wp-content\/uploads\/2021\/01\/7.png 300w, http:\/\/www.romainlevy.com\/wp-content\/uploads\/2021\/01\/7-150x150.png 150w, http:\/\/www.romainlevy.com\/wp-content\/uploads\/2021\/01\/7-12x12.png 12w\" sizes=\"auto, (max-width: 300px) 100vw, 300px\" \/><\/a><\/p>\n\n\t\t<\/div>\n\t<\/div>\n<\/div><\/div><\/div><div class=\"wpb_column vc_column_container vc_col-sm-1\/5\"><div class=\"vc_column-inner \"><div class=\"wpb_wrapper\">\n\t<div class=\"wpb_text_column wpb_content_element\" >\n\t\t<div class=\"wpb_wrapper\">\n\t\t\t<p>Mes autres bo\u00eetes \u00e0 outils<\/p>\n<p><a href=\"https:\/\/www.romainlevy.com\/fr_fr\/boites-a-outils\/les-outils-growth-hacking-pour-automatiser-les-taches\/\"><img loading=\"lazy\" decoding=\"async\" class=\"alignnone wp-image-2792 size-full\" src=\"https:\/\/www.romainlevy.com\/wp-content\/uploads\/2021\/01\/8.png\" alt=\"Top outils Growth Hacking Les bases Automatiser les t\u00e2ches\" width=\"300\" height=\"300\" srcset=\"http:\/\/www.romainlevy.com\/wp-content\/uploads\/2021\/01\/8.png 300w, http:\/\/www.romainlevy.com\/wp-content\/uploads\/2021\/01\/8-150x150.png 150w, http:\/\/www.romainlevy.com\/wp-content\/uploads\/2021\/01\/8-12x12.png 12w\" sizes=\"auto, (max-width: 300px) 100vw, 300px\" \/><\/a><\/p>\n<p><a href=\"https:\/\/www.romainlevy.com\/fr_fr\/boites-a-outils\/les-outils-growth-hacking-pour-les-reseaux-sociaux\/\"><img loading=\"lazy\" decoding=\"async\" class=\"alignnone wp-image-2793 size-full\" src=\"https:\/\/www.romainlevy.com\/wp-content\/uploads\/2021\/01\/91.png\" alt=\"Top outils Growth Hacking Les bases pour les r\u00e9seaux-sociaux\" width=\"300\" height=\"300\" srcset=\"http:\/\/www.romainlevy.com\/wp-content\/uploads\/2021\/01\/91.png 300w, http:\/\/www.romainlevy.com\/wp-content\/uploads\/2021\/01\/91-150x150.png 150w, http:\/\/www.romainlevy.com\/wp-content\/uploads\/2021\/01\/91-12x12.png 12w\" sizes=\"auto, (max-width: 300px) 100vw, 300px\" \/><\/a><\/p>\n<p><a href=\"https:\/\/www.romainlevy.com\/fr_fr\/boites-a-outils\/les-outils-growth-hacking-pour-scrapper\/\"><img loading=\"lazy\" decoding=\"async\" class=\"alignnone wp-image-2794 size-full\" src=\"https:\/\/www.romainlevy.com\/wp-content\/uploads\/2021\/01\/11.png\" alt=\"\" width=\"300\" height=\"300\" srcset=\"http:\/\/www.romainlevy.com\/wp-content\/uploads\/2021\/01\/11.png 300w, http:\/\/www.romainlevy.com\/wp-content\/uploads\/2021\/01\/11-150x150.png 150w, http:\/\/www.romainlevy.com\/wp-content\/uploads\/2021\/01\/11-12x12.png 12w\" sizes=\"auto, (max-width: 300px) 100vw, 300px\" \/><\/a><\/p>\n<p><a href=\"https:\/\/www.romainlevy.com\/fr_fr\/boites-a-outils\/webmarketing-le-seo-referencement-naturel-les-outils-pour-trouver-des-mots-clefs-et-se-referencer\/\"><img loading=\"lazy\" decoding=\"async\" class=\"alignnone wp-image-2786 size-full\" src=\"https:\/\/www.romainlevy.com\/wp-content\/uploads\/2021\/01\/21.png\" alt=\"Top outils webmarketing SEO Trouver des mots clefs\" width=\"300\" height=\"300\" srcset=\"http:\/\/www.romainlevy.com\/wp-content\/uploads\/2021\/01\/21.png 300w, http:\/\/www.romainlevy.com\/wp-content\/uploads\/2021\/01\/21-150x150.png 150w, http:\/\/www.romainlevy.com\/wp-content\/uploads\/2021\/01\/21-12x12.png 12w\" sizes=\"auto, (max-width: 300px) 100vw, 300px\" \/><\/a><\/p>\n<p><a href=\"https:\/\/www.romainlevy.com\/fr_fr\/boites-a-outils\/webmarketing-seo-referencement-naturel-les-outils-pour-analyser-son-site-et-progresser\/\"><img loading=\"lazy\" decoding=\"async\" class=\"alignnone wp-image-2787 size-full\" src=\"https:\/\/www.romainlevy.com\/wp-content\/uploads\/2021\/01\/31.png\" alt=\"Top outils webmarketing SEO Analyser son site\" width=\"300\" height=\"300\" srcset=\"http:\/\/www.romainlevy.com\/wp-content\/uploads\/2021\/01\/31.png 300w, http:\/\/www.romainlevy.com\/wp-content\/uploads\/2021\/01\/31-150x150.png 150w, http:\/\/www.romainlevy.com\/wp-content\/uploads\/2021\/01\/31-12x12.png 12w\" sizes=\"auto, (max-width: 300px) 100vw, 300px\" \/><\/a><\/p>\n<p><a href=\"https:\/\/www.romainlevy.com\/fr_fr\/boites-a-outils\/webmarketing-seo-referencement-naturel-les-outils-pour-suivre-son-referencement\/\"><img loading=\"lazy\" decoding=\"async\" class=\"alignnone wp-image-2788 size-full\" src=\"https:\/\/www.romainlevy.com\/wp-content\/uploads\/2021\/01\/4.png\" alt=\"Top outils webmarketing SEO suivre son r\u00e9f\u00e9rencement\" width=\"300\" height=\"300\" srcset=\"http:\/\/www.romainlevy.com\/wp-content\/uploads\/2021\/01\/4.png 300w, http:\/\/www.romainlevy.com\/wp-content\/uploads\/2021\/01\/4-150x150.png 150w, http:\/\/www.romainlevy.com\/wp-content\/uploads\/2021\/01\/4-12x12.png 12w\" sizes=\"auto, (max-width: 300px) 100vw, 300px\" \/><\/a><\/p>\n<p><a href=\"https:\/\/www.romainlevy.com\/fr_fr\/boites-a-outils\/webmarketing-les-outils-pour-developper-son-audience-et-ses-backlinks\/\"><img loading=\"lazy\" decoding=\"async\" class=\"alignnone wp-image-2789 size-full\" src=\"https:\/\/www.romainlevy.com\/wp-content\/uploads\/2021\/01\/5.png\" alt=\"Top outils webmarketing SEO d\u00e9velopper son audience\" width=\"300\" height=\"300\" srcset=\"http:\/\/www.romainlevy.com\/wp-content\/uploads\/2021\/01\/5.png 300w, http:\/\/www.romainlevy.com\/wp-content\/uploads\/2021\/01\/5-150x150.png 150w, http:\/\/www.romainlevy.com\/wp-content\/uploads\/2021\/01\/5-12x12.png 12w\" sizes=\"auto, (max-width: 300px) 100vw, 300px\" \/><\/a><\/p>\n<p><a href=\"https:\/\/www.romainlevy.com\/fr_fr\/boites-a-outils\/webmarketing-convertir-vos-prospects-en-clients-via-les-outils-de-mailing\/\"><img loading=\"lazy\" decoding=\"async\" class=\"alignnone wp-image-2791 size-full\" src=\"https:\/\/www.romainlevy.com\/wp-content\/uploads\/2021\/01\/7.png\" alt=\"Top outils webmarketing Conversion Outils de mailing\" width=\"300\" height=\"300\" srcset=\"http:\/\/www.romainlevy.com\/wp-content\/uploads\/2021\/01\/7.png 300w, http:\/\/www.romainlevy.com\/wp-content\/uploads\/2021\/01\/7-150x150.png 150w, http:\/\/www.romainlevy.com\/wp-content\/uploads\/2021\/01\/7-12x12.png 12w\" sizes=\"auto, (max-width: 300px) 100vw, 300px\" \/><\/a><\/p>\n\n\t\t<\/div>\n\t<\/div>\n<\/div><\/div><\/div><\/div>\n<\/div>","protected":false},"excerpt":{"rendered":"<p>[vc_row][vc_column width=\"4\/5\"][vc_single_image source=\"featured_image\" img_size=\"large\" alignment=\"center\"][vc_column_text]Une fois que vous aurez r\u00e9ussi \u00e0 amener des visiteurs sur votre site (Voir les outils pour d\u00e9velopper son audience et ses backlinks), il serait dommage qu\u2019ils partent sans que vous puissiez vous rappeler \u00e0 eux.<\/p>\n","protected":false},"author":1,"featured_media":2790,"parent":1005,"menu_order":0,"comment_status":"closed","ping_status":"closed","template":"","meta":{"content-type":"","footnotes":""},"class_list":["post-2819","page","type-page","status-publish","has-post-thumbnail","hentry"],"yoast_head":"<!-- This site is optimized with the Yoast SEO plugin v27.3 - https:\/\/yoast.com\/product\/yoast-seo-wordpress\/ -->\n<title>Webmarketing, les outils pour recevoir les coordonn\u00e9es de vos prospects - Romain L\u00e9vy<\/title>\n<meta name=\"robots\" content=\"index, follow, max-snippet:-1, max-image-preview:large, max-video-preview:-1\" \/>\n<link rel=\"canonical\" href=\"https:\/\/www.romainlevy.com\/fr\/boites-a-outils\/webmarketing-les-outils-pour-recevoir-les-coordonnees-de-vos-prospects\/\" \/>\n<meta property=\"og:locale\" content=\"fr_FR\" \/>\n<meta property=\"og:type\" content=\"article\" \/>\n<meta property=\"og:title\" content=\"Webmarketing, les outils pour recevoir les coordonn\u00e9es de vos prospects - Romain L\u00e9vy\" \/>\n<meta property=\"og:description\" content=\"Une fois que vous aurez r\u00e9ussi \u00e0 amener des visiteurs sur votre site (Voir les outils pour d\u00e9velopper son audience et ses backlinks), il serait dommage qu\u2019ils partent sans que vous puissiez vous rappeler \u00e0 eux.\" \/>\n<meta property=\"og:url\" content=\"https:\/\/www.romainlevy.com\/fr\/boites-a-outils\/webmarketing-les-outils-pour-recevoir-les-coordonnees-de-vos-prospects\/\" \/>\n<meta property=\"og:site_name\" content=\"Romain L\u00e9vy\" \/>\n<meta property=\"article:modified_time\" content=\"2021-04-23T17:39:49+00:00\" \/>\n<meta property=\"og:image\" content=\"https:\/\/www.romainlevy.com\/wp-content\/uploads\/2021\/01\/6.png\" \/>\n\t<meta property=\"og:image:width\" content=\"300\" \/>\n\t<meta property=\"og:image:height\" content=\"300\" \/>\n\t<meta property=\"og:image:type\" content=\"image\/png\" \/>\n<meta name=\"twitter:card\" content=\"summary_large_image\" \/>\n<meta name=\"twitter:label1\" content=\"Dur\u00e9e de lecture estim\u00e9e\" \/>\n\t<meta name=\"twitter:data1\" content=\"5 minutes\" \/>\n<script type=\"application\/ld+json\" class=\"yoast-schema-graph\">{\"@context\":\"https:\\\/\\\/schema.org\",\"@graph\":[{\"@type\":\"WebPage\",\"@id\":\"https:\\\/\\\/www.romainlevy.com\\\/fr\\\/boites-a-outils\\\/webmarketing-les-outils-pour-recevoir-les-coordonnees-de-vos-prospects\\\/\",\"url\":\"https:\\\/\\\/www.romainlevy.com\\\/fr\\\/boites-a-outils\\\/webmarketing-les-outils-pour-recevoir-les-coordonnees-de-vos-prospects\\\/\",\"name\":\"Webmarketing, les outils pour recevoir les coordonn\u00e9es de vos prospects - Romain L\u00e9vy\",\"isPartOf\":{\"@id\":\"https:\\\/\\\/www.romainlevy.com\\\/en\\\/#website\"},\"primaryImageOfPage\":{\"@id\":\"https:\\\/\\\/www.romainlevy.com\\\/fr\\\/boites-a-outils\\\/webmarketing-les-outils-pour-recevoir-les-coordonnees-de-vos-prospects\\\/#primaryimage\"},\"image\":{\"@id\":\"https:\\\/\\\/www.romainlevy.com\\\/fr\\\/boites-a-outils\\\/webmarketing-les-outils-pour-recevoir-les-coordonnees-de-vos-prospects\\\/#primaryimage\"},\"thumbnailUrl\":\"http:\\\/\\\/www.romainlevy.com\\\/wp-content\\\/uploads\\\/2021\\\/01\\\/6.png\",\"datePublished\":\"2021-01-17T10:29:53+00:00\",\"dateModified\":\"2021-04-23T17:39:49+00:00\",\"breadcrumb\":{\"@id\":\"https:\\\/\\\/www.romainlevy.com\\\/fr\\\/boites-a-outils\\\/webmarketing-les-outils-pour-recevoir-les-coordonnees-de-vos-prospects\\\/#breadcrumb\"},\"inLanguage\":\"fr-FR\",\"potentialAction\":[{\"@type\":\"ReadAction\",\"target\":[\"https:\\\/\\\/www.romainlevy.com\\\/fr\\\/boites-a-outils\\\/webmarketing-les-outils-pour-recevoir-les-coordonnees-de-vos-prospects\\\/\"]}]},{\"@type\":\"ImageObject\",\"inLanguage\":\"fr-FR\",\"@id\":\"https:\\\/\\\/www.romainlevy.com\\\/fr\\\/boites-a-outils\\\/webmarketing-les-outils-pour-recevoir-les-coordonnees-de-vos-prospects\\\/#primaryimage\",\"url\":\"http:\\\/\\\/www.romainlevy.com\\\/wp-content\\\/uploads\\\/2021\\\/01\\\/6.png\",\"contentUrl\":\"http:\\\/\\\/www.romainlevy.com\\\/wp-content\\\/uploads\\\/2021\\\/01\\\/6.png\",\"width\":300,\"height\":300,\"caption\":\"Top outils webmarketing Conversion Faciliter les contacts\"},{\"@type\":\"BreadcrumbList\",\"@id\":\"https:\\\/\\\/www.romainlevy.com\\\/fr\\\/boites-a-outils\\\/webmarketing-les-outils-pour-recevoir-les-coordonnees-de-vos-prospects\\\/#breadcrumb\",\"itemListElement\":[{\"@type\":\"ListItem\",\"position\":1,\"name\":\"Accueil\",\"item\":\"https:\\\/\\\/www.romainlevy.com\\\/en\\\/\"},{\"@type\":\"ListItem\",\"position\":2,\"name\":\"Mes boites \u00e0 outils\",\"item\":\"https:\\\/\\\/www.romainlevy.com\\\/en\\\/toolboxes\\\/\"},{\"@type\":\"ListItem\",\"position\":3,\"name\":\"Webmarketing, les outils pour recevoir les coordonn\u00e9es de vos prospects\"}]},{\"@type\":\"WebSite\",\"@id\":\"https:\\\/\\\/www.romainlevy.com\\\/en\\\/#website\",\"url\":\"https:\\\/\\\/www.romainlevy.com\\\/en\\\/\",\"name\":\"Romain L\u00e9vy\",\"description\":\"Et si on m\u00ealait tradition et innovation ?\",\"publisher\":{\"@id\":\"https:\\\/\\\/www.romainlevy.com\\\/en\\\/#\\\/schema\\\/person\\\/9807ad52294f0c8cffef60a461d6448d\"},\"potentialAction\":[{\"@type\":\"SearchAction\",\"target\":{\"@type\":\"EntryPoint\",\"urlTemplate\":\"https:\\\/\\\/www.romainlevy.com\\\/en\\\/?s={search_term_string}\"},\"query-input\":{\"@type\":\"PropertyValueSpecification\",\"valueRequired\":true,\"valueName\":\"search_term_string\"}}],\"inLanguage\":\"fr-FR\"},{\"@type\":[\"Person\",\"Organization\"],\"@id\":\"https:\\\/\\\/www.romainlevy.com\\\/en\\\/#\\\/schema\\\/person\\\/9807ad52294f0c8cffef60a461d6448d\",\"name\":\"romain\",\"image\":{\"@type\":\"ImageObject\",\"inLanguage\":\"fr-FR\",\"@id\":\"https:\\\/\\\/secure.gravatar.com\\\/avatar\\\/f80a54bc71c7566817c772597e25cc425bb2aa7e0b3d5f415b7a1a1a5977d099?s=96&d=mm&r=g\",\"url\":\"https:\\\/\\\/secure.gravatar.com\\\/avatar\\\/f80a54bc71c7566817c772597e25cc425bb2aa7e0b3d5f415b7a1a1a5977d099?s=96&d=mm&r=g\",\"contentUrl\":\"https:\\\/\\\/secure.gravatar.com\\\/avatar\\\/f80a54bc71c7566817c772597e25cc425bb2aa7e0b3d5f415b7a1a1a5977d099?s=96&d=mm&r=g\",\"caption\":\"romain\"},\"logo\":{\"@id\":\"https:\\\/\\\/secure.gravatar.com\\\/avatar\\\/f80a54bc71c7566817c772597e25cc425bb2aa7e0b3d5f415b7a1a1a5977d099?s=96&d=mm&r=g\"}}]}<\/script>\n<!-- \/ Yoast SEO plugin. -->","yoast_head_json":{"title":"Webmarketing, les outils pour recevoir les coordonn\u00e9es de vos prospects - Romain L\u00e9vy","robots":{"index":"index","follow":"follow","max-snippet":"max-snippet:-1","max-image-preview":"max-image-preview:large","max-video-preview":"max-video-preview:-1"},"canonical":"https:\/\/www.romainlevy.com\/fr\/boites-a-outils\/webmarketing-les-outils-pour-recevoir-les-coordonnees-de-vos-prospects\/","og_locale":"fr_FR","og_type":"article","og_title":"Webmarketing, les outils pour recevoir les coordonn\u00e9es de vos prospects - Romain L\u00e9vy","og_description":"Une fois que vous aurez r\u00e9ussi \u00e0 amener des visiteurs sur votre site (Voir les outils pour d\u00e9velopper son audience et ses backlinks), il serait dommage qu\u2019ils partent sans que vous puissiez vous rappeler \u00e0 eux.","og_url":"https:\/\/www.romainlevy.com\/fr\/boites-a-outils\/webmarketing-les-outils-pour-recevoir-les-coordonnees-de-vos-prospects\/","og_site_name":"Romain L\u00e9vy","article_modified_time":"2021-04-23T17:39:49+00:00","og_image":[{"width":300,"height":300,"url":"https:\/\/www.romainlevy.com\/wp-content\/uploads\/2021\/01\/6.png","type":"image\/png"}],"twitter_card":"summary_large_image","twitter_misc":{"Dur\u00e9e de lecture estim\u00e9e":"5 minutes"},"schema":{"@context":"https:\/\/schema.org","@graph":[{"@type":"WebPage","@id":"https:\/\/www.romainlevy.com\/fr\/boites-a-outils\/webmarketing-les-outils-pour-recevoir-les-coordonnees-de-vos-prospects\/","url":"https:\/\/www.romainlevy.com\/fr\/boites-a-outils\/webmarketing-les-outils-pour-recevoir-les-coordonnees-de-vos-prospects\/","name":"Webmarketing, les outils pour recevoir les coordonn\u00e9es de vos prospects - Romain L\u00e9vy","isPartOf":{"@id":"https:\/\/www.romainlevy.com\/en\/#website"},"primaryImageOfPage":{"@id":"https:\/\/www.romainlevy.com\/fr\/boites-a-outils\/webmarketing-les-outils-pour-recevoir-les-coordonnees-de-vos-prospects\/#primaryimage"},"image":{"@id":"https:\/\/www.romainlevy.com\/fr\/boites-a-outils\/webmarketing-les-outils-pour-recevoir-les-coordonnees-de-vos-prospects\/#primaryimage"},"thumbnailUrl":"http:\/\/www.romainlevy.com\/wp-content\/uploads\/2021\/01\/6.png","datePublished":"2021-01-17T10:29:53+00:00","dateModified":"2021-04-23T17:39:49+00:00","breadcrumb":{"@id":"https:\/\/www.romainlevy.com\/fr\/boites-a-outils\/webmarketing-les-outils-pour-recevoir-les-coordonnees-de-vos-prospects\/#breadcrumb"},"inLanguage":"fr-FR","potentialAction":[{"@type":"ReadAction","target":["https:\/\/www.romainlevy.com\/fr\/boites-a-outils\/webmarketing-les-outils-pour-recevoir-les-coordonnees-de-vos-prospects\/"]}]},{"@type":"ImageObject","inLanguage":"fr-FR","@id":"https:\/\/www.romainlevy.com\/fr\/boites-a-outils\/webmarketing-les-outils-pour-recevoir-les-coordonnees-de-vos-prospects\/#primaryimage","url":"http:\/\/www.romainlevy.com\/wp-content\/uploads\/2021\/01\/6.png","contentUrl":"http:\/\/www.romainlevy.com\/wp-content\/uploads\/2021\/01\/6.png","width":300,"height":300,"caption":"Top outils webmarketing Conversion Faciliter les contacts"},{"@type":"BreadcrumbList","@id":"https:\/\/www.romainlevy.com\/fr\/boites-a-outils\/webmarketing-les-outils-pour-recevoir-les-coordonnees-de-vos-prospects\/#breadcrumb","itemListElement":[{"@type":"ListItem","position":1,"name":"Accueil","item":"https:\/\/www.romainlevy.com\/en\/"},{"@type":"ListItem","position":2,"name":"Mes boites \u00e0 outils","item":"https:\/\/www.romainlevy.com\/en\/toolboxes\/"},{"@type":"ListItem","position":3,"name":"Webmarketing, les outils pour recevoir les coordonn\u00e9es de vos prospects"}]},{"@type":"WebSite","@id":"https:\/\/www.romainlevy.com\/en\/#website","url":"https:\/\/www.romainlevy.com\/en\/","name":"Romain L\u00e9vy","description":"Et si on m\u00ealait tradition et innovation ?","publisher":{"@id":"https:\/\/www.romainlevy.com\/en\/#\/schema\/person\/9807ad52294f0c8cffef60a461d6448d"},"potentialAction":[{"@type":"SearchAction","target":{"@type":"EntryPoint","urlTemplate":"https:\/\/www.romainlevy.com\/en\/?s={search_term_string}"},"query-input":{"@type":"PropertyValueSpecification","valueRequired":true,"valueName":"search_term_string"}}],"inLanguage":"fr-FR"},{"@type":["Person","Organization"],"@id":"https:\/\/www.romainlevy.com\/en\/#\/schema\/person\/9807ad52294f0c8cffef60a461d6448d","name":"romain","image":{"@type":"ImageObject","inLanguage":"fr-FR","@id":"https:\/\/secure.gravatar.com\/avatar\/f80a54bc71c7566817c772597e25cc425bb2aa7e0b3d5f415b7a1a1a5977d099?s=96&d=mm&r=g","url":"https:\/\/secure.gravatar.com\/avatar\/f80a54bc71c7566817c772597e25cc425bb2aa7e0b3d5f415b7a1a1a5977d099?s=96&d=mm&r=g","contentUrl":"https:\/\/secure.gravatar.com\/avatar\/f80a54bc71c7566817c772597e25cc425bb2aa7e0b3d5f415b7a1a1a5977d099?s=96&d=mm&r=g","caption":"romain"},"logo":{"@id":"https:\/\/secure.gravatar.com\/avatar\/f80a54bc71c7566817c772597e25cc425bb2aa7e0b3d5f415b7a1a1a5977d099?s=96&d=mm&r=g"}}]}},"_links":{"self":[{"href":"http:\/\/www.romainlevy.com\/fr\/wp-json\/wp\/v2\/pages\/2819","targetHints":{"allow":["GET"]}}],"collection":[{"href":"http:\/\/www.romainlevy.com\/fr\/wp-json\/wp\/v2\/pages"}],"about":[{"href":"http:\/\/www.romainlevy.com\/fr\/wp-json\/wp\/v2\/types\/page"}],"author":[{"embeddable":true,"href":"http:\/\/www.romainlevy.com\/fr\/wp-json\/wp\/v2\/users\/1"}],"replies":[{"embeddable":true,"href":"http:\/\/www.romainlevy.com\/fr\/wp-json\/wp\/v2\/comments?post=2819"}],"version-history":[{"count":5,"href":"http:\/\/www.romainlevy.com\/fr\/wp-json\/wp\/v2\/pages\/2819\/revisions"}],"predecessor-version":[{"id":2961,"href":"http:\/\/www.romainlevy.com\/fr\/wp-json\/wp\/v2\/pages\/2819\/revisions\/2961"}],"up":[{"embeddable":true,"href":"http:\/\/www.romainlevy.com\/fr\/wp-json\/wp\/v2\/pages\/1005"}],"wp:featuredmedia":[{"embeddable":true,"href":"http:\/\/www.romainlevy.com\/fr\/wp-json\/wp\/v2\/media\/2790"}],"wp:attachment":[{"href":"http:\/\/www.romainlevy.com\/fr\/wp-json\/wp\/v2\/media?parent=2819"}],"curies":[{"name":"wp","href":"https:\/\/api.w.org\/{rel}","templated":true}]}}