{"id":2821,"date":"2021-01-17T11:42:14","date_gmt":"2021-01-17T10:42:14","guid":{"rendered":"https:\/\/www.romainlevy.com\/?page_id=2821"},"modified":"2021-04-23T19:52:37","modified_gmt":"2021-04-23T17:52:37","slug":"webmarketing-convertir-vos-prospects-en-clients-via-les-outils-de-mailing","status":"publish","type":"page","link":"http:\/\/www.romainlevy.com\/fr\/boites-a-outils\/webmarketing-convertir-vos-prospects-en-clients-via-les-outils-de-mailing\/","title":{"rendered":"Webmarketing, convertir vos prospects en clients via les outils de mailing"},"content":{"rendered":"<div class=\"wpb-content-wrapper\"><div class=\"vc_row wpb_row vc_row-fluid\"><div class=\"wpb_column vc_column_container vc_col-sm-4\/5\"><div class=\"vc_column-inner \"><div class=\"wpb_wrapper\">\n\t<div  class=\"wpb_single_image wpb_content_element vc_align_center wpb_content_element\">\n\t\t\n\t\t<figure class=\"wpb_wrapper vc_figure\">\n\t\t\t<div class=\"vc_single_image-wrapper   vc_box_border_grey\"><img loading=\"lazy\" decoding=\"async\" width=\"300\" height=\"300\" src=\"http:\/\/www.romainlevy.com\/wp-content\/uploads\/2021\/01\/7.png\" class=\"vc_single_image-img attachment-large\" alt=\"Top outils webmarketing Conversion Outils de mailing\" title=\"Top outils webmarketing Conversion Outils de mailing\" srcset=\"http:\/\/www.romainlevy.com\/wp-content\/uploads\/2021\/01\/7.png 300w, http:\/\/www.romainlevy.com\/wp-content\/uploads\/2021\/01\/7-150x150.png 150w, http:\/\/www.romainlevy.com\/wp-content\/uploads\/2021\/01\/7-12x12.png 12w\" sizes=\"auto, (max-width: 300px) 100vw, 300px\" \/><\/div>\n\t\t<\/figure>\n\t<\/div>\n\n\t<div class=\"wpb_text_column wpb_content_element\" >\n\t\t<div class=\"wpb_wrapper\">\n\t\t\t<p>Lorsque les visiteurs de votre site ou de vos diff\u00e9rentes landing pages vous ont transmis leurs coordonn\u00e9es (Voir <a href=\"https:\/\/www.romainlevy.com\/boites-a-outils\/webmarketing-les-outils-pour-recevoir-les-coordonnees-de-vos-prospects\/\">les outils pour recevoir les coordonn\u00e9es de vos prospects<\/a>), il s\u2019agit de ne pas les oublier. <strong>L\u2019avantage avec le webmarketing c\u2019est de pouvoir g\u00e9rer un nombre important de prospects en un minimum de temps.<\/strong> C\u2019est pourquoi les outils d\u2019e-mailing de masse sont int\u00e9ressants.<\/p>\n<p>Il en existe beaucoup, je vais donc vous indiquer les principaux, ceux qui sont souvent utilis\u00e9s et pr\u00e9conis\u00e9s.<\/p>\n<h2>Les outils pour envoyer des mails en masse<\/h2>\n<p><em><strong><a href=\"http:\/\/eepurl.com\/hngFLX\" target=\"_blank\" rel=\"noopener\">Mailchimp<\/a><\/strong><\/em>, <em><strong><a href=\"https:\/\/www.sendinblue.com\/?tap_a=30591-fb13f0&amp;tap_s=1313758-7cdfa8\" target=\"_blank\" rel=\"noopener\">Sendinblue<\/a><\/strong><\/em>, <em><strong><a href=\"https:\/\/fr.mailjet.com\/\" target=\"_blank\" rel=\"noopener\">Mailjet<\/a><\/strong><\/em>, <em><strong><a href=\"https:\/\/sendgrid.com\/\" target=\"_blank\" rel=\"noopener\">Sendgrid,<\/a><\/strong><\/em>\u00a0<em><strong><a href=\"https:\/\/www.mailerlite.com\/a\/utnu0npbte\" target=\"_blank\" rel=\"noopener\">Mailer Lite<\/a><\/strong><\/em> et <em><strong><a href=\"https:\/\/shareasale.com\/r.cfm?b=1430207&amp;u=2629629&amp;m=92146&amp;urllink=&amp;afftrack=\" target=\"_blank\" rel=\"noopener\">MailPoet<\/a><\/strong><\/em> sont <strong>les six outils de mailing les plus utilis\u00e9s<\/strong> par les startupeurs dans le monde. Ils permettent de cr\u00e9er des <strong>mailings design \u00e0 envoyer \u00e0 des listes d\u2019audience<\/strong> puis de <strong>savoir quels internautes ont ouvert vos mails<\/strong> ou cliqu\u00e9 sur les liens inclus.\u00a0 Certains proposent aussi des <strong>fonctions suppl\u00e9mentaires<\/strong> comme l\u2019<strong>envoi de SMS<\/strong>, la <strong>cr\u00e9ation de landing page<\/strong>, de <strong>pop-up<\/strong> ou encore d\u2019<strong>automatisation<\/strong> d\u2019envoi d\u2019email.<\/p>\n<p>Une d\u00e9mo de Mailchimp :<\/p>\n<p><iframe loading=\"lazy\" title=\"YouTube video player\" src=\"https:\/\/www.youtube.com\/embed\/VusiqhXVhj0\" width=\"560\" height=\"315\" frameborder=\"0\" allowfullscreen=\"allowfullscreen\"><\/iframe><\/p>\n<p>&nbsp;<\/p>\n<h2>Les alternatives pour envoyer des mails \u00e0 sa communaut\u00e9<\/h2>\n<p><em><strong><a href=\"https:\/\/www.sarbacane.com\/#ae621\" target=\"_blank\" rel=\"noopener\">Sarbacane<\/a><\/strong><\/em> se d\u00e9marque en \u00e9tant <strong>Made In France<\/strong> et en permettant, en plus, d\u2019avoir <strong>un Chat pour \u00e9changer automatiquement avec les internautes<\/strong> et donc avoir <strong>plus de chance de les convertir en clients<\/strong>.<\/p>\n<p>Un outil Fran\u00e7ais !!! :<\/p>\n<p><iframe loading=\"lazy\" title=\"YouTube video player\" src=\"https:\/\/www.youtube.com\/embed\/1vryK5jTJQw\" width=\"560\" height=\"315\" frameborder=\"0\" allowfullscreen=\"allowfullscreen\"><\/iframe><\/p>\n<p>&nbsp;<\/p>\n<p><em><strong><a href=\"https:\/\/www.gmass.co\/\" target=\"_blank\" rel=\"noopener\">Gmass<\/a><\/strong><\/em> permet quant-\u00e0-lui d\u2019<strong>utiliser Gmail pour envoyer des mails en masse<\/strong>.<\/p>\n<h2>Pour aller plus loin avec les outils de mailing<\/h2>\n<p>Enfin, <em><strong><a href=\"https:\/\/www.activecampaign.com\/?_r=93CB4343\" target=\"_blank\" rel=\"noopener\">Active Campaign<\/a><\/strong><\/em>, est un outil d\u2019emailing qui pousse encore plus loin l\u2019automatisation en \u00e9tant centr\u00e9 sur la <strong>conversion client<\/strong>.\u00a0 Active Campaign permet donc d\u2019<strong>automatiser les ventes de A \u00e0 Z<\/strong>, on se rapproche du &#8220;growth hacking&#8221; !<\/p>\n<p>Le mieux, pour comprendre, c&#8217;est d&#8217;essayer \ud83d\ude09<\/p>\n<p><iframe loading=\"lazy\" title=\"YouTube video player\" src=\"https:\/\/www.youtube.com\/embed\/MIE3GhtftLo\" width=\"560\" height=\"315\" frameborder=\"0\" allowfullscreen=\"allowfullscreen\"><\/iframe><\/p>\n<p>&nbsp;<\/p>\n<p style=\"text-align: right;\"><a href=\"https:\/\/www.romainlevy.com\/boites-a-outils\/les-outils-growth-hacking-pour-automatiser-les-taches\/\">Suivant<\/a><\/p>\n<p style=\"text-align: right;\"><a href=\"https:\/\/www.romainlevy.com\/fr_fr\/boites-a-outils\/les-outils-growth-hacking-pour-automatiser-les-taches\/\"><img loading=\"lazy\" decoding=\"async\" class=\"alignnone wp-image-2792 size-full\" src=\"https:\/\/www.romainlevy.com\/wp-content\/uploads\/2021\/01\/8.png\" alt=\"Top outils Growth Hacking Les bases Automatiser les t\u00e2ches\" width=\"300\" height=\"300\" srcset=\"http:\/\/www.romainlevy.com\/wp-content\/uploads\/2021\/01\/8.png 300w, http:\/\/www.romainlevy.com\/wp-content\/uploads\/2021\/01\/8-150x150.png 150w, http:\/\/www.romainlevy.com\/wp-content\/uploads\/2021\/01\/8-12x12.png 12w\" sizes=\"auto, (max-width: 300px) 100vw, 300px\" \/><\/a><\/p>\n\n\t\t<\/div>\n\t<\/div>\n<\/div><\/div><\/div><div class=\"wpb_column vc_column_container vc_col-sm-1\/5\"><div class=\"vc_column-inner \"><div class=\"wpb_wrapper\">\n\t<div class=\"wpb_text_column wpb_content_element\" >\n\t\t<div class=\"wpb_wrapper\">\n\t\t\t<p>Mes autres bo\u00eetes \u00e0 outils<\/p>\n<p><a href=\"https:\/\/www.romainlevy.com\/fr_fr\/boites-a-outils\/les-outils-growth-hacking-pour-automatiser-les-taches\/\"><img loading=\"lazy\" decoding=\"async\" class=\"alignnone wp-image-2792 size-full\" src=\"https:\/\/www.romainlevy.com\/wp-content\/uploads\/2021\/01\/8.png\" alt=\"Top outils Growth Hacking Les bases Automatiser les t\u00e2ches\" width=\"300\" height=\"300\" srcset=\"http:\/\/www.romainlevy.com\/wp-content\/uploads\/2021\/01\/8.png 300w, http:\/\/www.romainlevy.com\/wp-content\/uploads\/2021\/01\/8-150x150.png 150w, http:\/\/www.romainlevy.com\/wp-content\/uploads\/2021\/01\/8-12x12.png 12w\" sizes=\"auto, (max-width: 300px) 100vw, 300px\" \/><\/a><\/p>\n<p><a href=\"https:\/\/www.romainlevy.com\/fr_fr\/boites-a-outils\/les-outils-growth-hacking-pour-les-reseaux-sociaux\/\"><img loading=\"lazy\" decoding=\"async\" class=\"alignnone wp-image-2793 size-full\" src=\"https:\/\/www.romainlevy.com\/wp-content\/uploads\/2021\/01\/91.png\" alt=\"Top outils Growth Hacking Les bases pour les r\u00e9seaux-sociaux\" width=\"300\" height=\"300\" srcset=\"http:\/\/www.romainlevy.com\/wp-content\/uploads\/2021\/01\/91.png 300w, http:\/\/www.romainlevy.com\/wp-content\/uploads\/2021\/01\/91-150x150.png 150w, http:\/\/www.romainlevy.com\/wp-content\/uploads\/2021\/01\/91-12x12.png 12w\" sizes=\"auto, (max-width: 300px) 100vw, 300px\" \/><\/a><\/p>\n<p><a href=\"https:\/\/www.romainlevy.com\/fr_fr\/boites-a-outils\/les-outils-growth-hacking-pour-scrapper\/\"><img loading=\"lazy\" decoding=\"async\" class=\"alignnone wp-image-2794 size-full\" src=\"https:\/\/www.romainlevy.com\/wp-content\/uploads\/2021\/01\/11.png\" alt=\"\" width=\"300\" height=\"300\" srcset=\"http:\/\/www.romainlevy.com\/wp-content\/uploads\/2021\/01\/11.png 300w, http:\/\/www.romainlevy.com\/wp-content\/uploads\/2021\/01\/11-150x150.png 150w, http:\/\/www.romainlevy.com\/wp-content\/uploads\/2021\/01\/11-12x12.png 12w\" sizes=\"auto, (max-width: 300px) 100vw, 300px\" \/><\/a><\/p>\n<p><a href=\"https:\/\/www.romainlevy.com\/fr_fr\/boites-a-outils\/webmarketing-le-seo-referencement-naturel-les-outils-pour-trouver-des-mots-clefs-et-se-referencer\/\"><img loading=\"lazy\" decoding=\"async\" class=\"alignnone wp-image-2786 size-full\" src=\"https:\/\/www.romainlevy.com\/wp-content\/uploads\/2021\/01\/21.png\" alt=\"Top outils webmarketing SEO Trouver des mots clefs\" width=\"300\" height=\"300\" srcset=\"http:\/\/www.romainlevy.com\/wp-content\/uploads\/2021\/01\/21.png 300w, http:\/\/www.romainlevy.com\/wp-content\/uploads\/2021\/01\/21-150x150.png 150w, http:\/\/www.romainlevy.com\/wp-content\/uploads\/2021\/01\/21-12x12.png 12w\" sizes=\"auto, (max-width: 300px) 100vw, 300px\" \/><\/a><\/p>\n<p><a href=\"https:\/\/www.romainlevy.com\/fr_fr\/boites-a-outils\/webmarketing-seo-referencement-naturel-les-outils-pour-analyser-son-site-et-progresser\/\"><img loading=\"lazy\" decoding=\"async\" class=\"alignnone wp-image-2787 size-full\" src=\"https:\/\/www.romainlevy.com\/wp-content\/uploads\/2021\/01\/31.png\" alt=\"Top outils webmarketing SEO Analyser son site\" width=\"300\" height=\"300\" srcset=\"http:\/\/www.romainlevy.com\/wp-content\/uploads\/2021\/01\/31.png 300w, http:\/\/www.romainlevy.com\/wp-content\/uploads\/2021\/01\/31-150x150.png 150w, http:\/\/www.romainlevy.com\/wp-content\/uploads\/2021\/01\/31-12x12.png 12w\" sizes=\"auto, (max-width: 300px) 100vw, 300px\" \/><\/a><\/p>\n<p><a href=\"https:\/\/www.romainlevy.com\/fr_fr\/boites-a-outils\/webmarketing-seo-referencement-naturel-les-outils-pour-suivre-son-referencement\/\"><img loading=\"lazy\" decoding=\"async\" class=\"alignnone wp-image-2788 size-full\" src=\"https:\/\/www.romainlevy.com\/wp-content\/uploads\/2021\/01\/4.png\" alt=\"Top outils webmarketing SEO suivre son r\u00e9f\u00e9rencement\" width=\"300\" height=\"300\" srcset=\"http:\/\/www.romainlevy.com\/wp-content\/uploads\/2021\/01\/4.png 300w, http:\/\/www.romainlevy.com\/wp-content\/uploads\/2021\/01\/4-150x150.png 150w, http:\/\/www.romainlevy.com\/wp-content\/uploads\/2021\/01\/4-12x12.png 12w\" sizes=\"auto, (max-width: 300px) 100vw, 300px\" \/><\/a><\/p>\n<p><a href=\"https:\/\/www.romainlevy.com\/fr_fr\/boites-a-outils\/webmarketing-les-outils-pour-developper-son-audience-et-ses-backlinks\/\"><img loading=\"lazy\" decoding=\"async\" class=\"alignnone wp-image-2789 size-full\" src=\"https:\/\/www.romainlevy.com\/wp-content\/uploads\/2021\/01\/5.png\" alt=\"Top outils webmarketing SEO d\u00e9velopper son audience\" width=\"300\" height=\"300\" srcset=\"http:\/\/www.romainlevy.com\/wp-content\/uploads\/2021\/01\/5.png 300w, http:\/\/www.romainlevy.com\/wp-content\/uploads\/2021\/01\/5-150x150.png 150w, http:\/\/www.romainlevy.com\/wp-content\/uploads\/2021\/01\/5-12x12.png 12w\" sizes=\"auto, (max-width: 300px) 100vw, 300px\" \/><\/a><\/p>\n<p><a href=\"https:\/\/www.romainlevy.com\/fr_fr\/boites-a-outils\/webmarketing-les-outils-pour-recevoir-les-coordonnees-de-vos-prospects\/\"><img loading=\"lazy\" decoding=\"async\" class=\"alignnone wp-image-2790 size-full\" src=\"https:\/\/www.romainlevy.com\/wp-content\/uploads\/2021\/01\/6.png\" alt=\"Top outils webmarketing Conversion Faciliter les contacts\" width=\"300\" height=\"300\" srcset=\"http:\/\/www.romainlevy.com\/wp-content\/uploads\/2021\/01\/6.png 300w, http:\/\/www.romainlevy.com\/wp-content\/uploads\/2021\/01\/6-150x150.png 150w, http:\/\/www.romainlevy.com\/wp-content\/uploads\/2021\/01\/6-12x12.png 12w\" sizes=\"auto, (max-width: 300px) 100vw, 300px\" \/><\/a><\/p>\n\n\t\t<\/div>\n\t<\/div>\n<\/div><\/div><\/div><\/div>\n<\/div>","protected":false},"excerpt":{"rendered":"<p>[vc_row][vc_column width=\"4\/5\"][vc_single_image source=\"featured_image\" img_size=\"large\" alignment=\"center\"][vc_column_text]Lorsque les visiteurs de votre site ou de vos diff\u00e9rentes landing pages vous ont transmis leurs coordonn\u00e9es (Voir les outils pour recevoir les coordonn\u00e9es de vos prospects), il s\u2019agit de ne pas les oublier. L\u2019avantage avec le webmarketing c\u2019est de pouvoir g\u00e9rer un nombre important de prospects en un minimum de temps. C\u2019est pourquoi les outils d\u2019e-mailing de masse sont int\u00e9ressants.<\/p>\n","protected":false},"author":1,"featured_media":2791,"parent":1005,"menu_order":0,"comment_status":"closed","ping_status":"closed","template":"","meta":{"content-type":"","footnotes":""},"class_list":["post-2821","page","type-page","status-publish","has-post-thumbnail","hentry"],"yoast_head":"<!-- This site is optimized with the Yoast SEO plugin v27.3 - https:\/\/yoast.com\/product\/yoast-seo-wordpress\/ -->\n<title>Webmarketing, convertir vos prospects en clients via les outils de mailing - Romain L\u00e9vy<\/title>\n<meta name=\"robots\" content=\"index, follow, max-snippet:-1, max-image-preview:large, max-video-preview:-1\" \/>\n<link rel=\"canonical\" href=\"https:\/\/www.romainlevy.com\/fr\/boites-a-outils\/webmarketing-convertir-vos-prospects-en-clients-via-les-outils-de-mailing\/\" \/>\n<meta property=\"og:locale\" content=\"fr_FR\" \/>\n<meta property=\"og:type\" content=\"article\" \/>\n<meta property=\"og:title\" content=\"Webmarketing, convertir vos prospects en clients via les outils de mailing - Romain L\u00e9vy\" \/>\n<meta property=\"og:description\" content=\"Lorsque les visiteurs de votre site ou de vos diff\u00e9rentes landing pages vous ont transmis leurs coordonn\u00e9es (Voir les outils pour recevoir les coordonn\u00e9es de vos prospects), il s\u2019agit de ne pas les oublier. L\u2019avantage avec le webmarketing c\u2019est de pouvoir g\u00e9rer un nombre important de prospects en un minimum de temps. C\u2019est pourquoi les outils d\u2019e-mailing de masse sont int\u00e9ressants.\" \/>\n<meta property=\"og:url\" content=\"https:\/\/www.romainlevy.com\/fr\/boites-a-outils\/webmarketing-convertir-vos-prospects-en-clients-via-les-outils-de-mailing\/\" \/>\n<meta property=\"og:site_name\" content=\"Romain L\u00e9vy\" \/>\n<meta property=\"article:modified_time\" content=\"2021-04-23T17:52:37+00:00\" \/>\n<meta property=\"og:image\" content=\"https:\/\/www.romainlevy.com\/wp-content\/uploads\/2021\/01\/7.png\" \/>\n\t<meta property=\"og:image:width\" content=\"300\" \/>\n\t<meta property=\"og:image:height\" content=\"300\" \/>\n\t<meta property=\"og:image:type\" content=\"image\/png\" \/>\n<meta name=\"twitter:card\" content=\"summary_large_image\" \/>\n<meta name=\"twitter:label1\" content=\"Dur\u00e9e de lecture estim\u00e9e\" \/>\n\t<meta name=\"twitter:data1\" content=\"4 minutes\" \/>\n<script type=\"application\/ld+json\" class=\"yoast-schema-graph\">{\"@context\":\"https:\\\/\\\/schema.org\",\"@graph\":[{\"@type\":\"WebPage\",\"@id\":\"https:\\\/\\\/www.romainlevy.com\\\/en\\\/toolboxes\\\/webmarketing-convert-your-prospects-into-customers-via-mailing-tools\\\/\",\"url\":\"https:\\\/\\\/www.romainlevy.com\\\/en\\\/toolboxes\\\/webmarketing-convert-your-prospects-into-customers-via-mailing-tools\\\/\",\"name\":\"Webmarketing, convertir vos prospects en clients via les outils de mailing - Romain L\u00e9vy\",\"isPartOf\":{\"@id\":\"https:\\\/\\\/www.romainlevy.com\\\/en\\\/#website\"},\"primaryImageOfPage\":{\"@id\":\"https:\\\/\\\/www.romainlevy.com\\\/en\\\/toolboxes\\\/webmarketing-convert-your-prospects-into-customers-via-mailing-tools\\\/#primaryimage\"},\"image\":{\"@id\":\"https:\\\/\\\/www.romainlevy.com\\\/en\\\/toolboxes\\\/webmarketing-convert-your-prospects-into-customers-via-mailing-tools\\\/#primaryimage\"},\"thumbnailUrl\":\"http:\\\/\\\/www.romainlevy.com\\\/wp-content\\\/uploads\\\/2021\\\/01\\\/7.png\",\"datePublished\":\"2021-01-17T10:42:14+00:00\",\"dateModified\":\"2021-04-23T17:52:37+00:00\",\"breadcrumb\":{\"@id\":\"https:\\\/\\\/www.romainlevy.com\\\/en\\\/toolboxes\\\/webmarketing-convert-your-prospects-into-customers-via-mailing-tools\\\/#breadcrumb\"},\"inLanguage\":\"fr-FR\",\"potentialAction\":[{\"@type\":\"ReadAction\",\"target\":[\"https:\\\/\\\/www.romainlevy.com\\\/en\\\/toolboxes\\\/webmarketing-convert-your-prospects-into-customers-via-mailing-tools\\\/\"]}]},{\"@type\":\"ImageObject\",\"inLanguage\":\"fr-FR\",\"@id\":\"https:\\\/\\\/www.romainlevy.com\\\/en\\\/toolboxes\\\/webmarketing-convert-your-prospects-into-customers-via-mailing-tools\\\/#primaryimage\",\"url\":\"http:\\\/\\\/www.romainlevy.com\\\/wp-content\\\/uploads\\\/2021\\\/01\\\/7.png\",\"contentUrl\":\"http:\\\/\\\/www.romainlevy.com\\\/wp-content\\\/uploads\\\/2021\\\/01\\\/7.png\",\"width\":300,\"height\":300,\"caption\":\"Top outils webmarketing Conversion Outils de mailing\"},{\"@type\":\"BreadcrumbList\",\"@id\":\"https:\\\/\\\/www.romainlevy.com\\\/en\\\/toolboxes\\\/webmarketing-convert-your-prospects-into-customers-via-mailing-tools\\\/#breadcrumb\",\"itemListElement\":[{\"@type\":\"ListItem\",\"position\":1,\"name\":\"Accueil\",\"item\":\"https:\\\/\\\/www.romainlevy.com\\\/en\\\/\"},{\"@type\":\"ListItem\",\"position\":2,\"name\":\"Mes boites \u00e0 outils\",\"item\":\"https:\\\/\\\/www.romainlevy.com\\\/en\\\/toolboxes\\\/\"},{\"@type\":\"ListItem\",\"position\":3,\"name\":\"Webmarketing, convertir vos prospects en clients via les outils de mailing\"}]},{\"@type\":\"WebSite\",\"@id\":\"https:\\\/\\\/www.romainlevy.com\\\/en\\\/#website\",\"url\":\"https:\\\/\\\/www.romainlevy.com\\\/en\\\/\",\"name\":\"Romain L\u00e9vy\",\"description\":\"Et si on m\u00ealait tradition et innovation ?\",\"publisher\":{\"@id\":\"https:\\\/\\\/www.romainlevy.com\\\/en\\\/#\\\/schema\\\/person\\\/9807ad52294f0c8cffef60a461d6448d\"},\"potentialAction\":[{\"@type\":\"SearchAction\",\"target\":{\"@type\":\"EntryPoint\",\"urlTemplate\":\"https:\\\/\\\/www.romainlevy.com\\\/en\\\/?s={search_term_string}\"},\"query-input\":{\"@type\":\"PropertyValueSpecification\",\"valueRequired\":true,\"valueName\":\"search_term_string\"}}],\"inLanguage\":\"fr-FR\"},{\"@type\":[\"Person\",\"Organization\"],\"@id\":\"https:\\\/\\\/www.romainlevy.com\\\/en\\\/#\\\/schema\\\/person\\\/9807ad52294f0c8cffef60a461d6448d\",\"name\":\"romain\",\"image\":{\"@type\":\"ImageObject\",\"inLanguage\":\"fr-FR\",\"@id\":\"https:\\\/\\\/secure.gravatar.com\\\/avatar\\\/f80a54bc71c7566817c772597e25cc425bb2aa7e0b3d5f415b7a1a1a5977d099?s=96&d=mm&r=g\",\"url\":\"https:\\\/\\\/secure.gravatar.com\\\/avatar\\\/f80a54bc71c7566817c772597e25cc425bb2aa7e0b3d5f415b7a1a1a5977d099?s=96&d=mm&r=g\",\"contentUrl\":\"https:\\\/\\\/secure.gravatar.com\\\/avatar\\\/f80a54bc71c7566817c772597e25cc425bb2aa7e0b3d5f415b7a1a1a5977d099?s=96&d=mm&r=g\",\"caption\":\"romain\"},\"logo\":{\"@id\":\"https:\\\/\\\/secure.gravatar.com\\\/avatar\\\/f80a54bc71c7566817c772597e25cc425bb2aa7e0b3d5f415b7a1a1a5977d099?s=96&d=mm&r=g\"}}]}<\/script>\n<!-- \/ Yoast SEO plugin. -->","yoast_head_json":{"title":"Webmarketing, convertir vos prospects en clients via les outils de mailing - Romain L\u00e9vy","robots":{"index":"index","follow":"follow","max-snippet":"max-snippet:-1","max-image-preview":"max-image-preview:large","max-video-preview":"max-video-preview:-1"},"canonical":"https:\/\/www.romainlevy.com\/fr\/boites-a-outils\/webmarketing-convertir-vos-prospects-en-clients-via-les-outils-de-mailing\/","og_locale":"fr_FR","og_type":"article","og_title":"Webmarketing, convertir vos prospects en clients via les outils de mailing - Romain L\u00e9vy","og_description":"Lorsque les visiteurs de votre site ou de vos diff\u00e9rentes landing pages vous ont transmis leurs coordonn\u00e9es (Voir les outils pour recevoir les coordonn\u00e9es de vos prospects), il s\u2019agit de ne pas les oublier. L\u2019avantage avec le webmarketing c\u2019est de pouvoir g\u00e9rer un nombre important de prospects en un minimum de temps. C\u2019est pourquoi les outils d\u2019e-mailing de masse sont int\u00e9ressants.","og_url":"https:\/\/www.romainlevy.com\/fr\/boites-a-outils\/webmarketing-convertir-vos-prospects-en-clients-via-les-outils-de-mailing\/","og_site_name":"Romain L\u00e9vy","article_modified_time":"2021-04-23T17:52:37+00:00","og_image":[{"width":300,"height":300,"url":"https:\/\/www.romainlevy.com\/wp-content\/uploads\/2021\/01\/7.png","type":"image\/png"}],"twitter_card":"summary_large_image","twitter_misc":{"Dur\u00e9e de lecture estim\u00e9e":"4 minutes"},"schema":{"@context":"https:\/\/schema.org","@graph":[{"@type":"WebPage","@id":"https:\/\/www.romainlevy.com\/en\/toolboxes\/webmarketing-convert-your-prospects-into-customers-via-mailing-tools\/","url":"https:\/\/www.romainlevy.com\/en\/toolboxes\/webmarketing-convert-your-prospects-into-customers-via-mailing-tools\/","name":"Webmarketing, convertir vos prospects en clients via les outils de mailing - Romain L\u00e9vy","isPartOf":{"@id":"https:\/\/www.romainlevy.com\/en\/#website"},"primaryImageOfPage":{"@id":"https:\/\/www.romainlevy.com\/en\/toolboxes\/webmarketing-convert-your-prospects-into-customers-via-mailing-tools\/#primaryimage"},"image":{"@id":"https:\/\/www.romainlevy.com\/en\/toolboxes\/webmarketing-convert-your-prospects-into-customers-via-mailing-tools\/#primaryimage"},"thumbnailUrl":"http:\/\/www.romainlevy.com\/wp-content\/uploads\/2021\/01\/7.png","datePublished":"2021-01-17T10:42:14+00:00","dateModified":"2021-04-23T17:52:37+00:00","breadcrumb":{"@id":"https:\/\/www.romainlevy.com\/en\/toolboxes\/webmarketing-convert-your-prospects-into-customers-via-mailing-tools\/#breadcrumb"},"inLanguage":"fr-FR","potentialAction":[{"@type":"ReadAction","target":["https:\/\/www.romainlevy.com\/en\/toolboxes\/webmarketing-convert-your-prospects-into-customers-via-mailing-tools\/"]}]},{"@type":"ImageObject","inLanguage":"fr-FR","@id":"https:\/\/www.romainlevy.com\/en\/toolboxes\/webmarketing-convert-your-prospects-into-customers-via-mailing-tools\/#primaryimage","url":"http:\/\/www.romainlevy.com\/wp-content\/uploads\/2021\/01\/7.png","contentUrl":"http:\/\/www.romainlevy.com\/wp-content\/uploads\/2021\/01\/7.png","width":300,"height":300,"caption":"Top outils webmarketing Conversion Outils de mailing"},{"@type":"BreadcrumbList","@id":"https:\/\/www.romainlevy.com\/en\/toolboxes\/webmarketing-convert-your-prospects-into-customers-via-mailing-tools\/#breadcrumb","itemListElement":[{"@type":"ListItem","position":1,"name":"Accueil","item":"https:\/\/www.romainlevy.com\/en\/"},{"@type":"ListItem","position":2,"name":"Mes boites \u00e0 outils","item":"https:\/\/www.romainlevy.com\/en\/toolboxes\/"},{"@type":"ListItem","position":3,"name":"Webmarketing, convertir vos prospects en clients via les outils de mailing"}]},{"@type":"WebSite","@id":"https:\/\/www.romainlevy.com\/en\/#website","url":"https:\/\/www.romainlevy.com\/en\/","name":"Romain L\u00e9vy","description":"Et si on m\u00ealait tradition et innovation ?","publisher":{"@id":"https:\/\/www.romainlevy.com\/en\/#\/schema\/person\/9807ad52294f0c8cffef60a461d6448d"},"potentialAction":[{"@type":"SearchAction","target":{"@type":"EntryPoint","urlTemplate":"https:\/\/www.romainlevy.com\/en\/?s={search_term_string}"},"query-input":{"@type":"PropertyValueSpecification","valueRequired":true,"valueName":"search_term_string"}}],"inLanguage":"fr-FR"},{"@type":["Person","Organization"],"@id":"https:\/\/www.romainlevy.com\/en\/#\/schema\/person\/9807ad52294f0c8cffef60a461d6448d","name":"romain","image":{"@type":"ImageObject","inLanguage":"fr-FR","@id":"https:\/\/secure.gravatar.com\/avatar\/f80a54bc71c7566817c772597e25cc425bb2aa7e0b3d5f415b7a1a1a5977d099?s=96&d=mm&r=g","url":"https:\/\/secure.gravatar.com\/avatar\/f80a54bc71c7566817c772597e25cc425bb2aa7e0b3d5f415b7a1a1a5977d099?s=96&d=mm&r=g","contentUrl":"https:\/\/secure.gravatar.com\/avatar\/f80a54bc71c7566817c772597e25cc425bb2aa7e0b3d5f415b7a1a1a5977d099?s=96&d=mm&r=g","caption":"romain"},"logo":{"@id":"https:\/\/secure.gravatar.com\/avatar\/f80a54bc71c7566817c772597e25cc425bb2aa7e0b3d5f415b7a1a1a5977d099?s=96&d=mm&r=g"}}]}},"_links":{"self":[{"href":"http:\/\/www.romainlevy.com\/fr\/wp-json\/wp\/v2\/pages\/2821","targetHints":{"allow":["GET"]}}],"collection":[{"href":"http:\/\/www.romainlevy.com\/fr\/wp-json\/wp\/v2\/pages"}],"about":[{"href":"http:\/\/www.romainlevy.com\/fr\/wp-json\/wp\/v2\/types\/page"}],"author":[{"embeddable":true,"href":"http:\/\/www.romainlevy.com\/fr\/wp-json\/wp\/v2\/users\/1"}],"replies":[{"embeddable":true,"href":"http:\/\/www.romainlevy.com\/fr\/wp-json\/wp\/v2\/comments?post=2821"}],"version-history":[{"count":5,"href":"http:\/\/www.romainlevy.com\/fr\/wp-json\/wp\/v2\/pages\/2821\/revisions"}],"predecessor-version":[{"id":2962,"href":"http:\/\/www.romainlevy.com\/fr\/wp-json\/wp\/v2\/pages\/2821\/revisions\/2962"}],"up":[{"embeddable":true,"href":"http:\/\/www.romainlevy.com\/fr\/wp-json\/wp\/v2\/pages\/1005"}],"wp:featuredmedia":[{"embeddable":true,"href":"http:\/\/www.romainlevy.com\/fr\/wp-json\/wp\/v2\/media\/2791"}],"wp:attachment":[{"href":"http:\/\/www.romainlevy.com\/fr\/wp-json\/wp\/v2\/media?parent=2821"}],"curies":[{"name":"wp","href":"https:\/\/api.w.org\/{rel}","templated":true}]}}