{"id":2817,"date":"2021-01-17T11:20:54","date_gmt":"2021-01-17T10:20:54","guid":{"rendered":"https:\/\/www.romainlevy.com\/?page_id=2817"},"modified":"2021-04-23T19:31:00","modified_gmt":"2021-04-23T17:31:00","slug":"webmarketing-les-outils-pour-developper-son-audience-et-ses-backlinks","status":"publish","type":"page","link":"https:\/\/www.romainlevy.com\/en\/toolboxes\/webmarketing-the-tools-to-develop-your-audience-and-your-backlinks\/","title":{"rendered":"Webmarketing, Tools to develop your audience and your Backlinks"},"content":{"rendered":"<div class=\"wpb-content-wrapper\"><div class=\"vc_row wpb_row vc_row-fluid\"><div class=\"wpb_column vc_column_container vc_col-sm-4\/5\"><div class=\"vc_column-inner\"><div class=\"wpb_wrapper\">\n\t<div  class=\"wpb_single_image wpb_content_element vc_align_center wpb_content_element\">\n\t\t\n\t\t<figure class=\"wpb_wrapper vc_figure\">\n\t\t\t<div class=\"vc_single_image-wrapper   vc_box_border_grey\"><img loading=\"lazy\" decoding=\"async\" width=\"300\" height=\"300\" src=\"https:\/\/www.romainlevy.com\/wp-content\/uploads\/2021\/01\/5.png\" class=\"vc_single_image-img attachment-large\" alt=\"Top SEO webmarketing tools to develop your audience\" title=\"Top SEO webmarketing tools to develop your audience\" srcset=\"https:\/\/www.romainlevy.com\/wp-content\/uploads\/2021\/01\/5.png 300w, https:\/\/www.romainlevy.com\/wp-content\/uploads\/2021\/01\/5-150x150.png 150w, https:\/\/www.romainlevy.com\/wp-content\/uploads\/2021\/01\/5-12x12.png 12w\" sizes=\"auto, (max-width: 300px) 100vw, 300px\" \/><\/div>\n\t\t<\/figure>\n\t<\/div>\n\n\t<div class=\"wpb_text_column wpb_content_element\" >\n\t\t<div class=\"wpb_wrapper\">\n\t\t\t<p>We saw it the <strong>Backlinks<\/strong>, or links present on other sites leading to yours, are <strong>considered in SEO <\/strong>(To see <a href=\"https:\/\/www.romainlevy.com\/en\/toolboxes\/webmarketing-seo-natural-referencing-the-tools-to-follow-your-referencing\/\">Tools to track your SEO<\/a>). They allow you to show that some recommend you. It is common knowledge that <strong>Google hunts down irrelevant links and can blacklist sites by abusing<\/strong>. We must therefore remain cautious when buying links leading to our site with the sole objective of increasing our SEO.<\/p>\n<p>However, there are tools and services that allow you to be put in touch with authors, bloggers or journalists, for example. By focusing on the <strong>inbound link building<\/strong> derived from <strong>reliable sources<\/strong> and in relation to your sector of activity then you will be able to have qualified visitors and thus show Google that <strong>these links are legitimate and justified<\/strong>.<\/p>\n<h2>How to get sponsored links?<\/h2>\n<p>For this you can go through <a href=\"https:\/\/affiliate-getfluence.com\/fr\/84e09e65932421b250740a24d7dad030\" target=\"_blank\" rel=\"noopener\"><em><strong>GetFluence<\/strong> <\/em><\/a>and buy some <strong>sponsored articles<\/strong> with some <strong>SEO links<\/strong> or <em><strong><a href=\"https:\/\/www.semjuice.com\/?id_affiliate=1486189497\" target=\"_blank\" rel=\"noopener\">SEM Juice<\/a><\/strong><\/em> (with fun and fruity formulas!). Cocorico, these two solutions are <strong>Made in France<\/strong> !<\/p>\n<p>Precisely, here is a webinar organized by SEM Juice on the subject:<\/p>\n<p><iframe loading=\"lazy\" title=\"YouTube video player\" src=\"https:\/\/www.youtube.com\/embed\/wezU8hxozfk\" width=\"560\" height=\"315\" frameborder=\"0\" allowfullscreen=\"allowfullscreen\"><\/iframe><\/p>\n<p>&nbsp;<\/p>\n<p>Another French solution is <a href=\"https:\/\/www.rocketlinks.com\/fr\/\" target=\"_blank\" rel=\"noopener\"><em><strong>Rocket Links<\/strong> <\/em><\/a>allowing to be <strong>connection with bloggers and press sites<\/strong> to have sponsored articles.<\/p>\n<h2>Have Backlinks without paying<\/h2>\n<p>At last, <a href=\"https:\/\/www.dealerdetemps.com\" target=\"_blank\" rel=\"noopener\"><em><strong>Dealerdetemps<\/strong> <\/em><\/a>allows to&#039;<strong>exchange links for links<\/strong> (or writing time for writing time) in an intelligent way without making direct or even triangular exchanges which would be frowned upon by Google. You can put your blog or your site online and write a sponsored article for someone else. This will bring you points that you can spend by buying a link in <strong>a sponsored article<\/strong> from another website.<\/p>\n<p style=\"text-align: right;\"><a href=\"https:\/\/www.romainlevy.com\/en\/toolboxes\/webmarketing-the-tools-to-receive-the-details-of-your-prospects\/\">following<\/a><\/p>\n<p style=\"text-align: right;\"><a href=\"https:\/\/www.romainlevy.com\/en\/fr_fr\/toolboxes\/webmarketing-the-tools-to-receive-the-details-of-your-prospects\/\"><img loading=\"lazy\" decoding=\"async\" class=\"alignnone wp-image-2790 size-full\" src=\"https:\/\/www.romainlevy.com\/wp-content\/uploads\/2021\/01\/6.png\" alt=\"Top webmarketing tools Conversion Facilitate contacts\" width=\"300\" height=\"300\" srcset=\"https:\/\/www.romainlevy.com\/wp-content\/uploads\/2021\/01\/6.png 300w, https:\/\/www.romainlevy.com\/wp-content\/uploads\/2021\/01\/6-150x150.png 150w, https:\/\/www.romainlevy.com\/wp-content\/uploads\/2021\/01\/6-12x12.png 12w\" sizes=\"auto, (max-width: 300px) 100vw, 300px\" \/><\/a><\/p>\n\n\t\t<\/div>\n\t<\/div>\n<\/div><\/div><\/div><div class=\"wpb_column vc_column_container vc_col-sm-1\/5\"><div class=\"vc_column-inner\"><div class=\"wpb_wrapper\">\n\t<div class=\"wpb_text_column wpb_content_element\" >\n\t\t<div class=\"wpb_wrapper\">\n\t\t\t<p>My other toolboxes<\/p>\n<p><a href=\"https:\/\/www.romainlevy.com\/en\/fr_fr\/toolboxes\/growth-hacking-tools-to-automate-tasks\/\"><img loading=\"lazy\" decoding=\"async\" class=\"alignnone wp-image-2792 size-full\" src=\"https:\/\/www.romainlevy.com\/wp-content\/uploads\/2021\/01\/8.png\" alt=\"Top Growth Hacking Tools The Basics Automating Tasks\" width=\"300\" height=\"300\" srcset=\"https:\/\/www.romainlevy.com\/wp-content\/uploads\/2021\/01\/8.png 300w, https:\/\/www.romainlevy.com\/wp-content\/uploads\/2021\/01\/8-150x150.png 150w, https:\/\/www.romainlevy.com\/wp-content\/uploads\/2021\/01\/8-12x12.png 12w\" sizes=\"auto, (max-width: 300px) 100vw, 300px\" \/><\/a><\/p>\n<p><a href=\"https:\/\/www.romainlevy.com\/en\/fr_fr\/toolboxes\/growth-hacking-tools-for-social-networks\/\"><img loading=\"lazy\" decoding=\"async\" class=\"alignnone wp-image-2793 size-full\" src=\"https:\/\/www.romainlevy.com\/wp-content\/uploads\/2021\/01\/91.png\" alt=\"Top Growth Hacking Tools The Basics for Social Media\" width=\"300\" height=\"300\" srcset=\"https:\/\/www.romainlevy.com\/wp-content\/uploads\/2021\/01\/91.png 300w, https:\/\/www.romainlevy.com\/wp-content\/uploads\/2021\/01\/91-150x150.png 150w, https:\/\/www.romainlevy.com\/wp-content\/uploads\/2021\/01\/91-12x12.png 12w\" sizes=\"auto, (max-width: 300px) 100vw, 300px\" \/><\/a><\/p>\n<p><a href=\"https:\/\/www.romainlevy.com\/en\/fr_fr\/toolboxes\/growth-hacking-tools-for-scrapping\/\"><img loading=\"lazy\" decoding=\"async\" class=\"alignnone wp-image-2794 size-full\" src=\"https:\/\/www.romainlevy.com\/wp-content\/uploads\/2021\/01\/11.png\" alt=\"\" width=\"300\" height=\"300\" srcset=\"https:\/\/www.romainlevy.com\/wp-content\/uploads\/2021\/01\/11.png 300w, https:\/\/www.romainlevy.com\/wp-content\/uploads\/2021\/01\/11-150x150.png 150w, https:\/\/www.romainlevy.com\/wp-content\/uploads\/2021\/01\/11-12x12.png 12w\" sizes=\"auto, (max-width: 300px) 100vw, 300px\" \/><\/a><\/p>\n<p><a href=\"https:\/\/www.romainlevy.com\/en\/fr_fr\/toolboxes\/webmarketing-seo-natural-referencing-tools-for-finding-keywords-and-referencing\/\"><img loading=\"lazy\" decoding=\"async\" class=\"alignnone wp-image-2786 size-full\" src=\"https:\/\/www.romainlevy.com\/wp-content\/uploads\/2021\/01\/21.png\" alt=\"Top SEO webmarketing tools Find keywords\" width=\"300\" height=\"300\" srcset=\"https:\/\/www.romainlevy.com\/wp-content\/uploads\/2021\/01\/21.png 300w, https:\/\/www.romainlevy.com\/wp-content\/uploads\/2021\/01\/21-150x150.png 150w, https:\/\/www.romainlevy.com\/wp-content\/uploads\/2021\/01\/21-12x12.png 12w\" sizes=\"auto, (max-width: 300px) 100vw, 300px\" \/><\/a><\/p>\n<p><a href=\"https:\/\/www.romainlevy.com\/en\/fr_fr\/toolboxes\/webmarketing-seo-natural-referencing-the-tools-to-analyze-your-site-and-progress\/\"><img loading=\"lazy\" decoding=\"async\" class=\"alignnone wp-image-2787 size-full\" src=\"https:\/\/www.romainlevy.com\/wp-content\/uploads\/2021\/01\/31.png\" alt=\"Top SEO webmarketing tools Analyze your site\" width=\"300\" height=\"300\" srcset=\"https:\/\/www.romainlevy.com\/wp-content\/uploads\/2021\/01\/31.png 300w, https:\/\/www.romainlevy.com\/wp-content\/uploads\/2021\/01\/31-150x150.png 150w, https:\/\/www.romainlevy.com\/wp-content\/uploads\/2021\/01\/31-12x12.png 12w\" sizes=\"auto, (max-width: 300px) 100vw, 300px\" \/><\/a><\/p>\n<p><a href=\"https:\/\/www.romainlevy.com\/en\/fr_fr\/toolboxes\/webmarketing-seo-natural-referencing-the-tools-to-follow-your-referencing\/\"><img loading=\"lazy\" decoding=\"async\" class=\"alignnone wp-image-2788 size-full\" src=\"https:\/\/www.romainlevy.com\/wp-content\/uploads\/2021\/01\/4.png\" alt=\"Top SEO webmarketing tools track your SEO\" width=\"300\" height=\"300\" srcset=\"https:\/\/www.romainlevy.com\/wp-content\/uploads\/2021\/01\/4.png 300w, https:\/\/www.romainlevy.com\/wp-content\/uploads\/2021\/01\/4-150x150.png 150w, https:\/\/www.romainlevy.com\/wp-content\/uploads\/2021\/01\/4-12x12.png 12w\" sizes=\"auto, (max-width: 300px) 100vw, 300px\" \/><\/a><\/p>\n<p><a href=\"https:\/\/www.romainlevy.com\/en\/fr_fr\/toolboxes\/webmarketing-the-tools-to-receive-the-details-of-your-prospects\/\"><img loading=\"lazy\" decoding=\"async\" class=\"alignnone wp-image-2790 size-full\" src=\"https:\/\/www.romainlevy.com\/wp-content\/uploads\/2021\/01\/6.png\" alt=\"Top webmarketing tools Conversion Facilitate contacts\" width=\"300\" height=\"300\" srcset=\"https:\/\/www.romainlevy.com\/wp-content\/uploads\/2021\/01\/6.png 300w, https:\/\/www.romainlevy.com\/wp-content\/uploads\/2021\/01\/6-150x150.png 150w, https:\/\/www.romainlevy.com\/wp-content\/uploads\/2021\/01\/6-12x12.png 12w\" sizes=\"auto, (max-width: 300px) 100vw, 300px\" \/><\/a><\/p>\n<p><a href=\"https:\/\/www.romainlevy.com\/en\/fr_fr\/toolboxes\/webmarketing-convert-your-prospects-into-customers-via-mailing-tools\/\"><img loading=\"lazy\" decoding=\"async\" class=\"alignnone wp-image-2791 size-full\" src=\"https:\/\/www.romainlevy.com\/wp-content\/uploads\/2021\/01\/7.png\" alt=\"Top web marketing tools Conversion Mailing tools\" width=\"300\" height=\"300\" srcset=\"https:\/\/www.romainlevy.com\/wp-content\/uploads\/2021\/01\/7.png 300w, https:\/\/www.romainlevy.com\/wp-content\/uploads\/2021\/01\/7-150x150.png 150w, https:\/\/www.romainlevy.com\/wp-content\/uploads\/2021\/01\/7-12x12.png 12w\" sizes=\"auto, (max-width: 300px) 100vw, 300px\" \/><\/a><\/p>\n\n\t\t<\/div>\n\t<\/div>\n<\/div><\/div><\/div><\/div>\n<\/div>","protected":false},"excerpt":{"rendered":"<p>[vc_row][vc_column width=\"4\/5\"][vc_single_image source=\"featured_image\" img_size=\"large\" alignment=\"center\"][vc_column_text]Nous l\u2019avons vu les Backlinks, ou liens pr\u00e9sents sur d\u2019autres sites menant vers le v\u00f4tre, sont pris en compte dans le SEO (Voir Les outils pour suivre son r\u00e9f\u00e9rencement). Ils permettent de montrer que certains vous recommandent. Il est de notori\u00e9t\u00e9 publique que Google fait la chasse aux liens non pertinents et peut blacklister les sites en abusant. Il faut donc rester prudent lorsqu\u2019on ach\u00e8te des liens menant \u00e0 notre site avec comme seul objectif d\u2019augmenter notre SEO.<\/p>\n","protected":false},"author":1,"featured_media":2789,"parent":1005,"menu_order":0,"comment_status":"closed","ping_status":"closed","template":"","meta":{"content-type":"","footnotes":""},"class_list":["post-2817","page","type-page","status-publish","has-post-thumbnail","hentry"],"yoast_head":"<!-- This site is optimized with the Yoast SEO plugin v27.3 - https:\/\/yoast.com\/product\/yoast-seo-wordpress\/ -->\n<title>Webmarketing, Les outils pour d\u00e9velopper son audience et ses Backlinks - Romain L\u00e9vy<\/title>\n<meta name=\"robots\" content=\"index, follow, max-snippet:-1, max-image-preview:large, max-video-preview:-1\" \/>\n<link rel=\"canonical\" href=\"https:\/\/www.romainlevy.com\/en\/toolboxes\/webmarketing-the-tools-to-develop-your-audience-and-your-backlinks\/\" \/>\n<meta property=\"og:locale\" content=\"en_GB\" \/>\n<meta property=\"og:type\" content=\"article\" \/>\n<meta property=\"og:title\" content=\"Webmarketing, Les outils pour d\u00e9velopper son audience et ses Backlinks - Romain L\u00e9vy\" \/>\n<meta property=\"og:description\" content=\"Nous l\u2019avons vu les Backlinks, ou liens pr\u00e9sents sur d\u2019autres sites menant vers le v\u00f4tre, sont pris en compte dans le SEO (Voir Les outils pour suivre son r\u00e9f\u00e9rencement). Ils permettent de montrer que certains vous recommandent. Il est de notori\u00e9t\u00e9 publique que Google fait la chasse aux liens non pertinents et peut blacklister les sites en abusant. Il faut donc rester prudent lorsqu\u2019on ach\u00e8te des liens menant \u00e0 notre site avec comme seul objectif d\u2019augmenter notre SEO.\" \/>\n<meta property=\"og:url\" content=\"https:\/\/www.romainlevy.com\/en\/toolboxes\/webmarketing-the-tools-to-develop-your-audience-and-your-backlinks\/\" \/>\n<meta property=\"og:site_name\" content=\"Romain L\u00e9vy\" \/>\n<meta property=\"article:modified_time\" content=\"2021-04-23T17:31:00+00:00\" \/>\n<meta property=\"og:image\" content=\"https:\/\/www.romainlevy.com\/wp-content\/uploads\/2021\/01\/5.png\" \/>\n\t<meta property=\"og:image:width\" content=\"300\" \/>\n\t<meta property=\"og:image:height\" content=\"300\" \/>\n\t<meta property=\"og:image:type\" content=\"image\/png\" \/>\n<meta name=\"twitter:card\" content=\"summary_large_image\" \/>\n<meta name=\"twitter:label1\" content=\"Estimated reading time\" \/>\n\t<meta name=\"twitter:data1\" content=\"4 minutes\" \/>\n<script type=\"application\/ld+json\" class=\"yoast-schema-graph\">{\"@context\":\"https:\\\/\\\/schema.org\",\"@graph\":[{\"@type\":\"WebPage\",\"@id\":\"https:\\\/\\\/www.romainlevy.com\\\/fr\\\/boites-a-outils\\\/webmarketing-les-outils-pour-developper-son-audience-et-ses-backlinks\\\/\",\"url\":\"https:\\\/\\\/www.romainlevy.com\\\/fr\\\/boites-a-outils\\\/webmarketing-les-outils-pour-developper-son-audience-et-ses-backlinks\\\/\",\"name\":\"Webmarketing, Les outils pour d\u00e9velopper son audience et ses Backlinks - Romain L\u00e9vy\",\"isPartOf\":{\"@id\":\"https:\\\/\\\/www.romainlevy.com\\\/en\\\/#website\"},\"primaryImageOfPage\":{\"@id\":\"https:\\\/\\\/www.romainlevy.com\\\/fr\\\/boites-a-outils\\\/webmarketing-les-outils-pour-developper-son-audience-et-ses-backlinks\\\/#primaryimage\"},\"image\":{\"@id\":\"https:\\\/\\\/www.romainlevy.com\\\/fr\\\/boites-a-outils\\\/webmarketing-les-outils-pour-developper-son-audience-et-ses-backlinks\\\/#primaryimage\"},\"thumbnailUrl\":\"https:\\\/\\\/www.romainlevy.com\\\/wp-content\\\/uploads\\\/2021\\\/01\\\/5.png\",\"datePublished\":\"2021-01-17T10:20:54+00:00\",\"dateModified\":\"2021-04-23T17:31:00+00:00\",\"breadcrumb\":{\"@id\":\"https:\\\/\\\/www.romainlevy.com\\\/fr\\\/boites-a-outils\\\/webmarketing-les-outils-pour-developper-son-audience-et-ses-backlinks\\\/#breadcrumb\"},\"inLanguage\":\"en-GB\",\"potentialAction\":[{\"@type\":\"ReadAction\",\"target\":[\"https:\\\/\\\/www.romainlevy.com\\\/fr\\\/boites-a-outils\\\/webmarketing-les-outils-pour-developper-son-audience-et-ses-backlinks\\\/\"]}]},{\"@type\":\"ImageObject\",\"inLanguage\":\"en-GB\",\"@id\":\"https:\\\/\\\/www.romainlevy.com\\\/fr\\\/boites-a-outils\\\/webmarketing-les-outils-pour-developper-son-audience-et-ses-backlinks\\\/#primaryimage\",\"url\":\"https:\\\/\\\/www.romainlevy.com\\\/wp-content\\\/uploads\\\/2021\\\/01\\\/5.png\",\"contentUrl\":\"https:\\\/\\\/www.romainlevy.com\\\/wp-content\\\/uploads\\\/2021\\\/01\\\/5.png\",\"width\":300,\"height\":300,\"caption\":\"Top outils webmarketing SEO d\u00e9velopper son audience\"},{\"@type\":\"BreadcrumbList\",\"@id\":\"https:\\\/\\\/www.romainlevy.com\\\/fr\\\/boites-a-outils\\\/webmarketing-les-outils-pour-developper-son-audience-et-ses-backlinks\\\/#breadcrumb\",\"itemListElement\":[{\"@type\":\"ListItem\",\"position\":1,\"name\":\"Accueil\",\"item\":\"https:\\\/\\\/www.romainlevy.com\\\/en\\\/\"},{\"@type\":\"ListItem\",\"position\":2,\"name\":\"Mes boites \u00e0 outils\",\"item\":\"https:\\\/\\\/www.romainlevy.com\\\/en\\\/toolboxes\\\/\"},{\"@type\":\"ListItem\",\"position\":3,\"name\":\"Webmarketing, Les outils pour d\u00e9velopper son audience et ses Backlinks\"}]},{\"@type\":\"WebSite\",\"@id\":\"https:\\\/\\\/www.romainlevy.com\\\/en\\\/#website\",\"url\":\"https:\\\/\\\/www.romainlevy.com\\\/en\\\/\",\"name\":\"Romain L\u00e9vy\",\"description\":\"Et si on m\u00ealait tradition et innovation ?\",\"publisher\":{\"@id\":\"https:\\\/\\\/www.romainlevy.com\\\/en\\\/#\\\/schema\\\/person\\\/9807ad52294f0c8cffef60a461d6448d\"},\"potentialAction\":[{\"@type\":\"SearchAction\",\"target\":{\"@type\":\"EntryPoint\",\"urlTemplate\":\"https:\\\/\\\/www.romainlevy.com\\\/en\\\/?s={search_term_string}\"},\"query-input\":{\"@type\":\"PropertyValueSpecification\",\"valueRequired\":true,\"valueName\":\"search_term_string\"}}],\"inLanguage\":\"en-GB\"},{\"@type\":[\"Person\",\"Organization\"],\"@id\":\"https:\\\/\\\/www.romainlevy.com\\\/en\\\/#\\\/schema\\\/person\\\/9807ad52294f0c8cffef60a461d6448d\",\"name\":\"romain\",\"image\":{\"@type\":\"ImageObject\",\"inLanguage\":\"en-GB\",\"@id\":\"https:\\\/\\\/secure.gravatar.com\\\/avatar\\\/f80a54bc71c7566817c772597e25cc425bb2aa7e0b3d5f415b7a1a1a5977d099?s=96&d=mm&r=g\",\"url\":\"https:\\\/\\\/secure.gravatar.com\\\/avatar\\\/f80a54bc71c7566817c772597e25cc425bb2aa7e0b3d5f415b7a1a1a5977d099?s=96&d=mm&r=g\",\"contentUrl\":\"https:\\\/\\\/secure.gravatar.com\\\/avatar\\\/f80a54bc71c7566817c772597e25cc425bb2aa7e0b3d5f415b7a1a1a5977d099?s=96&d=mm&r=g\",\"caption\":\"romain\"},\"logo\":{\"@id\":\"https:\\\/\\\/secure.gravatar.com\\\/avatar\\\/f80a54bc71c7566817c772597e25cc425bb2aa7e0b3d5f415b7a1a1a5977d099?s=96&d=mm&r=g\"}}]}<\/script>\n<!-- \/ Yoast SEO plugin. -->","yoast_head_json":{"title":"Webmarketing, Tools to develop your audience and your Backlinks - Romain L\u00e9vy","robots":{"index":"index","follow":"follow","max-snippet":"max-snippet:-1","max-image-preview":"max-image-preview:large","max-video-preview":"max-video-preview:-1"},"canonical":"https:\/\/www.romainlevy.com\/en\/toolboxes\/webmarketing-the-tools-to-develop-your-audience-and-your-backlinks\/","og_locale":"en_GB","og_type":"article","og_title":"Webmarketing, Les outils pour d\u00e9velopper son audience et ses Backlinks - Romain L\u00e9vy","og_description":"Nous l\u2019avons vu les Backlinks, ou liens pr\u00e9sents sur d\u2019autres sites menant vers le v\u00f4tre, sont pris en compte dans le SEO (Voir Les outils pour suivre son r\u00e9f\u00e9rencement). Ils permettent de montrer que certains vous recommandent. Il est de notori\u00e9t\u00e9 publique que Google fait la chasse aux liens non pertinents et peut blacklister les sites en abusant. Il faut donc rester prudent lorsqu\u2019on ach\u00e8te des liens menant \u00e0 notre site avec comme seul objectif d\u2019augmenter notre SEO.","og_url":"https:\/\/www.romainlevy.com\/en\/toolboxes\/webmarketing-the-tools-to-develop-your-audience-and-your-backlinks\/","og_site_name":"Romain L\u00e9vy","article_modified_time":"2021-04-23T17:31:00+00:00","og_image":[{"width":300,"height":300,"url":"https:\/\/www.romainlevy.com\/wp-content\/uploads\/2021\/01\/5.png","type":"image\/png"}],"twitter_card":"summary_large_image","twitter_misc":{"Estimated reading time":"4 minutes"},"schema":{"@context":"https:\/\/schema.org","@graph":[{"@type":"WebPage","@id":"https:\/\/www.romainlevy.com\/fr\/boites-a-outils\/webmarketing-les-outils-pour-developper-son-audience-et-ses-backlinks\/","url":"https:\/\/www.romainlevy.com\/fr\/boites-a-outils\/webmarketing-les-outils-pour-developper-son-audience-et-ses-backlinks\/","name":"Webmarketing, Tools to develop your audience and your Backlinks - Romain L\u00e9vy","isPartOf":{"@id":"https:\/\/www.romainlevy.com\/en\/#website"},"primaryImageOfPage":{"@id":"https:\/\/www.romainlevy.com\/fr\/boites-a-outils\/webmarketing-les-outils-pour-developper-son-audience-et-ses-backlinks\/#primaryimage"},"image":{"@id":"https:\/\/www.romainlevy.com\/fr\/boites-a-outils\/webmarketing-les-outils-pour-developper-son-audience-et-ses-backlinks\/#primaryimage"},"thumbnailUrl":"https:\/\/www.romainlevy.com\/wp-content\/uploads\/2021\/01\/5.png","datePublished":"2021-01-17T10:20:54+00:00","dateModified":"2021-04-23T17:31:00+00:00","breadcrumb":{"@id":"https:\/\/www.romainlevy.com\/fr\/boites-a-outils\/webmarketing-les-outils-pour-developper-son-audience-et-ses-backlinks\/#breadcrumb"},"inLanguage":"en-GB","potentialAction":[{"@type":"ReadAction","target":["https:\/\/www.romainlevy.com\/fr\/boites-a-outils\/webmarketing-les-outils-pour-developper-son-audience-et-ses-backlinks\/"]}]},{"@type":"ImageObject","inLanguage":"en-GB","@id":"https:\/\/www.romainlevy.com\/fr\/boites-a-outils\/webmarketing-les-outils-pour-developper-son-audience-et-ses-backlinks\/#primaryimage","url":"https:\/\/www.romainlevy.com\/wp-content\/uploads\/2021\/01\/5.png","contentUrl":"https:\/\/www.romainlevy.com\/wp-content\/uploads\/2021\/01\/5.png","width":300,"height":300,"caption":"Top outils webmarketing SEO d\u00e9velopper son audience"},{"@type":"BreadcrumbList","@id":"https:\/\/www.romainlevy.com\/fr\/boites-a-outils\/webmarketing-les-outils-pour-developper-son-audience-et-ses-backlinks\/#breadcrumb","itemListElement":[{"@type":"ListItem","position":1,"name":"Accueil","item":"https:\/\/www.romainlevy.com\/en\/"},{"@type":"ListItem","position":2,"name":"Mes boites \u00e0 outils","item":"https:\/\/www.romainlevy.com\/en\/toolboxes\/"},{"@type":"ListItem","position":3,"name":"Webmarketing, Les outils pour d\u00e9velopper son audience et ses Backlinks"}]},{"@type":"WebSite","@id":"https:\/\/www.romainlevy.com\/en\/#website","url":"https:\/\/www.romainlevy.com\/en\/","name":"Romain Levy","description":"What if we combined tradition and innovation?","publisher":{"@id":"https:\/\/www.romainlevy.com\/en\/#\/schema\/person\/9807ad52294f0c8cffef60a461d6448d"},"potentialAction":[{"@type":"SearchAction","target":{"@type":"EntryPoint","urlTemplate":"https:\/\/www.romainlevy.com\/en\/?s={search_term_string}"},"query-input":{"@type":"PropertyValueSpecification","valueRequired":true,"valueName":"search_term_string"}}],"inLanguage":"en-GB"},{"@type":["Person","Organization"],"@id":"https:\/\/www.romainlevy.com\/en\/#\/schema\/person\/9807ad52294f0c8cffef60a461d6448d","name":"Roman","image":{"@type":"ImageObject","inLanguage":"en-GB","@id":"https:\/\/secure.gravatar.com\/avatar\/f80a54bc71c7566817c772597e25cc425bb2aa7e0b3d5f415b7a1a1a5977d099?s=96&d=mm&r=g","url":"https:\/\/secure.gravatar.com\/avatar\/f80a54bc71c7566817c772597e25cc425bb2aa7e0b3d5f415b7a1a1a5977d099?s=96&d=mm&r=g","contentUrl":"https:\/\/secure.gravatar.com\/avatar\/f80a54bc71c7566817c772597e25cc425bb2aa7e0b3d5f415b7a1a1a5977d099?s=96&d=mm&r=g","caption":"romain"},"logo":{"@id":"https:\/\/secure.gravatar.com\/avatar\/f80a54bc71c7566817c772597e25cc425bb2aa7e0b3d5f415b7a1a1a5977d099?s=96&d=mm&r=g"}}]}},"_links":{"self":[{"href":"https:\/\/www.romainlevy.com\/en\/wp-json\/wp\/v2\/pages\/2817","targetHints":{"allow":["GET"]}}],"collection":[{"href":"https:\/\/www.romainlevy.com\/en\/wp-json\/wp\/v2\/pages"}],"about":[{"href":"https:\/\/www.romainlevy.com\/en\/wp-json\/wp\/v2\/types\/page"}],"author":[{"embeddable":true,"href":"https:\/\/www.romainlevy.com\/en\/wp-json\/wp\/v2\/users\/1"}],"replies":[{"embeddable":true,"href":"https:\/\/www.romainlevy.com\/en\/wp-json\/wp\/v2\/comments?post=2817"}],"version-history":[{"count":4,"href":"https:\/\/www.romainlevy.com\/en\/wp-json\/wp\/v2\/pages\/2817\/revisions"}],"predecessor-version":[{"id":2960,"href":"https:\/\/www.romainlevy.com\/en\/wp-json\/wp\/v2\/pages\/2817\/revisions\/2960"}],"up":[{"embeddable":true,"href":"https:\/\/www.romainlevy.com\/en\/wp-json\/wp\/v2\/pages\/1005"}],"wp:featuredmedia":[{"embeddable":true,"href":"https:\/\/www.romainlevy.com\/en\/wp-json\/wp\/v2\/media\/2789"}],"wp:attachment":[{"href":"https:\/\/www.romainlevy.com\/en\/wp-json\/wp\/v2\/media?parent=2817"}],"curies":[{"name":"wp","href":"https:\/\/api.w.org\/{rel}","templated":true}]}}