{"id":2867,"date":"2021-01-17T19:26:29","date_gmt":"2021-01-17T18:26:29","guid":{"rendered":"https:\/\/www.romainlevy.com\/?page_id=2867"},"modified":"2022-12-01T20:40:19","modified_gmt":"2022-12-01T19:40:19","slug":"les-autres-outils-indispensables-pour-developper-sans-coder","status":"publish","type":"page","link":"https:\/\/www.romainlevy.com\/en\/toolboxes\/the-other-essential-tools-for-developing-without-coding\/","title":{"rendered":"Other essential tools for developing without coding"},"content":{"rendered":"<div class=\"wpb-content-wrapper\"><div class=\"vc_row wpb_row vc_row-fluid\"><div class=\"wpb_column vc_column_container vc_col-sm-4\/5\"><div class=\"vc_column-inner\"><div class=\"wpb_wrapper\">\n\t<div  class=\"wpb_single_image wpb_content_element vc_align_center wpb_content_element\">\n\t\t\n\t\t<figure class=\"wpb_wrapper vc_figure\">\n\t\t\t<div class=\"vc_single_image-wrapper   vc_box_border_grey\"><img loading=\"lazy\" decoding=\"async\" width=\"300\" height=\"300\" src=\"https:\/\/www.romainlevy.com\/wp-content\/uploads\/2021\/01\/17.png\" class=\"vc_single_image-img attachment-large\" alt=\"Essential tools for developing without coding\" title=\"Essential tools for developing without coding\" srcset=\"https:\/\/www.romainlevy.com\/wp-content\/uploads\/2021\/01\/17.png 300w, https:\/\/www.romainlevy.com\/wp-content\/uploads\/2021\/01\/17-150x150.png 150w, https:\/\/www.romainlevy.com\/wp-content\/uploads\/2021\/01\/17-12x12.png 12w\" sizes=\"auto, (max-width: 300px) 100vw, 300px\" \/><\/div>\n\t\t<\/figure>\n\t<\/div>\n\n\t<div class=\"wpb_text_column wpb_content_element\" >\n\t\t<div class=\"wpb_wrapper\">\n\t\t\t<p>Sommaire :<\/p>\n<ol>\n<li><a href=\"#outilconformitergpd\"> Axeptio, un outil pour \u00eatre en conformit\u00e9 avec le RGPD <\/a><\/li>\n<li><a href=\"#crisp\">Crisp, une bulle de chat et plus si affinit\u00e9<\/a><\/li>\n<li><a href=\"#tidio\">Tidio, un logiciel pour centraliser les espaces chat<\/a><\/li>\n<\/ol>\n<p>&nbsp;<\/p>\n<p>When you <a href=\"https:\/\/www.romainlevy.com\/en\/toolboxes\/the-no-code-tools-to-create-a-website-without-coding\/\">lancez votre site<\/a>, your <a href=\"https:\/\/www.romainlevy.com\/en\/toolboxes\/the-no-code-tools-to-create-an-application-without-coding\/\">application<\/a> or your <a href=\"https:\/\/www.romainlevy.com\/en\/toolboxes\/specialized-no-code-platforms\/\">platform<\/a>, you must put yourself in good standing and facilitate contact with Internet users. Fortunately, tools can be added easily and without the need for a coder.<\/p>\n<h2 id=\"outilconformitergpd\">A tool to be in compliance with the GDPR<\/h2>\n<p><a href=\"https:\/\/www.axeptio.eu\/fr\/home\" target=\"_blank\" rel=\"noopener\"><em><strong>Axeptio<\/strong>\u00a0<\/em><\/a>allows to\u00a0<strong>comply with GDPR<\/strong>\u00a0(General Data Protection Regulations) by asking Internet users to\u00a0<strong>permission to enable cookies on our site<\/strong>. It is a tool\u00a0<strong>created in France<\/strong>, at\u00a0<strong>Montpellier<\/strong>\u00a0and\u00a0<strong>powered by a great team!<\/strong>\u00a0As you can see, I have\u00a0<strong>myself installed on my site (WordPress)<\/strong>\u00a0and I do not have\u00a0<strong>no need to code for it<\/strong>, I just had to follow their tutorial.<\/p>\n<p>&nbsp;<\/p>\n<p>Demo d&#8217;Axeptio sur WordPress :<iframe loading=\"lazy\" title=\"YouTube video player\" src=\"https:\/\/www.youtube.com\/embed\/XQR0Jk5W--8\" width=\"560\" height=\"315\" frameborder=\"0\" allowfullscreen=\"allowfullscreen\"><\/iframe><\/p>\n<h2 id=\"crisp\">Crisp, ajouter une bulle de chat et plus si affinit\u00e9<\/h2>\n<p><a href=\"https:\/\/crisp.chat\/fr\/\" target=\"_blank\" rel=\"noopener\"><em><strong>crisp<\/strong>\u00a0<\/em><\/a>is a tool for having\u00a0<strong>a chat bubble to exchange with Internet users<\/strong>. I have used it in the past in the\u00a0<strong>logging in with Slack<\/strong>, which allowed the team to\u00a0<strong>respond to requests quickly<\/strong>\u00a0and come join a<strong>\u00a0conversation with a customer<\/strong>\u00a0knowing the first exchanges.<\/p>\n<p>Using Crisp for the first time:<\/p>\n<p><iframe loading=\"lazy\" title=\"YouTube video player\" src=\"https:\/\/www.youtube.com\/embed\/6yzJ83XauLs\" width=\"560\" height=\"315\" frameborder=\"0\" allowfullscreen=\"allowfullscreen\"><\/iframe><\/p>\n<h2 id=\"tidio\">Tidio, un logiciel pour centraliser les espaces chat<\/h2>\n<p><a href=\"https:\/\/www.tidio.com\/en\/?ref=romainlevy3\" target=\"_blank\" rel=\"noopener\"><em><strong>Tidio<\/strong>\u00a0<\/em><\/a>East\u00a0<strong>more and more widespread<\/strong>\u00a0and allows to\u00a0<strong>centralize chat rooms<\/strong>\u00a0(even by automating a chatbot),\u00a0<strong>email and other Messenger<\/strong>\u2026 Directly or through\u00a0<strong>Zapier<\/strong>, there are\u00a0<strong>many possible integrations without coding!<\/strong><\/p>\n<p>A demo of Tidio:<\/p>\n<p><iframe loading=\"lazy\" title=\"YouTube video player\" src=\"https:\/\/www.youtube.com\/embed\/T2USYh7R560\" width=\"560\" height=\"315\" frameborder=\"0\" allowfullscreen=\"allowfullscreen\"><\/iframe><\/p>\n<p>&nbsp;<\/p>\n<p>And once your site or your application is created, you can propel everything with the tools of the\u00a0<a href=\"https:\/\/www.romainlevy.com\/en\/toolboxes\/#webmarketing\"><em><strong>Top web marketing tools<\/strong><\/em><\/a>\u00a0!\u00a0<img decoding=\"async\" class=\"emoji\" role=\"img\" draggable=\"false\" src=\"https:\/\/s.w.org\/images\/core\/emoji\/13.0.1\/svg\/1f642.svg\" alt=\"\ud83d\ude42\" \/><\/p>\n<p style=\"text-align: right;\"><a href=\"https:\/\/www.romainlevy.com\/en\/toolboxes\/webmarketing-seo-natural-referencing-tools-for-finding-keywords-and-referencing\/\">following<\/a><\/p>\n<p style=\"text-align: right;\"><a href=\"https:\/\/www.romainlevy.com\/en\/toolboxes\/webmarketing-seo-natural-referencing-tools-for-finding-keywords-and-referencing\/\"><img loading=\"lazy\" decoding=\"async\" class=\"alignnone wp-image-2786 size-full\" src=\"https:\/\/www.romainlevy.com\/wp-content\/uploads\/2021\/01\/21.png\" alt=\"Top SEO webmarketing tools Find keywords\" width=\"300\" height=\"300\" srcset=\"https:\/\/www.romainlevy.com\/wp-content\/uploads\/2021\/01\/21.png 300w, https:\/\/www.romainlevy.com\/wp-content\/uploads\/2021\/01\/21-150x150.png 150w, https:\/\/www.romainlevy.com\/wp-content\/uploads\/2021\/01\/21-12x12.png 12w\" sizes=\"auto, (max-width: 300px) 100vw, 300px\" \/><\/a><\/p>\n\n\t\t<\/div>\n\t<\/div>\n<\/div><\/div><\/div><div class=\"wpb_column vc_column_container vc_col-sm-1\/5\"><div class=\"vc_column-inner\"><div class=\"wpb_wrapper\">\n\t<div class=\"wpb_text_column wpb_content_element\" >\n\t\t<div class=\"wpb_wrapper\">\n\t\t\t<p><a href=\"https:\/\/www.romainlevy.com\/en\/toolboxes\/webmarketing-seo-natural-referencing-tools-for-finding-keywords-and-referencing\/\"><img loading=\"lazy\" decoding=\"async\" class=\"alignnone wp-image-2786 size-full\" src=\"https:\/\/www.romainlevy.com\/wp-content\/uploads\/2021\/01\/21.png\" alt=\"Top SEO webmarketing tools Find keywords\" width=\"300\" height=\"300\" srcset=\"https:\/\/www.romainlevy.com\/wp-content\/uploads\/2021\/01\/21.png 300w, https:\/\/www.romainlevy.com\/wp-content\/uploads\/2021\/01\/21-150x150.png 150w, https:\/\/www.romainlevy.com\/wp-content\/uploads\/2021\/01\/21-12x12.png 12w\" sizes=\"auto, (max-width: 300px) 100vw, 300px\" \/><\/a><\/p>\n<p><a href=\"https:\/\/www.romainlevy.com\/en\/toolboxes\/webmarketing-seo-natural-referencing-the-tools-to-analyze-your-site-and-progress\/\"><img loading=\"lazy\" decoding=\"async\" class=\"alignnone wp-image-2787 size-full\" src=\"https:\/\/www.romainlevy.com\/wp-content\/uploads\/2021\/01\/31.png\" alt=\"Top SEO webmarketing tools Analyze your site\" width=\"300\" height=\"300\" srcset=\"https:\/\/www.romainlevy.com\/wp-content\/uploads\/2021\/01\/31.png 300w, https:\/\/www.romainlevy.com\/wp-content\/uploads\/2021\/01\/31-150x150.png 150w, https:\/\/www.romainlevy.com\/wp-content\/uploads\/2021\/01\/31-12x12.png 12w\" sizes=\"auto, (max-width: 300px) 100vw, 300px\" \/><\/a><\/p>\n<p><a href=\"https:\/\/www.romainlevy.com\/en\/toolboxes\/webmarketing-seo-natural-referencing-the-tools-to-follow-your-referencing\/\"><img loading=\"lazy\" decoding=\"async\" class=\"alignnone wp-image-2788 size-full\" src=\"https:\/\/www.romainlevy.com\/wp-content\/uploads\/2021\/01\/4.png\" alt=\"Top SEO webmarketing tools track your SEO\" width=\"300\" height=\"300\" srcset=\"https:\/\/www.romainlevy.com\/wp-content\/uploads\/2021\/01\/4.png 300w, https:\/\/www.romainlevy.com\/wp-content\/uploads\/2021\/01\/4-150x150.png 150w, https:\/\/www.romainlevy.com\/wp-content\/uploads\/2021\/01\/4-12x12.png 12w\" sizes=\"auto, (max-width: 300px) 100vw, 300px\" \/><\/a><\/p>\n<p><a href=\"https:\/\/www.romainlevy.com\/en\/toolboxes\/webmarketing-the-tools-to-develop-your-audience-and-your-backlinks\/\"><img loading=\"lazy\" decoding=\"async\" class=\"alignnone wp-image-2789 size-full\" src=\"https:\/\/www.romainlevy.com\/wp-content\/uploads\/2021\/01\/5.png\" alt=\"Top SEO webmarketing tools to develop your audience\" width=\"300\" height=\"300\" srcset=\"https:\/\/www.romainlevy.com\/wp-content\/uploads\/2021\/01\/5.png 300w, https:\/\/www.romainlevy.com\/wp-content\/uploads\/2021\/01\/5-150x150.png 150w, https:\/\/www.romainlevy.com\/wp-content\/uploads\/2021\/01\/5-12x12.png 12w\" sizes=\"auto, (max-width: 300px) 100vw, 300px\" \/><\/a><\/p>\n<p><a href=\"https:\/\/www.romainlevy.com\/en\/toolboxes\/webmarketing-the-tools-to-receive-the-details-of-your-prospects\/\"><img loading=\"lazy\" decoding=\"async\" class=\"alignnone wp-image-2790 size-full\" src=\"https:\/\/www.romainlevy.com\/wp-content\/uploads\/2021\/01\/6.png\" alt=\"Top webmarketing tools Conversion Facilitate contacts\" width=\"300\" height=\"300\" srcset=\"https:\/\/www.romainlevy.com\/wp-content\/uploads\/2021\/01\/6.png 300w, https:\/\/www.romainlevy.com\/wp-content\/uploads\/2021\/01\/6-150x150.png 150w, https:\/\/www.romainlevy.com\/wp-content\/uploads\/2021\/01\/6-12x12.png 12w\" sizes=\"auto, (max-width: 300px) 100vw, 300px\" \/><\/a><\/p>\n<p><a href=\"https:\/\/www.romainlevy.com\/en\/toolboxes\/webmarketing-convert-your-prospects-into-customers-via-mailing-tools\/\"><img loading=\"lazy\" decoding=\"async\" class=\"alignnone wp-image-2791 size-full\" src=\"https:\/\/www.romainlevy.com\/wp-content\/uploads\/2021\/01\/7.png\" alt=\"Top web marketing tools Conversion Mailing tools\" width=\"300\" height=\"300\" srcset=\"https:\/\/www.romainlevy.com\/wp-content\/uploads\/2021\/01\/7.png 300w, https:\/\/www.romainlevy.com\/wp-content\/uploads\/2021\/01\/7-150x150.png 150w, https:\/\/www.romainlevy.com\/wp-content\/uploads\/2021\/01\/7-12x12.png 12w\" sizes=\"auto, (max-width: 300px) 100vw, 300px\" \/><\/a><\/p>\n<p><a href=\"https:\/\/www.romainlevy.com\/en\/toolboxes\/growth-hacking-tools-to-automate-tasks\/\"><img loading=\"lazy\" decoding=\"async\" class=\"alignnone wp-image-2792 size-full\" src=\"https:\/\/www.romainlevy.com\/wp-content\/uploads\/2021\/01\/8.png\" alt=\"Top Growth Hacking Tools The Basics Automating Tasks\" width=\"300\" height=\"300\" srcset=\"https:\/\/www.romainlevy.com\/wp-content\/uploads\/2021\/01\/8.png 300w, https:\/\/www.romainlevy.com\/wp-content\/uploads\/2021\/01\/8-150x150.png 150w, https:\/\/www.romainlevy.com\/wp-content\/uploads\/2021\/01\/8-12x12.png 12w\" sizes=\"auto, (max-width: 300px) 100vw, 300px\" \/><\/a><\/p>\n<p><a href=\"https:\/\/www.romainlevy.com\/en\/toolboxes\/growth-hacking-tools-for-social-networks\/\"><img loading=\"lazy\" decoding=\"async\" class=\"alignnone wp-image-2793 size-full\" src=\"https:\/\/www.romainlevy.com\/wp-content\/uploads\/2021\/01\/91.png\" alt=\"Top Growth Hacking Tools The Basics for Social Media\" width=\"300\" height=\"300\" srcset=\"https:\/\/www.romainlevy.com\/wp-content\/uploads\/2021\/01\/91.png 300w, https:\/\/www.romainlevy.com\/wp-content\/uploads\/2021\/01\/91-150x150.png 150w, https:\/\/www.romainlevy.com\/wp-content\/uploads\/2021\/01\/91-12x12.png 12w\" sizes=\"auto, (max-width: 300px) 100vw, 300px\" \/><\/a><\/p>\n<p><a href=\"https:\/\/www.romainlevy.com\/en\/toolboxes\/growth-hacking-tools-for-scrapping\/\"><img loading=\"lazy\" decoding=\"async\" class=\"alignnone wp-image-2794 size-full\" src=\"https:\/\/www.romainlevy.com\/wp-content\/uploads\/2021\/01\/11.png\" alt=\"\" width=\"300\" height=\"300\" srcset=\"https:\/\/www.romainlevy.com\/wp-content\/uploads\/2021\/01\/11.png 300w, https:\/\/www.romainlevy.com\/wp-content\/uploads\/2021\/01\/11-150x150.png 150w, https:\/\/www.romainlevy.com\/wp-content\/uploads\/2021\/01\/11-12x12.png 12w\" sizes=\"auto, (max-width: 300px) 100vw, 300px\" \/><\/a><\/p>\n<p><a href=\"https:\/\/www.romainlevy.com\/en\/toolboxes\/the-no-code-tools-to-create-a-website-without-coding\/\"><img loading=\"lazy\" decoding=\"async\" class=\"alignnone wp-image-2858 size-full\" src=\"https:\/\/www.romainlevy.com\/wp-content\/uploads\/2021\/01\/141.png\" alt=\"Create website without coding\" width=\"300\" height=\"300\" srcset=\"https:\/\/www.romainlevy.com\/wp-content\/uploads\/2021\/01\/141.png 300w, https:\/\/www.romainlevy.com\/wp-content\/uploads\/2021\/01\/141-150x150.png 150w, https:\/\/www.romainlevy.com\/wp-content\/uploads\/2021\/01\/141-12x12.png 12w\" sizes=\"auto, (max-width: 300px) 100vw, 300px\" \/><\/a><\/p>\n<p><a href=\"https:\/\/www.romainlevy.com\/en\/toolboxes\/the-no-code-tools-to-create-an-application-without-coding\/\"><img loading=\"lazy\" decoding=\"async\" class=\"alignnone wp-image-2859 size-full\" src=\"https:\/\/www.romainlevy.com\/wp-content\/uploads\/2021\/01\/151.png\" alt=\"Create an app without coding\" width=\"300\" height=\"300\" srcset=\"https:\/\/www.romainlevy.com\/wp-content\/uploads\/2021\/01\/151.png 300w, https:\/\/www.romainlevy.com\/wp-content\/uploads\/2021\/01\/151-150x150.png 150w, https:\/\/www.romainlevy.com\/wp-content\/uploads\/2021\/01\/151-12x12.png 12w\" sizes=\"auto, (max-width: 300px) 100vw, 300px\" \/><\/a><\/p>\n<p><a href=\"https:\/\/www.romainlevy.com\/en\/toolboxes\/specialized-no-code-platforms\/\"><img loading=\"lazy\" decoding=\"async\" class=\"alignnone wp-image-2860 size-full\" src=\"https:\/\/www.romainlevy.com\/wp-content\/uploads\/2021\/01\/16.png\" alt=\"Specialized no-code platforms\" width=\"300\" height=\"300\" srcset=\"https:\/\/www.romainlevy.com\/wp-content\/uploads\/2021\/01\/16.png 300w, https:\/\/www.romainlevy.com\/wp-content\/uploads\/2021\/01\/16-150x150.png 150w, https:\/\/www.romainlevy.com\/wp-content\/uploads\/2021\/01\/16-12x12.png 12w\" sizes=\"auto, (max-width: 300px) 100vw, 300px\" \/><\/a><\/p>\n\n\t\t<\/div>\n\t<\/div>\n<\/div><\/div><\/div><\/div>\n<\/div>","protected":false},"excerpt":{"rendered":"<p>[vc_row][vc_column width=\"4\/5\"][vc_single_image source=\"featured_image\" img_size=\"large\" alignment=\"center\"][vc_column_text]Lorsque vous lancer votre site, votre application ou votre plateforme, vous devez vous mettre en r\u00eagle et faciliter le contact avec les internautes. Heureusement, des outils peuvent \u00eatre ajout\u00e9s facilement et sans avoir besoin de faire appel \u00e0 un codeur.<\/p>\n","protected":false},"author":1,"featured_media":2861,"parent":1005,"menu_order":0,"comment_status":"closed","ping_status":"closed","template":"","meta":{"content-type":"","footnotes":""},"class_list":["post-2867","page","type-page","status-publish","has-post-thumbnail","hentry"],"yoast_head":"<!-- This site is optimized with the Yoast SEO plugin v27.5 - https:\/\/yoast.com\/product\/yoast-seo-wordpress\/ -->\n<title>Les autres outils indispensables pour d\u00e9velopper sans coder - Romain L\u00e9vy<\/title>\n<meta name=\"robots\" content=\"index, follow, max-snippet:-1, max-image-preview:large, max-video-preview:-1\" \/>\n<link rel=\"canonical\" href=\"https:\/\/www.romainlevy.com\/en\/toolboxes\/the-other-essential-tools-for-developing-without-coding\/\" \/>\n<meta property=\"og:locale\" content=\"en_GB\" \/>\n<meta property=\"og:type\" content=\"article\" \/>\n<meta property=\"og:title\" content=\"Les autres outils indispensables pour d\u00e9velopper sans coder - Romain L\u00e9vy\" \/>\n<meta property=\"og:description\" content=\"Lorsque vous lancer votre site, votre application ou votre plateforme, vous devez vous mettre en r\u00eagle et faciliter le contact avec les internautes. Heureusement, des outils peuvent \u00eatre ajout\u00e9s facilement et sans avoir besoin de faire appel \u00e0 un codeur.\" \/>\n<meta property=\"og:url\" content=\"https:\/\/www.romainlevy.com\/en\/toolboxes\/the-other-essential-tools-for-developing-without-coding\/\" \/>\n<meta property=\"og:site_name\" content=\"Romain L\u00e9vy\" \/>\n<meta property=\"article:modified_time\" content=\"2022-12-01T19:40:19+00:00\" \/>\n<meta property=\"og:image\" content=\"https:\/\/www.romainlevy.com\/wp-content\/uploads\/2021\/01\/17.png\" \/>\n\t<meta property=\"og:image:width\" content=\"300\" \/>\n\t<meta property=\"og:image:height\" content=\"300\" \/>\n\t<meta property=\"og:image:type\" content=\"image\/png\" \/>\n<meta name=\"twitter:card\" content=\"summary_large_image\" \/>\n<meta name=\"twitter:label1\" content=\"Estimated reading time\" \/>\n\t<meta name=\"twitter:data1\" content=\"4 minutes\" \/>\n<script type=\"application\/ld+json\" class=\"yoast-schema-graph\">{\"@context\":\"https:\\\/\\\/schema.org\",\"@graph\":[{\"@type\":\"WebPage\",\"@id\":\"https:\\\/\\\/www.romainlevy.com\\\/fr\\\/boites-a-outils\\\/les-autres-outils-indispensables-pour-developper-sans-coder\\\/\",\"url\":\"https:\\\/\\\/www.romainlevy.com\\\/fr\\\/boites-a-outils\\\/les-autres-outils-indispensables-pour-developper-sans-coder\\\/\",\"name\":\"Les autres outils indispensables pour d\u00e9velopper sans coder - Romain L\u00e9vy\",\"isPartOf\":{\"@id\":\"https:\\\/\\\/www.romainlevy.com\\\/fr\\\/#website\"},\"primaryImageOfPage\":{\"@id\":\"https:\\\/\\\/www.romainlevy.com\\\/fr\\\/boites-a-outils\\\/les-autres-outils-indispensables-pour-developper-sans-coder\\\/#primaryimage\"},\"image\":{\"@id\":\"https:\\\/\\\/www.romainlevy.com\\\/fr\\\/boites-a-outils\\\/les-autres-outils-indispensables-pour-developper-sans-coder\\\/#primaryimage\"},\"thumbnailUrl\":\"https:\\\/\\\/www.romainlevy.com\\\/wp-content\\\/uploads\\\/2021\\\/01\\\/17.png\",\"datePublished\":\"2021-01-17T18:26:29+00:00\",\"dateModified\":\"2022-12-01T19:40:19+00:00\",\"breadcrumb\":{\"@id\":\"https:\\\/\\\/www.romainlevy.com\\\/fr\\\/boites-a-outils\\\/les-autres-outils-indispensables-pour-developper-sans-coder\\\/#breadcrumb\"},\"inLanguage\":\"en-GB\",\"potentialAction\":[{\"@type\":\"ReadAction\",\"target\":[\"https:\\\/\\\/www.romainlevy.com\\\/fr\\\/boites-a-outils\\\/les-autres-outils-indispensables-pour-developper-sans-coder\\\/\"]}]},{\"@type\":\"ImageObject\",\"inLanguage\":\"en-GB\",\"@id\":\"https:\\\/\\\/www.romainlevy.com\\\/fr\\\/boites-a-outils\\\/les-autres-outils-indispensables-pour-developper-sans-coder\\\/#primaryimage\",\"url\":\"https:\\\/\\\/www.romainlevy.com\\\/wp-content\\\/uploads\\\/2021\\\/01\\\/17.png\",\"contentUrl\":\"https:\\\/\\\/www.romainlevy.com\\\/wp-content\\\/uploads\\\/2021\\\/01\\\/17.png\",\"width\":300,\"height\":300,\"caption\":\"Outils indispensables pour d\u00e9velopper sans coder\"},{\"@type\":\"BreadcrumbList\",\"@id\":\"https:\\\/\\\/www.romainlevy.com\\\/fr\\\/boites-a-outils\\\/les-autres-outils-indispensables-pour-developper-sans-coder\\\/#breadcrumb\",\"itemListElement\":[{\"@type\":\"ListItem\",\"position\":1,\"name\":\"Accueil\",\"item\":\"https:\\\/\\\/www.romainlevy.com\\\/fr\\\/\"},{\"@type\":\"ListItem\",\"position\":2,\"name\":\"Mes boites \u00e0 outils\",\"item\":\"https:\\\/\\\/www.romainlevy.com\\\/fr\\\/boites-a-outils\\\/\"},{\"@type\":\"ListItem\",\"position\":3,\"name\":\"Les autres outils indispensables pour d\u00e9velopper sans coder\"}]},{\"@type\":\"WebSite\",\"@id\":\"https:\\\/\\\/www.romainlevy.com\\\/fr\\\/#website\",\"url\":\"https:\\\/\\\/www.romainlevy.com\\\/fr\\\/\",\"name\":\"Romain L\u00e9vy\",\"description\":\"Et si on m\u00ealait tradition et innovation ?\",\"publisher\":{\"@id\":\"https:\\\/\\\/www.romainlevy.com\\\/fr\\\/#\\\/schema\\\/person\\\/9807ad52294f0c8cffef60a461d6448d\"},\"potentialAction\":[{\"@type\":\"SearchAction\",\"target\":{\"@type\":\"EntryPoint\",\"urlTemplate\":\"https:\\\/\\\/www.romainlevy.com\\\/fr\\\/?s={search_term_string}\"},\"query-input\":{\"@type\":\"PropertyValueSpecification\",\"valueRequired\":true,\"valueName\":\"search_term_string\"}}],\"inLanguage\":\"en-GB\"},{\"@type\":[\"Person\",\"Organization\"],\"@id\":\"https:\\\/\\\/www.romainlevy.com\\\/fr\\\/#\\\/schema\\\/person\\\/9807ad52294f0c8cffef60a461d6448d\",\"name\":\"romain\",\"image\":{\"@type\":\"ImageObject\",\"inLanguage\":\"en-GB\",\"@id\":\"https:\\\/\\\/secure.gravatar.com\\\/avatar\\\/f80a54bc71c7566817c772597e25cc425bb2aa7e0b3d5f415b7a1a1a5977d099?s=96&d=mm&r=g\",\"url\":\"https:\\\/\\\/secure.gravatar.com\\\/avatar\\\/f80a54bc71c7566817c772597e25cc425bb2aa7e0b3d5f415b7a1a1a5977d099?s=96&d=mm&r=g\",\"contentUrl\":\"https:\\\/\\\/secure.gravatar.com\\\/avatar\\\/f80a54bc71c7566817c772597e25cc425bb2aa7e0b3d5f415b7a1a1a5977d099?s=96&d=mm&r=g\",\"caption\":\"romain\"},\"logo\":{\"@id\":\"https:\\\/\\\/secure.gravatar.com\\\/avatar\\\/f80a54bc71c7566817c772597e25cc425bb2aa7e0b3d5f415b7a1a1a5977d099?s=96&d=mm&r=g\"}}]}<\/script>\n<!-- \/ Yoast SEO plugin. -->","yoast_head_json":{"title":"The other essential tools for developing without coding - Romain L\u00e9vy","robots":{"index":"index","follow":"follow","max-snippet":"max-snippet:-1","max-image-preview":"max-image-preview:large","max-video-preview":"max-video-preview:-1"},"canonical":"https:\/\/www.romainlevy.com\/en\/toolboxes\/the-other-essential-tools-for-developing-without-coding\/","og_locale":"en_GB","og_type":"article","og_title":"Les autres outils indispensables pour d\u00e9velopper sans coder - Romain L\u00e9vy","og_description":"Lorsque vous lancer votre site, votre application ou votre plateforme, vous devez vous mettre en r\u00eagle et faciliter le contact avec les internautes. Heureusement, des outils peuvent \u00eatre ajout\u00e9s facilement et sans avoir besoin de faire appel \u00e0 un codeur.","og_url":"https:\/\/www.romainlevy.com\/en\/toolboxes\/the-other-essential-tools-for-developing-without-coding\/","og_site_name":"Romain L\u00e9vy","article_modified_time":"2022-12-01T19:40:19+00:00","og_image":[{"width":300,"height":300,"url":"https:\/\/www.romainlevy.com\/wp-content\/uploads\/2021\/01\/17.png","type":"image\/png"}],"twitter_card":"summary_large_image","twitter_misc":{"Estimated reading time":"4 minutes"},"schema":{"@context":"https:\/\/schema.org","@graph":[{"@type":"WebPage","@id":"https:\/\/www.romainlevy.com\/fr\/boites-a-outils\/les-autres-outils-indispensables-pour-developper-sans-coder\/","url":"https:\/\/www.romainlevy.com\/fr\/boites-a-outils\/les-autres-outils-indispensables-pour-developper-sans-coder\/","name":"The other essential tools for developing without coding - Romain L\u00e9vy","isPartOf":{"@id":"https:\/\/www.romainlevy.com\/fr\/#website"},"primaryImageOfPage":{"@id":"https:\/\/www.romainlevy.com\/fr\/boites-a-outils\/les-autres-outils-indispensables-pour-developper-sans-coder\/#primaryimage"},"image":{"@id":"https:\/\/www.romainlevy.com\/fr\/boites-a-outils\/les-autres-outils-indispensables-pour-developper-sans-coder\/#primaryimage"},"thumbnailUrl":"https:\/\/www.romainlevy.com\/wp-content\/uploads\/2021\/01\/17.png","datePublished":"2021-01-17T18:26:29+00:00","dateModified":"2022-12-01T19:40:19+00:00","breadcrumb":{"@id":"https:\/\/www.romainlevy.com\/fr\/boites-a-outils\/les-autres-outils-indispensables-pour-developper-sans-coder\/#breadcrumb"},"inLanguage":"en-GB","potentialAction":[{"@type":"ReadAction","target":["https:\/\/www.romainlevy.com\/fr\/boites-a-outils\/les-autres-outils-indispensables-pour-developper-sans-coder\/"]}]},{"@type":"ImageObject","inLanguage":"en-GB","@id":"https:\/\/www.romainlevy.com\/fr\/boites-a-outils\/les-autres-outils-indispensables-pour-developper-sans-coder\/#primaryimage","url":"https:\/\/www.romainlevy.com\/wp-content\/uploads\/2021\/01\/17.png","contentUrl":"https:\/\/www.romainlevy.com\/wp-content\/uploads\/2021\/01\/17.png","width":300,"height":300,"caption":"Outils indispensables pour d\u00e9velopper sans coder"},{"@type":"BreadcrumbList","@id":"https:\/\/www.romainlevy.com\/fr\/boites-a-outils\/les-autres-outils-indispensables-pour-developper-sans-coder\/#breadcrumb","itemListElement":[{"@type":"ListItem","position":1,"name":"Accueil","item":"https:\/\/www.romainlevy.com\/fr\/"},{"@type":"ListItem","position":2,"name":"Mes boites \u00e0 outils","item":"https:\/\/www.romainlevy.com\/fr\/boites-a-outils\/"},{"@type":"ListItem","position":3,"name":"Les autres outils indispensables pour d\u00e9velopper sans coder"}]},{"@type":"WebSite","@id":"https:\/\/www.romainlevy.com\/fr\/#website","url":"https:\/\/www.romainlevy.com\/fr\/","name":"Romain Levy","description":"What if we combined tradition and innovation?","publisher":{"@id":"https:\/\/www.romainlevy.com\/fr\/#\/schema\/person\/9807ad52294f0c8cffef60a461d6448d"},"potentialAction":[{"@type":"SearchAction","target":{"@type":"EntryPoint","urlTemplate":"https:\/\/www.romainlevy.com\/fr\/?s={search_term_string}"},"query-input":{"@type":"PropertyValueSpecification","valueRequired":true,"valueName":"search_term_string"}}],"inLanguage":"en-GB"},{"@type":["Person","Organization"],"@id":"https:\/\/www.romainlevy.com\/fr\/#\/schema\/person\/9807ad52294f0c8cffef60a461d6448d","name":"Roman","image":{"@type":"ImageObject","inLanguage":"en-GB","@id":"https:\/\/secure.gravatar.com\/avatar\/f80a54bc71c7566817c772597e25cc425bb2aa7e0b3d5f415b7a1a1a5977d099?s=96&d=mm&r=g","url":"https:\/\/secure.gravatar.com\/avatar\/f80a54bc71c7566817c772597e25cc425bb2aa7e0b3d5f415b7a1a1a5977d099?s=96&d=mm&r=g","contentUrl":"https:\/\/secure.gravatar.com\/avatar\/f80a54bc71c7566817c772597e25cc425bb2aa7e0b3d5f415b7a1a1a5977d099?s=96&d=mm&r=g","caption":"romain"},"logo":{"@id":"https:\/\/secure.gravatar.com\/avatar\/f80a54bc71c7566817c772597e25cc425bb2aa7e0b3d5f415b7a1a1a5977d099?s=96&d=mm&r=g"}}]}},"_links":{"self":[{"href":"https:\/\/www.romainlevy.com\/en\/wp-json\/wp\/v2\/pages\/2867","targetHints":{"allow":["GET"]}}],"collection":[{"href":"https:\/\/www.romainlevy.com\/en\/wp-json\/wp\/v2\/pages"}],"about":[{"href":"https:\/\/www.romainlevy.com\/en\/wp-json\/wp\/v2\/types\/page"}],"author":[{"embeddable":true,"href":"https:\/\/www.romainlevy.com\/en\/wp-json\/wp\/v2\/users\/1"}],"replies":[{"embeddable":true,"href":"https:\/\/www.romainlevy.com\/en\/wp-json\/wp\/v2\/comments?post=2867"}],"version-history":[{"count":8,"href":"https:\/\/www.romainlevy.com\/en\/wp-json\/wp\/v2\/pages\/2867\/revisions"}],"predecessor-version":[{"id":3232,"href":"https:\/\/www.romainlevy.com\/en\/wp-json\/wp\/v2\/pages\/2867\/revisions\/3232"}],"up":[{"embeddable":true,"href":"https:\/\/www.romainlevy.com\/en\/wp-json\/wp\/v2\/pages\/1005"}],"wp:featuredmedia":[{"embeddable":true,"href":"https:\/\/www.romainlevy.com\/en\/wp-json\/wp\/v2\/media\/2861"}],"wp:attachment":[{"href":"https:\/\/www.romainlevy.com\/en\/wp-json\/wp\/v2\/media?parent=2867"}],"curies":[{"name":"wp","href":"https:\/\/api.w.org\/{rel}","templated":true}]}}