{"id":2913,"date":"2021-01-24T15:46:32","date_gmt":"2021-01-24T14:46:32","guid":{"rendered":"https:\/\/www.romainlevy.com\/?page_id=2913"},"modified":"2022-12-01T20:46:24","modified_gmt":"2022-12-01T19:46:24","slug":"les-outils-growth-hacking-pour-creer-des-robots-bot-et-sappuyer-sur-lia","status":"publish","type":"page","link":"https:\/\/www.romainlevy.com\/en\/toolboxes\/the-growth-hacking-tools-to-create-robots-bot-and-rely-on-lia\/","title":{"rendered":"Growth Hacking tools to create robots (bot) and rely on AI"},"content":{"rendered":"<div class=\"wpb-content-wrapper\"><div class=\"vc_row wpb_row vc_row-fluid\"><div class=\"wpb_column vc_column_container vc_col-sm-4\/5\"><div class=\"vc_column-inner\"><div class=\"wpb_wrapper\">\n\t<div  class=\"wpb_single_image wpb_content_element vc_align_center wpb_content_element\">\n\t\t\n\t\t<figure class=\"wpb_wrapper vc_figure\">\n\t\t\t<div class=\"vc_single_image-wrapper   vc_box_border_grey\"><img loading=\"lazy\" decoding=\"async\" width=\"300\" height=\"300\" src=\"https:\/\/www.romainlevy.com\/wp-content\/uploads\/2021\/01\/13.png\" class=\"vc_single_image-img attachment-large\" alt=\"Top Growth Hacking Tools Optimize Robots and AI\" title=\"Top Growth Hacking Tools Optimize Robots and AI\" srcset=\"https:\/\/www.romainlevy.com\/wp-content\/uploads\/2021\/01\/13.png 300w, https:\/\/www.romainlevy.com\/wp-content\/uploads\/2021\/01\/13-150x150.png 150w, https:\/\/www.romainlevy.com\/wp-content\/uploads\/2021\/01\/13-12x12.png 12w\" sizes=\"auto, (max-width: 300px) 100vw, 300px\" \/><\/div>\n\t\t<\/figure>\n\t<\/div>\n\n\t<div class=\"wpb_text_column wpb_content_element\" >\n\t\t<div class=\"wpb_wrapper\">\n\t\t\t<p>Sommaire :<\/p>\n<ol>\n<li><a href=\"#outilinnovantsgrowthhacking\">Les outils innovants de Growth Hacking (Landbot, Clevy)<\/a><\/li>\n<li><a href=\"#outilsrobotsconversationnels\">Les outils pour cr\u00e9er des robots conversationnels (Synthesia, Bannerbear)<\/a><\/li>\n<\/ol>\n<p>&nbsp;<\/p>\n<p>After seeing <a href=\"https:\/\/www.romainlevy.com\/en\/toolboxes\/the-growth-hacking-tools-to-optimize-mail-sending\/\">Growth Hacking tools to optimize the sending of emails<\/a>, let&#039;s turn to cool tools for <strong>automate the first contacts with your customers<\/strong> and<strong> optimize the creation of your content<\/strong> by relying on the<strong>&#8216;intelligence artificielle<\/strong>.<\/p>\n<h2 id=\"outilinnovantsgrowthhacking\">Tools to create chatbots<\/h2>\n<p><a href=\"https:\/\/landbot.grsm.io\/romainlevy2410\" target=\"_blank\" rel=\"noopener\"><em><strong>Landbot<\/strong><\/em><\/a> allows <strong>create chatbots<\/strong> (Where <strong>chatbots<\/strong>) on <strong>WhatsApp<\/strong> and on your website. So you can easily set up <strong>tailor-made conversations<\/strong> to recover the <strong>contact details of your customers automatically<\/strong>, agree on a <strong>appointment<\/strong>, the<strong> subscribe to a newsletter<\/strong>, the <strong>redirect to an offer<\/strong> ou un produit sp\u00e9cifique&#8230; Ensuite il est possible de relier le bot \u00e0 des nombreux d&#8217;outils comme Zappier, Slack, Mailchimp&#8230;etc.\u2026 et ainsi pouvoir <strong>correctly and automatically track your customers<\/strong>. Landbot is therefore ideal for fans of <strong>automated lead generation<\/strong> and &quot; <strong>Lead Nurturing<\/strong> &quot;.<\/p>\n<p>&nbsp;<\/p>\n<p>C&#8217;est si simple ! :<\/p>\n<p><iframe loading=\"lazy\" title=\"YouTube video player\" src=\"https:\/\/www.youtube.com\/embed\/OPDc3BGS6Iw\" width=\"560\" height=\"315\" frameborder=\"0\" allowfullscreen=\"allowfullscreen\"><\/iframe><\/p>\n<p>&nbsp;<\/p>\n<p><em><strong><a href=\"https:\/\/clevy.io\/?lang=fr\" target=\"_blank\" rel=\"noopener\">Clevy<\/a><\/strong><\/em> is also a tool facilitating the implementation of <strong>chatbots<\/strong>. These robots can be useful for <strong>optimize and automate<\/strong> full of action,<strong> internally<\/strong> with the rest of the team <strong>or even with customers<\/strong>, communities of ambassadors\u2026etc. <strong>Without coding<\/strong>, you can connect your robot to your databases or other tools and thus use this information as a basis for automated exchanges.<\/p>\n<h2 id=\"outilsrobotsconversationnels\">Innovative Growth Hacking tools<\/h2>\n<p><a href=\"https:\/\/www.synthesia.io\/\" target=\"_blank\" rel=\"noopener\"><em><strong>Synthesis<\/strong><\/em><\/a> is a solution to <strong>automatically create<\/strong> (with the help of Artificial Intelligence) <strong>a presentation video<\/strong> with a facilitator speaking the text you wrote. All you need to do is have the <strong>text<\/strong>, of the <strong>copy-paste on Synthesia<\/strong> then <strong>choose the avatar<\/strong> who will speak it (avatars look human). You will have the video of a \u201cperson\u201d who says all of the text that you have pasted. Enough to <strong>embellish an article<\/strong> blog, a <strong>sales page<\/strong> or whatever with a video.<\/p>\n<p><a href=\"https:\/\/www.bannerbear.com\/?via=romain\" target=\"_blank\" rel=\"noopener\"><em><strong>bannerbear<\/strong><\/em><\/a> is a tool of <strong>cr\u00e9ation d&#8217;image et de vid\u00e9o qui peut \u00eatre automatis\u00e9e<\/strong> with <strong>Zapper<\/strong> or even connected directly with <strong>Air table<\/strong> <strong>without the need to code<\/strong>. For example, you can have a content base on Airtable or Google Sheet and pass it through Bannerbear&#039;s robot to extract images and <strong>broadcast on social networks<\/strong> afterwards. This tool can be <strong>coupled with a scraping tool<\/strong> which completes your upstream database, <strong>bannerbear<\/strong> <strong>will make pictures<\/strong> that you can then <strong>distribute or program automatically on your social networks<\/strong> with one or more other tools connected to <strong>Zapper<\/strong>. To go further, it is possible to make other connections if an encoder is used.<\/p>\n\n\t\t<\/div>\n\t<\/div>\n<\/div><\/div><\/div><div class=\"wpb_column vc_column_container vc_col-sm-1\/5\"><div class=\"vc_column-inner\"><div class=\"wpb_wrapper\">\n\t<div class=\"wpb_text_column wpb_content_element\" >\n\t\t<div class=\"wpb_wrapper\">\n\t\t\t<p>My other toolboxes<\/p>\n<p><a href=\"https:\/\/www.romainlevy.com\/en\/toolboxes\/webmarketing-seo-natural-referencing-tools-for-finding-keywords-and-referencing\/\"><img loading=\"lazy\" decoding=\"async\" class=\"alignnone wp-image-2786 size-full\" src=\"https:\/\/www.romainlevy.com\/wp-content\/uploads\/2021\/01\/21.png\" alt=\"Top SEO webmarketing tools Find keywords\" width=\"300\" height=\"300\" srcset=\"https:\/\/www.romainlevy.com\/wp-content\/uploads\/2021\/01\/21.png 300w, https:\/\/www.romainlevy.com\/wp-content\/uploads\/2021\/01\/21-150x150.png 150w, https:\/\/www.romainlevy.com\/wp-content\/uploads\/2021\/01\/21-12x12.png 12w\" sizes=\"auto, (max-width: 300px) 100vw, 300px\" \/><\/a><\/p>\n<p><a href=\"https:\/\/www.romainlevy.com\/en\/toolboxes\/webmarketing-seo-natural-referencing-the-tools-to-analyze-your-site-and-progress\/\"><img loading=\"lazy\" decoding=\"async\" class=\"alignnone wp-image-2787 size-full\" src=\"https:\/\/www.romainlevy.com\/wp-content\/uploads\/2021\/01\/31.png\" alt=\"Top SEO webmarketing tools Analyze your site\" width=\"300\" height=\"300\" srcset=\"https:\/\/www.romainlevy.com\/wp-content\/uploads\/2021\/01\/31.png 300w, https:\/\/www.romainlevy.com\/wp-content\/uploads\/2021\/01\/31-150x150.png 150w, https:\/\/www.romainlevy.com\/wp-content\/uploads\/2021\/01\/31-12x12.png 12w\" sizes=\"auto, (max-width: 300px) 100vw, 300px\" \/><\/a><\/p>\n<p><a href=\"https:\/\/www.romainlevy.com\/en\/toolboxes\/webmarketing-seo-natural-referencing-the-tools-to-follow-your-referencing\/\"><img loading=\"lazy\" decoding=\"async\" class=\"alignnone wp-image-2788 size-full\" src=\"https:\/\/www.romainlevy.com\/wp-content\/uploads\/2021\/01\/4.png\" alt=\"Top SEO webmarketing tools track your SEO\" width=\"300\" height=\"300\" srcset=\"https:\/\/www.romainlevy.com\/wp-content\/uploads\/2021\/01\/4.png 300w, https:\/\/www.romainlevy.com\/wp-content\/uploads\/2021\/01\/4-150x150.png 150w, https:\/\/www.romainlevy.com\/wp-content\/uploads\/2021\/01\/4-12x12.png 12w\" sizes=\"auto, (max-width: 300px) 100vw, 300px\" \/><\/a><\/p>\n<p><a href=\"https:\/\/www.romainlevy.com\/en\/toolboxes\/webmarketing-the-tools-to-develop-your-audience-and-your-backlinks\/\"><img loading=\"lazy\" decoding=\"async\" class=\"alignnone wp-image-2789 size-full\" src=\"https:\/\/www.romainlevy.com\/wp-content\/uploads\/2021\/01\/5.png\" alt=\"Top SEO webmarketing tools to develop your audience\" width=\"300\" height=\"300\" srcset=\"https:\/\/www.romainlevy.com\/wp-content\/uploads\/2021\/01\/5.png 300w, https:\/\/www.romainlevy.com\/wp-content\/uploads\/2021\/01\/5-150x150.png 150w, https:\/\/www.romainlevy.com\/wp-content\/uploads\/2021\/01\/5-12x12.png 12w\" sizes=\"auto, (max-width: 300px) 100vw, 300px\" \/><\/a><\/p>\n<p><a href=\"https:\/\/www.romainlevy.com\/en\/toolboxes\/webmarketing-the-tools-to-receive-the-details-of-your-prospects\/\"><img loading=\"lazy\" decoding=\"async\" class=\"alignnone wp-image-2790 size-full\" src=\"https:\/\/www.romainlevy.com\/wp-content\/uploads\/2021\/01\/6.png\" alt=\"Top webmarketing tools Conversion Facilitate contacts\" width=\"300\" height=\"300\" srcset=\"https:\/\/www.romainlevy.com\/wp-content\/uploads\/2021\/01\/6.png 300w, https:\/\/www.romainlevy.com\/wp-content\/uploads\/2021\/01\/6-150x150.png 150w, https:\/\/www.romainlevy.com\/wp-content\/uploads\/2021\/01\/6-12x12.png 12w\" sizes=\"auto, (max-width: 300px) 100vw, 300px\" \/><\/a><\/p>\n<p><a href=\"https:\/\/www.romainlevy.com\/en\/toolboxes\/webmarketing-convert-your-prospects-into-customers-via-mailing-tools\/\"><img loading=\"lazy\" decoding=\"async\" class=\"alignnone wp-image-2791 size-full\" src=\"https:\/\/www.romainlevy.com\/wp-content\/uploads\/2021\/01\/7.png\" alt=\"Top web marketing tools Conversion Mailing tools\" width=\"300\" height=\"300\" srcset=\"https:\/\/www.romainlevy.com\/wp-content\/uploads\/2021\/01\/7.png 300w, https:\/\/www.romainlevy.com\/wp-content\/uploads\/2021\/01\/7-150x150.png 150w, https:\/\/www.romainlevy.com\/wp-content\/uploads\/2021\/01\/7-12x12.png 12w\" sizes=\"auto, (max-width: 300px) 100vw, 300px\" \/><\/a><\/p>\n<p><a href=\"https:\/\/www.romainlevy.com\/en\/toolboxes\/growth-hacking-tools-for-social-networks\/\"><img loading=\"lazy\" decoding=\"async\" class=\"alignnone wp-image-2793 size-full\" src=\"https:\/\/www.romainlevy.com\/wp-content\/uploads\/2021\/01\/91.png\" alt=\"Top Growth Hacking Tools The Basics for Social Media\" width=\"300\" height=\"300\" srcset=\"https:\/\/www.romainlevy.com\/wp-content\/uploads\/2021\/01\/91.png 300w, https:\/\/www.romainlevy.com\/wp-content\/uploads\/2021\/01\/91-150x150.png 150w, https:\/\/www.romainlevy.com\/wp-content\/uploads\/2021\/01\/91-12x12.png 12w\" sizes=\"auto, (max-width: 300px) 100vw, 300px\" \/><\/a><\/p>\n<p><a href=\"https:\/\/www.romainlevy.com\/en\/toolboxes\/growth-hacking-tools-for-scrapping\/\"><img loading=\"lazy\" decoding=\"async\" class=\"alignnone wp-image-2794 size-full\" src=\"https:\/\/www.romainlevy.com\/wp-content\/uploads\/2021\/01\/11.png\" alt=\"\" width=\"300\" height=\"300\" srcset=\"https:\/\/www.romainlevy.com\/wp-content\/uploads\/2021\/01\/11.png 300w, https:\/\/www.romainlevy.com\/wp-content\/uploads\/2021\/01\/11-150x150.png 150w, https:\/\/www.romainlevy.com\/wp-content\/uploads\/2021\/01\/11-12x12.png 12w\" sizes=\"auto, (max-width: 300px) 100vw, 300px\" \/><\/a><\/p>\n\n\t\t<\/div>\n\t<\/div>\n<\/div><\/div><\/div><\/div>\n<\/div>","protected":false},"excerpt":{"rendered":"<p>[vc_row][vc_column width=\"4\/5\"][vc_single_image source=\"featured_image\" img_size=\"large\" alignment=\"center\"][vc_column_text]Bient\u00f4t ici je vous parlerai de :<\/p>\n","protected":false},"author":1,"featured_media":2911,"parent":1005,"menu_order":0,"comment_status":"closed","ping_status":"closed","template":"","meta":{"content-type":"","footnotes":""},"class_list":["post-2913","page","type-page","status-publish","has-post-thumbnail","hentry"],"yoast_head":"<!-- This site is optimized with the Yoast SEO plugin v27.4 - https:\/\/yoast.com\/product\/yoast-seo-wordpress\/ -->\n<title>Les outils Growth Hacking pour cr\u00e9er des robots (bot) et s\u2019appuyer sur l\u2019IA - Romain L\u00e9vy<\/title>\n<meta name=\"robots\" content=\"index, follow, max-snippet:-1, max-image-preview:large, max-video-preview:-1\" \/>\n<link rel=\"canonical\" href=\"https:\/\/www.romainlevy.com\/en\/toolboxes\/the-growth-hacking-tools-to-create-robots-bot-and-rely-on-lia\/\" \/>\n<meta property=\"og:locale\" content=\"en_GB\" \/>\n<meta property=\"og:type\" content=\"article\" \/>\n<meta property=\"og:title\" content=\"Les outils Growth Hacking pour cr\u00e9er des robots (bot) et s\u2019appuyer sur l\u2019IA - Romain L\u00e9vy\" \/>\n<meta property=\"og:description\" content=\"Bient\u00f4t ici je vous parlerai de :\" \/>\n<meta property=\"og:url\" content=\"https:\/\/www.romainlevy.com\/en\/toolboxes\/the-growth-hacking-tools-to-create-robots-bot-and-rely-on-lia\/\" \/>\n<meta property=\"og:site_name\" content=\"Romain L\u00e9vy\" \/>\n<meta property=\"article:modified_time\" content=\"2022-12-01T19:46:24+00:00\" \/>\n<meta property=\"og:image\" content=\"https:\/\/www.romainlevy.com\/wp-content\/uploads\/2021\/01\/13.png\" \/>\n\t<meta property=\"og:image:width\" content=\"300\" \/>\n\t<meta property=\"og:image:height\" content=\"300\" \/>\n\t<meta property=\"og:image:type\" content=\"image\/png\" \/>\n<meta name=\"twitter:card\" content=\"summary_large_image\" \/>\n<meta name=\"twitter:label1\" content=\"Estimated reading time\" \/>\n\t<meta name=\"twitter:data1\" content=\"4 minutes\" \/>\n<script type=\"application\/ld+json\" class=\"yoast-schema-graph\">{\"@context\":\"https:\\\/\\\/schema.org\",\"@graph\":[{\"@type\":\"WebPage\",\"@id\":\"https:\\\/\\\/www.romainlevy.com\\\/en\\\/toolboxes\\\/the-growth-hacking-tools-to-create-robots-bot-and-rely-on-lia\\\/\",\"url\":\"https:\\\/\\\/www.romainlevy.com\\\/en\\\/toolboxes\\\/the-growth-hacking-tools-to-create-robots-bot-and-rely-on-lia\\\/\",\"name\":\"Les outils Growth Hacking pour cr\u00e9er des robots (bot) et s\u2019appuyer sur l\u2019IA - Romain L\u00e9vy\",\"isPartOf\":{\"@id\":\"https:\\\/\\\/www.romainlevy.com\\\/fr\\\/#website\"},\"primaryImageOfPage\":{\"@id\":\"https:\\\/\\\/www.romainlevy.com\\\/en\\\/toolboxes\\\/the-growth-hacking-tools-to-create-robots-bot-and-rely-on-lia\\\/#primaryimage\"},\"image\":{\"@id\":\"https:\\\/\\\/www.romainlevy.com\\\/en\\\/toolboxes\\\/the-growth-hacking-tools-to-create-robots-bot-and-rely-on-lia\\\/#primaryimage\"},\"thumbnailUrl\":\"https:\\\/\\\/www.romainlevy.com\\\/wp-content\\\/uploads\\\/2021\\\/01\\\/13.png\",\"datePublished\":\"2021-01-24T14:46:32+00:00\",\"dateModified\":\"2022-12-01T19:46:24+00:00\",\"breadcrumb\":{\"@id\":\"https:\\\/\\\/www.romainlevy.com\\\/en\\\/toolboxes\\\/the-growth-hacking-tools-to-create-robots-bot-and-rely-on-lia\\\/#breadcrumb\"},\"inLanguage\":\"en-GB\",\"potentialAction\":[{\"@type\":\"ReadAction\",\"target\":[\"https:\\\/\\\/www.romainlevy.com\\\/en\\\/toolboxes\\\/the-growth-hacking-tools-to-create-robots-bot-and-rely-on-lia\\\/\"]}]},{\"@type\":\"ImageObject\",\"inLanguage\":\"en-GB\",\"@id\":\"https:\\\/\\\/www.romainlevy.com\\\/en\\\/toolboxes\\\/the-growth-hacking-tools-to-create-robots-bot-and-rely-on-lia\\\/#primaryimage\",\"url\":\"https:\\\/\\\/www.romainlevy.com\\\/wp-content\\\/uploads\\\/2021\\\/01\\\/13.png\",\"contentUrl\":\"https:\\\/\\\/www.romainlevy.com\\\/wp-content\\\/uploads\\\/2021\\\/01\\\/13.png\",\"width\":300,\"height\":300,\"caption\":\"Top Outils Growth Hacking Optimiser Robots et IA\"},{\"@type\":\"BreadcrumbList\",\"@id\":\"https:\\\/\\\/www.romainlevy.com\\\/en\\\/toolboxes\\\/the-growth-hacking-tools-to-create-robots-bot-and-rely-on-lia\\\/#breadcrumb\",\"itemListElement\":[{\"@type\":\"ListItem\",\"position\":1,\"name\":\"Accueil\",\"item\":\"https:\\\/\\\/www.romainlevy.com\\\/fr\\\/\"},{\"@type\":\"ListItem\",\"position\":2,\"name\":\"Mes boites \u00e0 outils\",\"item\":\"https:\\\/\\\/www.romainlevy.com\\\/fr\\\/boites-a-outils\\\/\"},{\"@type\":\"ListItem\",\"position\":3,\"name\":\"Les outils Growth Hacking pour cr\u00e9er des robots (bot) et s\u2019appuyer sur l\u2019IA\"}]},{\"@type\":\"WebSite\",\"@id\":\"https:\\\/\\\/www.romainlevy.com\\\/fr\\\/#website\",\"url\":\"https:\\\/\\\/www.romainlevy.com\\\/fr\\\/\",\"name\":\"Romain L\u00e9vy\",\"description\":\"Et si on m\u00ealait tradition et innovation ?\",\"publisher\":{\"@id\":\"https:\\\/\\\/www.romainlevy.com\\\/fr\\\/#\\\/schema\\\/person\\\/9807ad52294f0c8cffef60a461d6448d\"},\"potentialAction\":[{\"@type\":\"SearchAction\",\"target\":{\"@type\":\"EntryPoint\",\"urlTemplate\":\"https:\\\/\\\/www.romainlevy.com\\\/fr\\\/?s={search_term_string}\"},\"query-input\":{\"@type\":\"PropertyValueSpecification\",\"valueRequired\":true,\"valueName\":\"search_term_string\"}}],\"inLanguage\":\"en-GB\"},{\"@type\":[\"Person\",\"Organization\"],\"@id\":\"https:\\\/\\\/www.romainlevy.com\\\/fr\\\/#\\\/schema\\\/person\\\/9807ad52294f0c8cffef60a461d6448d\",\"name\":\"romain\",\"image\":{\"@type\":\"ImageObject\",\"inLanguage\":\"en-GB\",\"@id\":\"https:\\\/\\\/secure.gravatar.com\\\/avatar\\\/f80a54bc71c7566817c772597e25cc425bb2aa7e0b3d5f415b7a1a1a5977d099?s=96&d=mm&r=g\",\"url\":\"https:\\\/\\\/secure.gravatar.com\\\/avatar\\\/f80a54bc71c7566817c772597e25cc425bb2aa7e0b3d5f415b7a1a1a5977d099?s=96&d=mm&r=g\",\"contentUrl\":\"https:\\\/\\\/secure.gravatar.com\\\/avatar\\\/f80a54bc71c7566817c772597e25cc425bb2aa7e0b3d5f415b7a1a1a5977d099?s=96&d=mm&r=g\",\"caption\":\"romain\"},\"logo\":{\"@id\":\"https:\\\/\\\/secure.gravatar.com\\\/avatar\\\/f80a54bc71c7566817c772597e25cc425bb2aa7e0b3d5f415b7a1a1a5977d099?s=96&d=mm&r=g\"}}]}<\/script>\n<!-- \/ Yoast SEO plugin. -->","yoast_head_json":{"title":"Growth Hacking tools to create robots (bot) and rely on AI - Romain L\u00e9vy","robots":{"index":"index","follow":"follow","max-snippet":"max-snippet:-1","max-image-preview":"max-image-preview:large","max-video-preview":"max-video-preview:-1"},"canonical":"https:\/\/www.romainlevy.com\/en\/toolboxes\/the-growth-hacking-tools-to-create-robots-bot-and-rely-on-lia\/","og_locale":"en_GB","og_type":"article","og_title":"Les outils Growth Hacking pour cr\u00e9er des robots (bot) et s\u2019appuyer sur l\u2019IA - Romain L\u00e9vy","og_description":"Bient\u00f4t ici je vous parlerai de :","og_url":"https:\/\/www.romainlevy.com\/en\/toolboxes\/the-growth-hacking-tools-to-create-robots-bot-and-rely-on-lia\/","og_site_name":"Romain L\u00e9vy","article_modified_time":"2022-12-01T19:46:24+00:00","og_image":[{"width":300,"height":300,"url":"https:\/\/www.romainlevy.com\/wp-content\/uploads\/2021\/01\/13.png","type":"image\/png"}],"twitter_card":"summary_large_image","twitter_misc":{"Estimated reading time":"4 minutes"},"schema":{"@context":"https:\/\/schema.org","@graph":[{"@type":"WebPage","@id":"https:\/\/www.romainlevy.com\/en\/toolboxes\/the-growth-hacking-tools-to-create-robots-bot-and-rely-on-lia\/","url":"https:\/\/www.romainlevy.com\/en\/toolboxes\/the-growth-hacking-tools-to-create-robots-bot-and-rely-on-lia\/","name":"Growth Hacking tools to create robots (bot) and rely on AI - Romain L\u00e9vy","isPartOf":{"@id":"https:\/\/www.romainlevy.com\/fr\/#website"},"primaryImageOfPage":{"@id":"https:\/\/www.romainlevy.com\/en\/toolboxes\/the-growth-hacking-tools-to-create-robots-bot-and-rely-on-lia\/#primaryimage"},"image":{"@id":"https:\/\/www.romainlevy.com\/en\/toolboxes\/the-growth-hacking-tools-to-create-robots-bot-and-rely-on-lia\/#primaryimage"},"thumbnailUrl":"https:\/\/www.romainlevy.com\/wp-content\/uploads\/2021\/01\/13.png","datePublished":"2021-01-24T14:46:32+00:00","dateModified":"2022-12-01T19:46:24+00:00","breadcrumb":{"@id":"https:\/\/www.romainlevy.com\/en\/toolboxes\/the-growth-hacking-tools-to-create-robots-bot-and-rely-on-lia\/#breadcrumb"},"inLanguage":"en-GB","potentialAction":[{"@type":"ReadAction","target":["https:\/\/www.romainlevy.com\/en\/toolboxes\/the-growth-hacking-tools-to-create-robots-bot-and-rely-on-lia\/"]}]},{"@type":"ImageObject","inLanguage":"en-GB","@id":"https:\/\/www.romainlevy.com\/en\/toolboxes\/the-growth-hacking-tools-to-create-robots-bot-and-rely-on-lia\/#primaryimage","url":"https:\/\/www.romainlevy.com\/wp-content\/uploads\/2021\/01\/13.png","contentUrl":"https:\/\/www.romainlevy.com\/wp-content\/uploads\/2021\/01\/13.png","width":300,"height":300,"caption":"Top Outils Growth Hacking Optimiser Robots et IA"},{"@type":"BreadcrumbList","@id":"https:\/\/www.romainlevy.com\/en\/toolboxes\/the-growth-hacking-tools-to-create-robots-bot-and-rely-on-lia\/#breadcrumb","itemListElement":[{"@type":"ListItem","position":1,"name":"Accueil","item":"https:\/\/www.romainlevy.com\/fr\/"},{"@type":"ListItem","position":2,"name":"Mes boites \u00e0 outils","item":"https:\/\/www.romainlevy.com\/fr\/boites-a-outils\/"},{"@type":"ListItem","position":3,"name":"Les outils Growth Hacking pour cr\u00e9er des robots (bot) et s\u2019appuyer sur l\u2019IA"}]},{"@type":"WebSite","@id":"https:\/\/www.romainlevy.com\/fr\/#website","url":"https:\/\/www.romainlevy.com\/fr\/","name":"Romain Levy","description":"What if we combined tradition and innovation?","publisher":{"@id":"https:\/\/www.romainlevy.com\/fr\/#\/schema\/person\/9807ad52294f0c8cffef60a461d6448d"},"potentialAction":[{"@type":"SearchAction","target":{"@type":"EntryPoint","urlTemplate":"https:\/\/www.romainlevy.com\/fr\/?s={search_term_string}"},"query-input":{"@type":"PropertyValueSpecification","valueRequired":true,"valueName":"search_term_string"}}],"inLanguage":"en-GB"},{"@type":["Person","Organization"],"@id":"https:\/\/www.romainlevy.com\/fr\/#\/schema\/person\/9807ad52294f0c8cffef60a461d6448d","name":"Roman","image":{"@type":"ImageObject","inLanguage":"en-GB","@id":"https:\/\/secure.gravatar.com\/avatar\/f80a54bc71c7566817c772597e25cc425bb2aa7e0b3d5f415b7a1a1a5977d099?s=96&d=mm&r=g","url":"https:\/\/secure.gravatar.com\/avatar\/f80a54bc71c7566817c772597e25cc425bb2aa7e0b3d5f415b7a1a1a5977d099?s=96&d=mm&r=g","contentUrl":"https:\/\/secure.gravatar.com\/avatar\/f80a54bc71c7566817c772597e25cc425bb2aa7e0b3d5f415b7a1a1a5977d099?s=96&d=mm&r=g","caption":"romain"},"logo":{"@id":"https:\/\/secure.gravatar.com\/avatar\/f80a54bc71c7566817c772597e25cc425bb2aa7e0b3d5f415b7a1a1a5977d099?s=96&d=mm&r=g"}}]}},"_links":{"self":[{"href":"https:\/\/www.romainlevy.com\/en\/wp-json\/wp\/v2\/pages\/2913","targetHints":{"allow":["GET"]}}],"collection":[{"href":"https:\/\/www.romainlevy.com\/en\/wp-json\/wp\/v2\/pages"}],"about":[{"href":"https:\/\/www.romainlevy.com\/en\/wp-json\/wp\/v2\/types\/page"}],"author":[{"embeddable":true,"href":"https:\/\/www.romainlevy.com\/en\/wp-json\/wp\/v2\/users\/1"}],"replies":[{"embeddable":true,"href":"https:\/\/www.romainlevy.com\/en\/wp-json\/wp\/v2\/comments?post=2913"}],"version-history":[{"count":9,"href":"https:\/\/www.romainlevy.com\/en\/wp-json\/wp\/v2\/pages\/2913\/revisions"}],"predecessor-version":[{"id":3233,"href":"https:\/\/www.romainlevy.com\/en\/wp-json\/wp\/v2\/pages\/2913\/revisions\/3233"}],"up":[{"embeddable":true,"href":"https:\/\/www.romainlevy.com\/en\/wp-json\/wp\/v2\/pages\/1005"}],"wp:featuredmedia":[{"embeddable":true,"href":"https:\/\/www.romainlevy.com\/en\/wp-json\/wp\/v2\/media\/2911"}],"wp:attachment":[{"href":"https:\/\/www.romainlevy.com\/en\/wp-json\/wp\/v2\/media?parent=2913"}],"curies":[{"name":"wp","href":"https:\/\/api.w.org\/{rel}","templated":true}]}}