{"id":2817,"date":"2021-01-17T11:20:54","date_gmt":"2021-01-17T10:20:54","guid":{"rendered":"https:\/\/www.romainlevy.com\/?page_id=2817"},"modified":"2021-04-23T19:31:00","modified_gmt":"2021-04-23T17:31:00","slug":"webmarketing-les-outils-pour-developper-son-audience-et-ses-backlinks","status":"publish","type":"page","link":"https:\/\/www.romainlevy.com\/fr\/boites-a-outils\/webmarketing-les-outils-pour-developper-son-audience-et-ses-backlinks\/","title":{"rendered":"Webmarketing, Les outils pour d\u00e9velopper son audience et ses Backlinks"},"content":{"rendered":"<div class=\"wpb-content-wrapper\"><div class=\"vc_row wpb_row vc_row-fluid\"><div class=\"wpb_column vc_column_container vc_col-sm-4\/5\"><div class=\"vc_column-inner \"><div class=\"wpb_wrapper\">\n\t<div  class=\"wpb_single_image wpb_content_element vc_align_center wpb_content_element\">\n\t\t\n\t\t<figure class=\"wpb_wrapper vc_figure\">\n\t\t\t<div class=\"vc_single_image-wrapper   vc_box_border_grey\"><img loading=\"lazy\" decoding=\"async\" width=\"300\" height=\"300\" src=\"https:\/\/www.romainlevy.com\/wp-content\/uploads\/2021\/01\/5.png\" class=\"vc_single_image-img attachment-large\" alt=\"Top outils webmarketing SEO d\u00e9velopper son audience\" title=\"Top outils webmarketing SEO d\u00e9velopper son audience\" srcset=\"https:\/\/www.romainlevy.com\/wp-content\/uploads\/2021\/01\/5.png 300w, https:\/\/www.romainlevy.com\/wp-content\/uploads\/2021\/01\/5-150x150.png 150w, https:\/\/www.romainlevy.com\/wp-content\/uploads\/2021\/01\/5-12x12.png 12w\" sizes=\"auto, (max-width: 300px) 100vw, 300px\" \/><\/div>\n\t\t<\/figure>\n\t<\/div>\n\n\t<div class=\"wpb_text_column wpb_content_element\" >\n\t\t<div class=\"wpb_wrapper\">\n\t\t\t<p>Nous l\u2019avons vu les <strong>Backlinks<\/strong>, ou liens pr\u00e9sents sur d\u2019autres sites menant vers le v\u00f4tre, sont <strong>pris en compte dans le SEO <\/strong>(Voir <a href=\"https:\/\/www.romainlevy.com\/boites-a-outils\/webmarketing-seo-referencement-naturel-les-outils-pour-suivre-son-referencement\/\">Les outils pour suivre son r\u00e9f\u00e9rencement<\/a>). Ils permettent de montrer que certains vous recommandent. Il est de notori\u00e9t\u00e9 publique que <strong>Google fait la chasse aux liens non pertinents et peut blacklister les sites en abusant<\/strong>. Il faut donc rester prudent lorsqu\u2019on ach\u00e8te des liens menant \u00e0 notre site avec comme seul objectif d\u2019augmenter notre SEO.<\/p>\n<p>Cependant, il existe des outils et services permettant d\u2019\u00eatre mis en relation avec des auteurs, blogueurs ou journalistes par exemple. En se focalisant sur la <strong>cr\u00e9ation de lien entrants<\/strong> provenant de <strong>sources fiables<\/strong> et en rapport \u00e0 votre secteur d\u2019activit\u00e9 alors vous pourrez avoir des visiteurs qualifi\u00e9s et ainsi montrer \u00e0 Google que <strong>ces liens sont l\u00e9gitimes et justifi\u00e9s<\/strong>.<\/p>\n<h2>Comment avoir des liens sponsoris\u00e9s ?<\/h2>\n<p>Pour cela vous pouvez passer par <a href=\"https:\/\/affiliate-getfluence.com\/fr\/84e09e65932421b250740a24d7dad030\" target=\"_blank\" rel=\"noopener\"><em><strong>GetFluence<\/strong> <\/em><\/a>et acheter des <strong>articles sponsoris\u00e9s<\/strong> avec des <strong>liens SEO<\/strong> ou encore <em><strong><a href=\"https:\/\/www.semjuice.com\/?id_affiliate=1486189497\" target=\"_blank\" rel=\"noopener\">SEM Juice<\/a><\/strong><\/em> (avec des formules fun et fruit\u00e9es !). Cocorico, ces deux solutions sont <strong>Made In France<\/strong> !<\/p>\n<p>Justement, voici un webinaire organis\u00e9 par SEM Juice sur le sujet :<\/p>\n<p><iframe loading=\"lazy\" title=\"YouTube video player\" src=\"https:\/\/www.youtube.com\/embed\/wezU8hxozfk\" width=\"560\" height=\"315\" frameborder=\"0\" allowfullscreen=\"allowfullscreen\"><\/iframe><\/p>\n<p>&nbsp;<\/p>\n<p>Une autre solution fran\u00e7aise est <a href=\"https:\/\/www.rocketlinks.com\/fr\/\" target=\"_blank\" rel=\"noopener\"><em><strong>Rocketlinks<\/strong> <\/em><\/a>permettant d\u2019\u00eatre <strong>mise en relation avec des blogueurs et des sites de presse<\/strong> pour avoir des articles sponsoris\u00e9s.<\/p>\n<h2>Avoir des liens Backlinks sans payer<\/h2>\n<p>Enfin, <a href=\"https:\/\/www.dealerdetemps.com\" target=\"_blank\" rel=\"noopener\"><em><strong>Dealerdetemps<\/strong> <\/em><\/a>permet d\u2019<strong>\u00e9changer des liens contre des liens<\/strong> (ou du temps d\u2019\u00e9criture contre du temps d\u2019\u00e9criture) de mani\u00e8re intelligente sans faire d\u2019\u00e9changes directs ni m\u00eame triangulaires qui seraient mal vus par Google. Vous pouvez ainsi mettre votre blog ou votre site en ligne et \u00e9crire un article sponsoris\u00e9 pour quelqu\u2019un d\u2019autre. Cela va vous apporter des points que vous pourrez d\u00e9penser en achetant un lien dans <strong>un article sponsoris\u00e9<\/strong> d\u2019un autre site internet.<\/p>\n<p style=\"text-align: right;\"><a href=\"https:\/\/www.romainlevy.com\/boites-a-outils\/webmarketing-les-outils-pour-recevoir-les-coordonnees-de-vos-prospects\/\">Suivant<\/a><\/p>\n<p style=\"text-align: right;\"><a href=\"https:\/\/www.romainlevy.com\/fr_fr\/boites-a-outils\/webmarketing-les-outils-pour-recevoir-les-coordonnees-de-vos-prospects\/\"><img loading=\"lazy\" decoding=\"async\" class=\"alignnone wp-image-2790 size-full\" src=\"https:\/\/www.romainlevy.com\/wp-content\/uploads\/2021\/01\/6.png\" alt=\"Top outils webmarketing Conversion Faciliter les contacts\" width=\"300\" height=\"300\" srcset=\"https:\/\/www.romainlevy.com\/wp-content\/uploads\/2021\/01\/6.png 300w, https:\/\/www.romainlevy.com\/wp-content\/uploads\/2021\/01\/6-150x150.png 150w, https:\/\/www.romainlevy.com\/wp-content\/uploads\/2021\/01\/6-12x12.png 12w\" sizes=\"auto, (max-width: 300px) 100vw, 300px\" \/><\/a><\/p>\n\n\t\t<\/div>\n\t<\/div>\n<\/div><\/div><\/div><div class=\"wpb_column vc_column_container vc_col-sm-1\/5\"><div class=\"vc_column-inner \"><div class=\"wpb_wrapper\">\n\t<div class=\"wpb_text_column wpb_content_element\" >\n\t\t<div class=\"wpb_wrapper\">\n\t\t\t<p>Mes autres bo\u00eetes \u00e0 outils<\/p>\n<p><a href=\"https:\/\/www.romainlevy.com\/fr_fr\/boites-a-outils\/les-outils-growth-hacking-pour-automatiser-les-taches\/\"><img loading=\"lazy\" decoding=\"async\" class=\"alignnone wp-image-2792 size-full\" src=\"https:\/\/www.romainlevy.com\/wp-content\/uploads\/2021\/01\/8.png\" alt=\"Top outils Growth Hacking Les bases Automatiser les t\u00e2ches\" width=\"300\" height=\"300\" srcset=\"https:\/\/www.romainlevy.com\/wp-content\/uploads\/2021\/01\/8.png 300w, https:\/\/www.romainlevy.com\/wp-content\/uploads\/2021\/01\/8-150x150.png 150w, https:\/\/www.romainlevy.com\/wp-content\/uploads\/2021\/01\/8-12x12.png 12w\" sizes=\"auto, (max-width: 300px) 100vw, 300px\" \/><\/a><\/p>\n<p><a href=\"https:\/\/www.romainlevy.com\/fr_fr\/boites-a-outils\/les-outils-growth-hacking-pour-les-reseaux-sociaux\/\"><img loading=\"lazy\" decoding=\"async\" class=\"alignnone wp-image-2793 size-full\" src=\"https:\/\/www.romainlevy.com\/wp-content\/uploads\/2021\/01\/91.png\" alt=\"Top outils Growth Hacking Les bases pour les r\u00e9seaux-sociaux\" width=\"300\" height=\"300\" srcset=\"https:\/\/www.romainlevy.com\/wp-content\/uploads\/2021\/01\/91.png 300w, https:\/\/www.romainlevy.com\/wp-content\/uploads\/2021\/01\/91-150x150.png 150w, https:\/\/www.romainlevy.com\/wp-content\/uploads\/2021\/01\/91-12x12.png 12w\" sizes=\"auto, (max-width: 300px) 100vw, 300px\" \/><\/a><\/p>\n<p><a href=\"https:\/\/www.romainlevy.com\/fr_fr\/boites-a-outils\/les-outils-growth-hacking-pour-scrapper\/\"><img loading=\"lazy\" decoding=\"async\" class=\"alignnone wp-image-2794 size-full\" src=\"https:\/\/www.romainlevy.com\/wp-content\/uploads\/2021\/01\/11.png\" alt=\"\" width=\"300\" height=\"300\" srcset=\"https:\/\/www.romainlevy.com\/wp-content\/uploads\/2021\/01\/11.png 300w, https:\/\/www.romainlevy.com\/wp-content\/uploads\/2021\/01\/11-150x150.png 150w, https:\/\/www.romainlevy.com\/wp-content\/uploads\/2021\/01\/11-12x12.png 12w\" sizes=\"auto, (max-width: 300px) 100vw, 300px\" \/><\/a><\/p>\n<p><a href=\"https:\/\/www.romainlevy.com\/fr_fr\/boites-a-outils\/webmarketing-le-seo-referencement-naturel-les-outils-pour-trouver-des-mots-clefs-et-se-referencer\/\"><img loading=\"lazy\" decoding=\"async\" class=\"alignnone wp-image-2786 size-full\" src=\"https:\/\/www.romainlevy.com\/wp-content\/uploads\/2021\/01\/21.png\" alt=\"Top outils webmarketing SEO Trouver des mots clefs\" width=\"300\" height=\"300\" srcset=\"https:\/\/www.romainlevy.com\/wp-content\/uploads\/2021\/01\/21.png 300w, https:\/\/www.romainlevy.com\/wp-content\/uploads\/2021\/01\/21-150x150.png 150w, https:\/\/www.romainlevy.com\/wp-content\/uploads\/2021\/01\/21-12x12.png 12w\" sizes=\"auto, (max-width: 300px) 100vw, 300px\" \/><\/a><\/p>\n<p><a href=\"https:\/\/www.romainlevy.com\/fr_fr\/boites-a-outils\/webmarketing-seo-referencement-naturel-les-outils-pour-analyser-son-site-et-progresser\/\"><img loading=\"lazy\" decoding=\"async\" class=\"alignnone wp-image-2787 size-full\" src=\"https:\/\/www.romainlevy.com\/wp-content\/uploads\/2021\/01\/31.png\" alt=\"Top outils webmarketing SEO Analyser son site\" width=\"300\" height=\"300\" srcset=\"https:\/\/www.romainlevy.com\/wp-content\/uploads\/2021\/01\/31.png 300w, https:\/\/www.romainlevy.com\/wp-content\/uploads\/2021\/01\/31-150x150.png 150w, https:\/\/www.romainlevy.com\/wp-content\/uploads\/2021\/01\/31-12x12.png 12w\" sizes=\"auto, (max-width: 300px) 100vw, 300px\" \/><\/a><\/p>\n<p><a href=\"https:\/\/www.romainlevy.com\/fr_fr\/boites-a-outils\/webmarketing-seo-referencement-naturel-les-outils-pour-suivre-son-referencement\/\"><img loading=\"lazy\" decoding=\"async\" class=\"alignnone wp-image-2788 size-full\" src=\"https:\/\/www.romainlevy.com\/wp-content\/uploads\/2021\/01\/4.png\" alt=\"Top outils webmarketing SEO suivre son r\u00e9f\u00e9rencement\" width=\"300\" height=\"300\" srcset=\"https:\/\/www.romainlevy.com\/wp-content\/uploads\/2021\/01\/4.png 300w, https:\/\/www.romainlevy.com\/wp-content\/uploads\/2021\/01\/4-150x150.png 150w, https:\/\/www.romainlevy.com\/wp-content\/uploads\/2021\/01\/4-12x12.png 12w\" sizes=\"auto, (max-width: 300px) 100vw, 300px\" \/><\/a><\/p>\n<p><a href=\"https:\/\/www.romainlevy.com\/fr_fr\/boites-a-outils\/webmarketing-les-outils-pour-recevoir-les-coordonnees-de-vos-prospects\/\"><img loading=\"lazy\" decoding=\"async\" class=\"alignnone wp-image-2790 size-full\" src=\"https:\/\/www.romainlevy.com\/wp-content\/uploads\/2021\/01\/6.png\" alt=\"Top outils webmarketing Conversion Faciliter les contacts\" width=\"300\" height=\"300\" srcset=\"https:\/\/www.romainlevy.com\/wp-content\/uploads\/2021\/01\/6.png 300w, https:\/\/www.romainlevy.com\/wp-content\/uploads\/2021\/01\/6-150x150.png 150w, https:\/\/www.romainlevy.com\/wp-content\/uploads\/2021\/01\/6-12x12.png 12w\" sizes=\"auto, (max-width: 300px) 100vw, 300px\" \/><\/a><\/p>\n<p><a href=\"https:\/\/www.romainlevy.com\/fr_fr\/boites-a-outils\/webmarketing-convertir-vos-prospects-en-clients-via-les-outils-de-mailing\/\"><img loading=\"lazy\" decoding=\"async\" class=\"alignnone wp-image-2791 size-full\" src=\"https:\/\/www.romainlevy.com\/wp-content\/uploads\/2021\/01\/7.png\" alt=\"Top outils webmarketing Conversion Outils de mailing\" width=\"300\" height=\"300\" srcset=\"https:\/\/www.romainlevy.com\/wp-content\/uploads\/2021\/01\/7.png 300w, https:\/\/www.romainlevy.com\/wp-content\/uploads\/2021\/01\/7-150x150.png 150w, https:\/\/www.romainlevy.com\/wp-content\/uploads\/2021\/01\/7-12x12.png 12w\" sizes=\"auto, (max-width: 300px) 100vw, 300px\" \/><\/a><\/p>\n\n\t\t<\/div>\n\t<\/div>\n<\/div><\/div><\/div><\/div>\n<\/div>","protected":false},"excerpt":{"rendered":"<p>[vc_row][vc_column width=\"4\/5\"][vc_single_image source=\"featured_image\" img_size=\"large\" alignment=\"center\"][vc_column_text]Nous l\u2019avons vu les Backlinks, ou liens pr\u00e9sents sur d\u2019autres sites menant vers le v\u00f4tre, sont pris en compte dans le SEO (Voir Les outils pour suivre son r\u00e9f\u00e9rencement). Ils permettent de montrer que certains vous recommandent. Il est de notori\u00e9t\u00e9 publique que Google fait la chasse aux liens non pertinents et peut blacklister les sites en abusant. Il faut donc rester prudent lorsqu\u2019on ach\u00e8te des liens menant \u00e0 notre site avec comme seul objectif d\u2019augmenter notre SEO.<\/p>\n","protected":false},"author":1,"featured_media":2789,"parent":1005,"menu_order":0,"comment_status":"closed","ping_status":"closed","template":"","meta":{"content-type":"","footnotes":""},"class_list":["post-2817","page","type-page","status-publish","has-post-thumbnail","hentry"],"yoast_head":"<!-- This site is optimized with the Yoast SEO plugin v27.3 - https:\/\/yoast.com\/product\/yoast-seo-wordpress\/ -->\n<title>Webmarketing, Les outils pour d\u00e9velopper son audience et ses Backlinks - Romain L\u00e9vy<\/title>\n<meta name=\"robots\" content=\"index, follow, max-snippet:-1, max-image-preview:large, max-video-preview:-1\" \/>\n<link rel=\"canonical\" href=\"https:\/\/www.romainlevy.com\/fr\/boites-a-outils\/webmarketing-les-outils-pour-developper-son-audience-et-ses-backlinks\/\" \/>\n<meta property=\"og:locale\" content=\"fr_FR\" \/>\n<meta property=\"og:type\" content=\"article\" \/>\n<meta property=\"og:title\" content=\"Webmarketing, Les outils pour d\u00e9velopper son audience et ses Backlinks - Romain L\u00e9vy\" \/>\n<meta property=\"og:description\" content=\"Nous l\u2019avons vu les Backlinks, ou liens pr\u00e9sents sur d\u2019autres sites menant vers le v\u00f4tre, sont pris en compte dans le SEO (Voir Les outils pour suivre son r\u00e9f\u00e9rencement). Ils permettent de montrer que certains vous recommandent. Il est de notori\u00e9t\u00e9 publique que Google fait la chasse aux liens non pertinents et peut blacklister les sites en abusant. Il faut donc rester prudent lorsqu\u2019on ach\u00e8te des liens menant \u00e0 notre site avec comme seul objectif d\u2019augmenter notre SEO.\" \/>\n<meta property=\"og:url\" content=\"https:\/\/www.romainlevy.com\/fr\/boites-a-outils\/webmarketing-les-outils-pour-developper-son-audience-et-ses-backlinks\/\" \/>\n<meta property=\"og:site_name\" content=\"Romain L\u00e9vy\" \/>\n<meta property=\"article:modified_time\" content=\"2021-04-23T17:31:00+00:00\" \/>\n<meta property=\"og:image\" content=\"https:\/\/www.romainlevy.com\/wp-content\/uploads\/2021\/01\/5.png\" \/>\n\t<meta property=\"og:image:width\" content=\"300\" \/>\n\t<meta property=\"og:image:height\" content=\"300\" \/>\n\t<meta property=\"og:image:type\" content=\"image\/png\" \/>\n<meta name=\"twitter:card\" content=\"summary_large_image\" \/>\n<meta name=\"twitter:label1\" content=\"Dur\u00e9e de lecture estim\u00e9e\" \/>\n\t<meta name=\"twitter:data1\" content=\"4 minutes\" \/>\n<script type=\"application\/ld+json\" class=\"yoast-schema-graph\">{\"@context\":\"https:\\\/\\\/schema.org\",\"@graph\":[{\"@type\":\"WebPage\",\"@id\":\"https:\\\/\\\/www.romainlevy.com\\\/fr\\\/boites-a-outils\\\/webmarketing-les-outils-pour-developper-son-audience-et-ses-backlinks\\\/\",\"url\":\"https:\\\/\\\/www.romainlevy.com\\\/fr\\\/boites-a-outils\\\/webmarketing-les-outils-pour-developper-son-audience-et-ses-backlinks\\\/\",\"name\":\"Webmarketing, Les outils pour d\u00e9velopper son audience et ses Backlinks - Romain L\u00e9vy\",\"isPartOf\":{\"@id\":\"https:\\\/\\\/www.romainlevy.com\\\/en\\\/#website\"},\"primaryImageOfPage\":{\"@id\":\"https:\\\/\\\/www.romainlevy.com\\\/fr\\\/boites-a-outils\\\/webmarketing-les-outils-pour-developper-son-audience-et-ses-backlinks\\\/#primaryimage\"},\"image\":{\"@id\":\"https:\\\/\\\/www.romainlevy.com\\\/fr\\\/boites-a-outils\\\/webmarketing-les-outils-pour-developper-son-audience-et-ses-backlinks\\\/#primaryimage\"},\"thumbnailUrl\":\"https:\\\/\\\/www.romainlevy.com\\\/wp-content\\\/uploads\\\/2021\\\/01\\\/5.png\",\"datePublished\":\"2021-01-17T10:20:54+00:00\",\"dateModified\":\"2021-04-23T17:31:00+00:00\",\"breadcrumb\":{\"@id\":\"https:\\\/\\\/www.romainlevy.com\\\/fr\\\/boites-a-outils\\\/webmarketing-les-outils-pour-developper-son-audience-et-ses-backlinks\\\/#breadcrumb\"},\"inLanguage\":\"fr-FR\",\"potentialAction\":[{\"@type\":\"ReadAction\",\"target\":[\"https:\\\/\\\/www.romainlevy.com\\\/fr\\\/boites-a-outils\\\/webmarketing-les-outils-pour-developper-son-audience-et-ses-backlinks\\\/\"]}]},{\"@type\":\"ImageObject\",\"inLanguage\":\"fr-FR\",\"@id\":\"https:\\\/\\\/www.romainlevy.com\\\/fr\\\/boites-a-outils\\\/webmarketing-les-outils-pour-developper-son-audience-et-ses-backlinks\\\/#primaryimage\",\"url\":\"https:\\\/\\\/www.romainlevy.com\\\/wp-content\\\/uploads\\\/2021\\\/01\\\/5.png\",\"contentUrl\":\"https:\\\/\\\/www.romainlevy.com\\\/wp-content\\\/uploads\\\/2021\\\/01\\\/5.png\",\"width\":300,\"height\":300,\"caption\":\"Top outils webmarketing SEO d\u00e9velopper son audience\"},{\"@type\":\"BreadcrumbList\",\"@id\":\"https:\\\/\\\/www.romainlevy.com\\\/fr\\\/boites-a-outils\\\/webmarketing-les-outils-pour-developper-son-audience-et-ses-backlinks\\\/#breadcrumb\",\"itemListElement\":[{\"@type\":\"ListItem\",\"position\":1,\"name\":\"Accueil\",\"item\":\"https:\\\/\\\/www.romainlevy.com\\\/en\\\/\"},{\"@type\":\"ListItem\",\"position\":2,\"name\":\"Mes boites \u00e0 outils\",\"item\":\"https:\\\/\\\/www.romainlevy.com\\\/en\\\/toolboxes\\\/\"},{\"@type\":\"ListItem\",\"position\":3,\"name\":\"Webmarketing, Les outils pour d\u00e9velopper son audience et ses Backlinks\"}]},{\"@type\":\"WebSite\",\"@id\":\"https:\\\/\\\/www.romainlevy.com\\\/en\\\/#website\",\"url\":\"https:\\\/\\\/www.romainlevy.com\\\/en\\\/\",\"name\":\"Romain L\u00e9vy\",\"description\":\"Et si on m\u00ealait tradition et innovation ?\",\"publisher\":{\"@id\":\"https:\\\/\\\/www.romainlevy.com\\\/en\\\/#\\\/schema\\\/person\\\/9807ad52294f0c8cffef60a461d6448d\"},\"potentialAction\":[{\"@type\":\"SearchAction\",\"target\":{\"@type\":\"EntryPoint\",\"urlTemplate\":\"https:\\\/\\\/www.romainlevy.com\\\/en\\\/?s={search_term_string}\"},\"query-input\":{\"@type\":\"PropertyValueSpecification\",\"valueRequired\":true,\"valueName\":\"search_term_string\"}}],\"inLanguage\":\"fr-FR\"},{\"@type\":[\"Person\",\"Organization\"],\"@id\":\"https:\\\/\\\/www.romainlevy.com\\\/en\\\/#\\\/schema\\\/person\\\/9807ad52294f0c8cffef60a461d6448d\",\"name\":\"romain\",\"image\":{\"@type\":\"ImageObject\",\"inLanguage\":\"fr-FR\",\"@id\":\"https:\\\/\\\/secure.gravatar.com\\\/avatar\\\/f80a54bc71c7566817c772597e25cc425bb2aa7e0b3d5f415b7a1a1a5977d099?s=96&d=mm&r=g\",\"url\":\"https:\\\/\\\/secure.gravatar.com\\\/avatar\\\/f80a54bc71c7566817c772597e25cc425bb2aa7e0b3d5f415b7a1a1a5977d099?s=96&d=mm&r=g\",\"contentUrl\":\"https:\\\/\\\/secure.gravatar.com\\\/avatar\\\/f80a54bc71c7566817c772597e25cc425bb2aa7e0b3d5f415b7a1a1a5977d099?s=96&d=mm&r=g\",\"caption\":\"romain\"},\"logo\":{\"@id\":\"https:\\\/\\\/secure.gravatar.com\\\/avatar\\\/f80a54bc71c7566817c772597e25cc425bb2aa7e0b3d5f415b7a1a1a5977d099?s=96&d=mm&r=g\"}}]}<\/script>\n<!-- \/ Yoast SEO plugin. -->","yoast_head_json":{"title":"Webmarketing, Les outils pour d\u00e9velopper son audience et ses Backlinks - Romain L\u00e9vy","robots":{"index":"index","follow":"follow","max-snippet":"max-snippet:-1","max-image-preview":"max-image-preview:large","max-video-preview":"max-video-preview:-1"},"canonical":"https:\/\/www.romainlevy.com\/fr\/boites-a-outils\/webmarketing-les-outils-pour-developper-son-audience-et-ses-backlinks\/","og_locale":"fr_FR","og_type":"article","og_title":"Webmarketing, Les outils pour d\u00e9velopper son audience et ses Backlinks - Romain L\u00e9vy","og_description":"Nous l\u2019avons vu les Backlinks, ou liens pr\u00e9sents sur d\u2019autres sites menant vers le v\u00f4tre, sont pris en compte dans le SEO (Voir Les outils pour suivre son r\u00e9f\u00e9rencement). Ils permettent de montrer que certains vous recommandent. Il est de notori\u00e9t\u00e9 publique que Google fait la chasse aux liens non pertinents et peut blacklister les sites en abusant. Il faut donc rester prudent lorsqu\u2019on ach\u00e8te des liens menant \u00e0 notre site avec comme seul objectif d\u2019augmenter notre SEO.","og_url":"https:\/\/www.romainlevy.com\/fr\/boites-a-outils\/webmarketing-les-outils-pour-developper-son-audience-et-ses-backlinks\/","og_site_name":"Romain L\u00e9vy","article_modified_time":"2021-04-23T17:31:00+00:00","og_image":[{"width":300,"height":300,"url":"https:\/\/www.romainlevy.com\/wp-content\/uploads\/2021\/01\/5.png","type":"image\/png"}],"twitter_card":"summary_large_image","twitter_misc":{"Dur\u00e9e de lecture estim\u00e9e":"4 minutes"},"schema":{"@context":"https:\/\/schema.org","@graph":[{"@type":"WebPage","@id":"https:\/\/www.romainlevy.com\/fr\/boites-a-outils\/webmarketing-les-outils-pour-developper-son-audience-et-ses-backlinks\/","url":"https:\/\/www.romainlevy.com\/fr\/boites-a-outils\/webmarketing-les-outils-pour-developper-son-audience-et-ses-backlinks\/","name":"Webmarketing, Les outils pour d\u00e9velopper son audience et ses Backlinks - Romain L\u00e9vy","isPartOf":{"@id":"https:\/\/www.romainlevy.com\/en\/#website"},"primaryImageOfPage":{"@id":"https:\/\/www.romainlevy.com\/fr\/boites-a-outils\/webmarketing-les-outils-pour-developper-son-audience-et-ses-backlinks\/#primaryimage"},"image":{"@id":"https:\/\/www.romainlevy.com\/fr\/boites-a-outils\/webmarketing-les-outils-pour-developper-son-audience-et-ses-backlinks\/#primaryimage"},"thumbnailUrl":"https:\/\/www.romainlevy.com\/wp-content\/uploads\/2021\/01\/5.png","datePublished":"2021-01-17T10:20:54+00:00","dateModified":"2021-04-23T17:31:00+00:00","breadcrumb":{"@id":"https:\/\/www.romainlevy.com\/fr\/boites-a-outils\/webmarketing-les-outils-pour-developper-son-audience-et-ses-backlinks\/#breadcrumb"},"inLanguage":"fr-FR","potentialAction":[{"@type":"ReadAction","target":["https:\/\/www.romainlevy.com\/fr\/boites-a-outils\/webmarketing-les-outils-pour-developper-son-audience-et-ses-backlinks\/"]}]},{"@type":"ImageObject","inLanguage":"fr-FR","@id":"https:\/\/www.romainlevy.com\/fr\/boites-a-outils\/webmarketing-les-outils-pour-developper-son-audience-et-ses-backlinks\/#primaryimage","url":"https:\/\/www.romainlevy.com\/wp-content\/uploads\/2021\/01\/5.png","contentUrl":"https:\/\/www.romainlevy.com\/wp-content\/uploads\/2021\/01\/5.png","width":300,"height":300,"caption":"Top outils webmarketing SEO d\u00e9velopper son audience"},{"@type":"BreadcrumbList","@id":"https:\/\/www.romainlevy.com\/fr\/boites-a-outils\/webmarketing-les-outils-pour-developper-son-audience-et-ses-backlinks\/#breadcrumb","itemListElement":[{"@type":"ListItem","position":1,"name":"Accueil","item":"https:\/\/www.romainlevy.com\/en\/"},{"@type":"ListItem","position":2,"name":"Mes boites \u00e0 outils","item":"https:\/\/www.romainlevy.com\/en\/toolboxes\/"},{"@type":"ListItem","position":3,"name":"Webmarketing, Les outils pour d\u00e9velopper son audience et ses Backlinks"}]},{"@type":"WebSite","@id":"https:\/\/www.romainlevy.com\/en\/#website","url":"https:\/\/www.romainlevy.com\/en\/","name":"Romain L\u00e9vy","description":"Et si on m\u00ealait tradition et innovation ?","publisher":{"@id":"https:\/\/www.romainlevy.com\/en\/#\/schema\/person\/9807ad52294f0c8cffef60a461d6448d"},"potentialAction":[{"@type":"SearchAction","target":{"@type":"EntryPoint","urlTemplate":"https:\/\/www.romainlevy.com\/en\/?s={search_term_string}"},"query-input":{"@type":"PropertyValueSpecification","valueRequired":true,"valueName":"search_term_string"}}],"inLanguage":"fr-FR"},{"@type":["Person","Organization"],"@id":"https:\/\/www.romainlevy.com\/en\/#\/schema\/person\/9807ad52294f0c8cffef60a461d6448d","name":"romain","image":{"@type":"ImageObject","inLanguage":"fr-FR","@id":"https:\/\/secure.gravatar.com\/avatar\/f80a54bc71c7566817c772597e25cc425bb2aa7e0b3d5f415b7a1a1a5977d099?s=96&d=mm&r=g","url":"https:\/\/secure.gravatar.com\/avatar\/f80a54bc71c7566817c772597e25cc425bb2aa7e0b3d5f415b7a1a1a5977d099?s=96&d=mm&r=g","contentUrl":"https:\/\/secure.gravatar.com\/avatar\/f80a54bc71c7566817c772597e25cc425bb2aa7e0b3d5f415b7a1a1a5977d099?s=96&d=mm&r=g","caption":"romain"},"logo":{"@id":"https:\/\/secure.gravatar.com\/avatar\/f80a54bc71c7566817c772597e25cc425bb2aa7e0b3d5f415b7a1a1a5977d099?s=96&d=mm&r=g"}}]}},"_links":{"self":[{"href":"https:\/\/www.romainlevy.com\/fr\/wp-json\/wp\/v2\/pages\/2817","targetHints":{"allow":["GET"]}}],"collection":[{"href":"https:\/\/www.romainlevy.com\/fr\/wp-json\/wp\/v2\/pages"}],"about":[{"href":"https:\/\/www.romainlevy.com\/fr\/wp-json\/wp\/v2\/types\/page"}],"author":[{"embeddable":true,"href":"https:\/\/www.romainlevy.com\/fr\/wp-json\/wp\/v2\/users\/1"}],"replies":[{"embeddable":true,"href":"https:\/\/www.romainlevy.com\/fr\/wp-json\/wp\/v2\/comments?post=2817"}],"version-history":[{"count":4,"href":"https:\/\/www.romainlevy.com\/fr\/wp-json\/wp\/v2\/pages\/2817\/revisions"}],"predecessor-version":[{"id":2960,"href":"https:\/\/www.romainlevy.com\/fr\/wp-json\/wp\/v2\/pages\/2817\/revisions\/2960"}],"up":[{"embeddable":true,"href":"https:\/\/www.romainlevy.com\/fr\/wp-json\/wp\/v2\/pages\/1005"}],"wp:featuredmedia":[{"embeddable":true,"href":"https:\/\/www.romainlevy.com\/fr\/wp-json\/wp\/v2\/media\/2789"}],"wp:attachment":[{"href":"https:\/\/www.romainlevy.com\/fr\/wp-json\/wp\/v2\/media?parent=2817"}],"curies":[{"name":"wp","href":"https:\/\/api.w.org\/{rel}","templated":true}]}}