{"id":2831,"date":"2021-01-17T12:06:09","date_gmt":"2021-01-17T11:06:09","guid":{"rendered":"https:\/\/www.romainlevy.com\/?page_id=2831"},"modified":"2022-03-12T18:14:57","modified_gmt":"2022-03-12T17:14:57","slug":"les-outils-growth-hacking-pour-scrapper","status":"publish","type":"page","link":"https:\/\/www.romainlevy.com\/fr\/boites-a-outils\/les-outils-growth-hacking-pour-scrapper\/","title":{"rendered":"Les outils Growth Hacking pour scrapper"},"content":{"rendered":"<div class=\"wpb-content-wrapper\"><div class=\"vc_row wpb_row vc_row-fluid\"><div class=\"wpb_column vc_column_container vc_col-sm-4\/5\"><div class=\"vc_column-inner \"><div class=\"wpb_wrapper\">\n\t<div  class=\"wpb_single_image wpb_content_element vc_align_center wpb_content_element\">\n\t\t\n\t\t<figure class=\"wpb_wrapper vc_figure\">\n\t\t\t<div class=\"vc_single_image-wrapper   vc_box_border_grey\"><img loading=\"lazy\" decoding=\"async\" width=\"300\" height=\"300\" src=\"https:\/\/www.romainlevy.com\/wp-content\/uploads\/2021\/01\/11.png\" class=\"vc_single_image-img attachment-large\" alt=\"\" title=\"Top outils Growth Hacking Les bases pour scrapper\" srcset=\"https:\/\/www.romainlevy.com\/wp-content\/uploads\/2021\/01\/11.png 300w, https:\/\/www.romainlevy.com\/wp-content\/uploads\/2021\/01\/11-150x150.png 150w, https:\/\/www.romainlevy.com\/wp-content\/uploads\/2021\/01\/11-12x12.png 12w\" sizes=\"auto, (max-width: 300px) 100vw, 300px\" \/><\/div>\n\t\t<\/figure>\n\t<\/div>\n\n\t<div class=\"wpb_text_column wpb_content_element\" >\n\t\t<div class=\"wpb_wrapper\">\n\t\t\t<p>Lorsqu&#8217;on parle de Growth Hacking, on pense souvent \u00e0 l&#8217;usage d&#8217;outils sp\u00e9cifiques pour augmenter les performances d&#8217;un site, d&#8217;une appli ou des r\u00e9seaux-sociaux (comme dans ma boite \u00e0 outils : <strong><a href=\"https:\/\/www.romainlevy.com\/fr\/boites-a-outils\/les-outils-growth-hacking-pour-les-reseaux-sociaux\/\">Les outils Growth Hacking pour les r\u00e9seaux-sociaux<\/a><\/strong>). Parmi ces outils, on trouve des scrappers qui permettent de r\u00e9cup\u00e9rer automatiquement des donn\u00e9es sur Internet. Voici une liste non exhaustive des meilleurs outils du moment pour faire du scraping et booster votre activit\u00e9 !<\/p>\n<p><a href=\"http:\/\/www.zennolab.com\/en\/products\/zennoposter\/pid\/22bec3bf-517d-4927-a76d-45979de5b383\" target=\"_blank\" rel=\"noopener\"><strong>Zennolab<\/strong><\/a> est un scraper professionnel qui permet de r\u00e9cup\u00e9rer des donn\u00e9es \u00e0 partir de n&#8217;importe quel site. Il est simple et facile \u00e0 utiliser, ce qui en fait un outil tr\u00e8s pris\u00e9 par les Growth Hackers.<\/p>\n<p>Avec <strong><a href=\"https:\/\/www.dropcontact.io?_from=romain18\" target=\"_blank\" rel=\"noopener\">Dropcontact<\/a><\/strong>, la promesse est simple, il suffit d\u2019avoir le nom, pr\u00e9nom et le nom de l\u2019entreprise d\u2019un prospect pour que Dropcontact fournisse automatiquement son mail professionnel \u00e0 jour, son num\u00e9ro de t\u00e9l\u00e9phone, l\u2019intitul\u00e9 de son poste, vous alerte en cas de changement d\u2019entreprise\u2026 et bien plus\u00a0! Les robots de Dropcontact parcourent le web en permanence pour mettre \u00e0 jour ces donn\u00e9es en promettant de respecter le RGPD. Vous pouvez donc profiter de cet outil pour enrichir vos bases avec des donn\u00e9es v\u00e9rifi\u00e9es et \u00eatre focus sur votre prospection commerciale\u00a0! Le gros plus, c\u2019est que Dropcontact est connectable naturellement avec plusieurs CRM (Pipedrive, Saleforce, Hubspot\u2026) et avec des outils tels que Zapier qui permettent de faire le lien sans coder avec des milliers de solutions num\u00e9riques.<\/p>\n<p><strong><em><a href=\"https:\/\/prospect.io\/\" target=\"_blank\" rel=\"noopener\">Prospect.io<\/a><\/em><\/strong> est un outil de prospection BtoB qui permet d\u2019analyser les leads et de qualifier les prospects en quelques clics. Il dispose \u00e9galement d\u2019un puissant outil de scraping qui vous permettra de r\u00e9cup\u00e9rer des informations sur vos prospects \u00e0 partir de diverses sources. Un mail finder est int\u00e9gr\u00e9 ainsi que l&#8217;automatisation de mailing et la possibilit\u00e9 de le connecter avec des CRM.<\/p>\n<p>Vous avez trouv\u00e9 un annuaire avec la liste des coordonn\u00e9es de prospects en ligne\u00a0et voulez les r\u00e9cup\u00e9rer simplement pour les contacter ? Vous souhaitez r\u00e9colter les titres et les prix des produits d\u2019une marketplace concurrente\u00a0pour faire un audit rapide ? <a href=\"https:\/\/www.parsehub.com\/\" target=\"_blank\" rel=\"noopener noreferrer\"><strong><em>Parsehub<\/em><\/strong><\/a> permet de scrapper des sites et r\u00e9cup\u00e9rer toutes les donn\u00e9es voulues dans un fichier. Et cela sans avoir besoin d\u2019un d\u00e9veloppeur puis-ce que c\u2019est en Nocode\u00a0!\u00a0\ud83d\ude09\u00a0Parsehub est un outil de scraping extr\u00eamement puissant, capable de r\u00e9cup\u00e9rer des donn\u00e9es \u00e0 partir de sites tr\u00e8s complexes. Il est notamment utilis\u00e9 par de nombreuses entreprises pour extraire des donn\u00e9es de leurs sites web et les analyser.<\/p>\n<p><a href=\"https:\/\/www.import.io\/\" target=\"_blank\" rel=\"noopener\"><strong>Import.io<\/strong><\/a> est un outil \u00e9galement tr\u00e8s puissant pour r\u00e9cup\u00e9rer des donn\u00e9es \u00e0 partir d&#8217;un site internet. Il dispose d&#8217;une interface intuitive qui vous permettra de r\u00e9cup\u00e9rer les informations que vous souhaitez en quelques clics. Il est \u00e9galement possible de connecter Import.io \u00e0 des outils tels que Google Sheets, ce qui vous permettra de traiter et analyser les donn\u00e9es r\u00e9cup\u00e9r\u00e9es automatiquement.<\/p>\n<p><a href=\"https:\/\/www.captaindata.co\" target=\"_blank\" rel=\"noopener\"><strong>Captain Data<\/strong><\/a> est un outil de scraping qui vous permettra de r\u00e9cup\u00e9rer des informations sur les profils Twitter et LinkedIn \u00e0 partir d&#8217;un seul mot-cl\u00e9. Il est tr\u00e8s simple \u00e0 utiliser et dispose d&#8217;une interface intuitive. <a href=\"https:\/\/hunter.io\/?via=romain-levy\" target=\"_blank\" rel=\"noopener\"><em><strong>Hunter.io<\/strong><\/em><\/a> est \u00e9galement un outil de scraping tr\u00e8s puissant pour r\u00e9cup\u00e9rer des mails professionnels \u00e0 partir d&#8217;un site internet. Il dispose d&#8217;une interface simple et intuitive, ce qui en fait un outil id\u00e9al pour les Growth Hackers.<\/p>\n<p><a href=\"https:\/\/societeinfo.com\/\" target=\"_blank\" rel=\"noopener\"><strong>Soci\u00e9t\u00e9 info<\/strong><\/a> est connect\u00e9 aux bases soci\u00e9t\u00e9s France et donc permet un enrichissement de nos donn\u00e9es soci\u00e9t\u00e9. Cela nous permet d\u2019avoir les coordonn\u00e9es t\u00e9l\u00e9phoniques, mails, effectifs de la soci\u00e9t\u00e9\u2026<\/p>\n<p><strong><a href=\"https:\/\/data-miner.io\" target=\"_blank\" rel=\"noopener\">DataMiner<\/a><\/strong> est un logiciel qui permet le scraping et l&#8217;analyse de donn\u00e9es \u00e0 partir de sites internet. Il dispose d&#8217;une interface simple et intuitive, ce qui en fait un outil id\u00e9al pour les Growth Hackers.<\/p>\n<p>En conclusion, les outils de scraping sont indispensables pour tout Growth Hacker qui souhaite collecter des donn\u00e9es sur ses prospects ou analyser une marketplace. Ils vous permettent de r\u00e9cup\u00e9rer des informations \u00e0 partir de diverses sources, ce qui vous permet d&#8217;\u00eatre plus efficace et rapide dans votre prospection. Ces outils sont \u00e9galement tr\u00e8s utiles pour enrichir vos bases de donn\u00e9es avec des informations fiables et \u00e0 jour. Alors n&#8217;attendez plus\u00a0! Utilisez un outil de scraping pour collecter les donn\u00e9es dont vous avez besoin pour votre prospection commerciale.<\/p>\n<p>&nbsp;<\/p>\n<p>&nbsp;<\/p>\n<p style=\"text-align: right;\"><a href=\"https:\/\/www.romainlevy.com\/fr\/boites-a-outils\/les-outils-growth-hacking-pour-optimiser-et-tout-personnaliser\/\">Suivant<\/a><\/p>\n<p style=\"text-align: right;\"><a href=\"https:\/\/www.romainlevy.com\/fr\/boites-a-outils\/les-outils-growth-hacking-pour-optimiser-et-tout-personnaliser\/\"><img loading=\"lazy\" decoding=\"async\" class=\"alignnone wp-image-2909 size-full\" src=\"https:\/\/www.romainlevy.com\/wp-content\/uploads\/2021\/01\/101.png\" alt=\"\" width=\"300\" height=\"300\" srcset=\"https:\/\/www.romainlevy.com\/wp-content\/uploads\/2021\/01\/101.png 300w, https:\/\/www.romainlevy.com\/wp-content\/uploads\/2021\/01\/101-150x150.png 150w, https:\/\/www.romainlevy.com\/wp-content\/uploads\/2021\/01\/101-12x12.png 12w\" sizes=\"auto, (max-width: 300px) 100vw, 300px\" \/><\/a><\/p>\n\n\t\t<\/div>\n\t<\/div>\n<\/div><\/div><\/div><div class=\"wpb_column vc_column_container vc_col-sm-1\/5\"><div class=\"vc_column-inner \"><div class=\"wpb_wrapper\">\n\t<div class=\"wpb_text_column wpb_content_element\" >\n\t\t<div class=\"wpb_wrapper\">\n\t\t\t<p>Mes autres bo\u00eetes \u00e0 outils<\/p>\n<p><a href=\"https:\/\/www.romainlevy.com\/fr\/boites-a-outils\/webmarketing-le-seo-referencement-naturel-les-outils-pour-trouver-des-mots-clefs-et-se-referencer\/\"><img loading=\"lazy\" decoding=\"async\" class=\"alignnone wp-image-2786 size-full\" src=\"https:\/\/www.romainlevy.com\/wp-content\/uploads\/2021\/01\/21.png\" alt=\"Top outils webmarketing SEO Trouver des mots clefs\" width=\"300\" height=\"300\" srcset=\"https:\/\/www.romainlevy.com\/wp-content\/uploads\/2021\/01\/21.png 300w, https:\/\/www.romainlevy.com\/wp-content\/uploads\/2021\/01\/21-150x150.png 150w, https:\/\/www.romainlevy.com\/wp-content\/uploads\/2021\/01\/21-12x12.png 12w\" sizes=\"auto, (max-width: 300px) 100vw, 300px\" \/><\/a><\/p>\n<p><a href=\"https:\/\/www.romainlevy.com\/fr\/boites-a-outils\/webmarketing-seo-referencement-naturel-les-outils-pour-analyser-son-site-et-progresser\/\"><img loading=\"lazy\" decoding=\"async\" class=\"alignnone wp-image-2787 size-full\" src=\"https:\/\/www.romainlevy.com\/wp-content\/uploads\/2021\/01\/31.png\" alt=\"Top outils webmarketing SEO Analyser son site\" width=\"300\" height=\"300\" srcset=\"https:\/\/www.romainlevy.com\/wp-content\/uploads\/2021\/01\/31.png 300w, https:\/\/www.romainlevy.com\/wp-content\/uploads\/2021\/01\/31-150x150.png 150w, https:\/\/www.romainlevy.com\/wp-content\/uploads\/2021\/01\/31-12x12.png 12w\" sizes=\"auto, (max-width: 300px) 100vw, 300px\" \/><\/a><\/p>\n<p><a href=\"https:\/\/www.romainlevy.com\/fr\/boites-a-outils\/webmarketing-seo-referencement-naturel-les-outils-pour-suivre-son-referencement\/\"><img loading=\"lazy\" decoding=\"async\" class=\"alignnone wp-image-2788 size-full\" src=\"https:\/\/www.romainlevy.com\/wp-content\/uploads\/2021\/01\/4.png\" alt=\"Top outils webmarketing SEO suivre son r\u00e9f\u00e9rencement\" width=\"300\" height=\"300\" srcset=\"https:\/\/www.romainlevy.com\/wp-content\/uploads\/2021\/01\/4.png 300w, https:\/\/www.romainlevy.com\/wp-content\/uploads\/2021\/01\/4-150x150.png 150w, https:\/\/www.romainlevy.com\/wp-content\/uploads\/2021\/01\/4-12x12.png 12w\" sizes=\"auto, (max-width: 300px) 100vw, 300px\" \/><\/a><\/p>\n<p><a href=\"https:\/\/www.romainlevy.com\/fr\/boites-a-outils\/webmarketing-les-outils-pour-developper-son-audience-et-ses-backlinks\/\"><img loading=\"lazy\" decoding=\"async\" class=\"alignnone wp-image-2789 size-full\" src=\"https:\/\/www.romainlevy.com\/wp-content\/uploads\/2021\/01\/5.png\" alt=\"Top outils webmarketing SEO d\u00e9velopper son audience\" width=\"300\" height=\"300\" srcset=\"https:\/\/www.romainlevy.com\/wp-content\/uploads\/2021\/01\/5.png 300w, https:\/\/www.romainlevy.com\/wp-content\/uploads\/2021\/01\/5-150x150.png 150w, https:\/\/www.romainlevy.com\/wp-content\/uploads\/2021\/01\/5-12x12.png 12w\" sizes=\"auto, (max-width: 300px) 100vw, 300px\" \/><\/a><\/p>\n<p><a href=\"https:\/\/www.romainlevy.com\/fr\/boites-a-outils\/webmarketing-les-outils-pour-recevoir-les-coordonnees-de-vos-prospects\/\"><img loading=\"lazy\" decoding=\"async\" class=\"alignnone wp-image-2790 size-full\" src=\"https:\/\/www.romainlevy.com\/wp-content\/uploads\/2021\/01\/6.png\" alt=\"Top outils webmarketing Conversion Faciliter les contacts\" width=\"300\" height=\"300\" srcset=\"https:\/\/www.romainlevy.com\/wp-content\/uploads\/2021\/01\/6.png 300w, https:\/\/www.romainlevy.com\/wp-content\/uploads\/2021\/01\/6-150x150.png 150w, https:\/\/www.romainlevy.com\/wp-content\/uploads\/2021\/01\/6-12x12.png 12w\" sizes=\"auto, (max-width: 300px) 100vw, 300px\" \/><\/a><\/p>\n<p><a href=\"https:\/\/www.romainlevy.com\/fr\/boites-a-outils\/webmarketing-convertir-vos-prospects-en-clients-via-les-outils-de-mailing\/\"><img loading=\"lazy\" decoding=\"async\" class=\"alignnone wp-image-2791 size-full\" src=\"https:\/\/www.romainlevy.com\/wp-content\/uploads\/2021\/01\/7.png\" alt=\"Top outils webmarketing Conversion Outils de mailing\" width=\"300\" height=\"300\" srcset=\"https:\/\/www.romainlevy.com\/wp-content\/uploads\/2021\/01\/7.png 300w, https:\/\/www.romainlevy.com\/wp-content\/uploads\/2021\/01\/7-150x150.png 150w, https:\/\/www.romainlevy.com\/wp-content\/uploads\/2021\/01\/7-12x12.png 12w\" sizes=\"auto, (max-width: 300px) 100vw, 300px\" \/><\/a><\/p>\n<p><a href=\"https:\/\/www.romainlevy.com\/fr\/boites-a-outils\/les-outils-growth-hacking-pour-automatiser-les-taches\/\"><img loading=\"lazy\" decoding=\"async\" class=\"alignnone wp-image-2792 size-full\" src=\"https:\/\/www.romainlevy.com\/wp-content\/uploads\/2021\/01\/8.png\" alt=\"Top outils Growth Hacking Les bases Automatiser les t\u00e2ches\" width=\"300\" height=\"300\" srcset=\"https:\/\/www.romainlevy.com\/wp-content\/uploads\/2021\/01\/8.png 300w, https:\/\/www.romainlevy.com\/wp-content\/uploads\/2021\/01\/8-150x150.png 150w, https:\/\/www.romainlevy.com\/wp-content\/uploads\/2021\/01\/8-12x12.png 12w\" sizes=\"auto, (max-width: 300px) 100vw, 300px\" \/><\/a><\/p>\n<p><a href=\"https:\/\/www.romainlevy.com\/fr\/boites-a-outils\/les-outils-growth-hacking-pour-les-reseaux-sociaux\/\"><img loading=\"lazy\" decoding=\"async\" class=\"alignnone wp-image-2793 size-full\" src=\"https:\/\/www.romainlevy.com\/wp-content\/uploads\/2021\/01\/91.png\" alt=\"Top outils Growth Hacking Les bases pour les r\u00e9seaux-sociaux\" width=\"300\" height=\"300\" srcset=\"https:\/\/www.romainlevy.com\/wp-content\/uploads\/2021\/01\/91.png 300w, https:\/\/www.romainlevy.com\/wp-content\/uploads\/2021\/01\/91-150x150.png 150w, https:\/\/www.romainlevy.com\/wp-content\/uploads\/2021\/01\/91-12x12.png 12w\" sizes=\"auto, (max-width: 300px) 100vw, 300px\" \/><\/a><\/p>\n\n\t\t<\/div>\n\t<\/div>\n<\/div><\/div><\/div><\/div>\n<\/div>","protected":false},"excerpt":{"rendered":"<p>[vc_row][vc_column width=\"4\/5\"][vc_single_image source=\"featured_image\" img_size=\"large\" alignment=\"center\"][vc_column_text]Bient\u00f4t ici je vous parlerai de :<\/p>\n","protected":false},"author":1,"featured_media":2794,"parent":1005,"menu_order":0,"comment_status":"closed","ping_status":"closed","template":"","meta":{"content-type":"","footnotes":""},"class_list":["post-2831","page","type-page","status-publish","has-post-thumbnail","hentry"],"yoast_head":"<!-- This site is optimized with the Yoast SEO plugin v27.3 - https:\/\/yoast.com\/product\/yoast-seo-wordpress\/ -->\n<title>Les outils Growth Hacking pour scrapper - Romain L\u00e9vy<\/title>\n<meta name=\"robots\" content=\"index, follow, max-snippet:-1, max-image-preview:large, max-video-preview:-1\" \/>\n<link rel=\"canonical\" href=\"https:\/\/www.romainlevy.com\/fr\/boites-a-outils\/les-outils-growth-hacking-pour-scrapper\/\" \/>\n<meta property=\"og:locale\" content=\"fr_FR\" \/>\n<meta property=\"og:type\" content=\"article\" \/>\n<meta property=\"og:title\" content=\"Les outils Growth Hacking pour scrapper - Romain L\u00e9vy\" \/>\n<meta property=\"og:description\" content=\"Bient\u00f4t ici je vous parlerai de :\" \/>\n<meta property=\"og:url\" content=\"https:\/\/www.romainlevy.com\/fr\/boites-a-outils\/les-outils-growth-hacking-pour-scrapper\/\" \/>\n<meta property=\"og:site_name\" content=\"Romain L\u00e9vy\" \/>\n<meta property=\"article:modified_time\" content=\"2022-03-12T17:14:57+00:00\" \/>\n<meta property=\"og:image\" content=\"https:\/\/www.romainlevy.com\/wp-content\/uploads\/2021\/01\/11.png\" \/>\n\t<meta property=\"og:image:width\" content=\"300\" \/>\n\t<meta property=\"og:image:height\" content=\"300\" \/>\n\t<meta property=\"og:image:type\" content=\"image\/png\" \/>\n<meta name=\"twitter:card\" content=\"summary_large_image\" \/>\n<meta name=\"twitter:label1\" content=\"Dur\u00e9e de lecture estim\u00e9e\" \/>\n\t<meta name=\"twitter:data1\" content=\"2 minutes\" \/>\n<script type=\"application\/ld+json\" class=\"yoast-schema-graph\">{\"@context\":\"https:\\\/\\\/schema.org\",\"@graph\":[{\"@type\":\"WebPage\",\"@id\":\"https:\\\/\\\/www.romainlevy.com\\\/en\\\/toolboxes\\\/growth-hacking-tools-for-scrapping\\\/\",\"url\":\"https:\\\/\\\/www.romainlevy.com\\\/en\\\/toolboxes\\\/growth-hacking-tools-for-scrapping\\\/\",\"name\":\"Les outils Growth Hacking pour scrapper - Romain L\u00e9vy\",\"isPartOf\":{\"@id\":\"https:\\\/\\\/www.romainlevy.com\\\/en\\\/#website\"},\"primaryImageOfPage\":{\"@id\":\"https:\\\/\\\/www.romainlevy.com\\\/en\\\/toolboxes\\\/growth-hacking-tools-for-scrapping\\\/#primaryimage\"},\"image\":{\"@id\":\"https:\\\/\\\/www.romainlevy.com\\\/en\\\/toolboxes\\\/growth-hacking-tools-for-scrapping\\\/#primaryimage\"},\"thumbnailUrl\":\"https:\\\/\\\/www.romainlevy.com\\\/wp-content\\\/uploads\\\/2021\\\/01\\\/11.png\",\"datePublished\":\"2021-01-17T11:06:09+00:00\",\"dateModified\":\"2022-03-12T17:14:57+00:00\",\"breadcrumb\":{\"@id\":\"https:\\\/\\\/www.romainlevy.com\\\/en\\\/toolboxes\\\/growth-hacking-tools-for-scrapping\\\/#breadcrumb\"},\"inLanguage\":\"fr-FR\",\"potentialAction\":[{\"@type\":\"ReadAction\",\"target\":[\"https:\\\/\\\/www.romainlevy.com\\\/en\\\/toolboxes\\\/growth-hacking-tools-for-scrapping\\\/\"]}]},{\"@type\":\"ImageObject\",\"inLanguage\":\"fr-FR\",\"@id\":\"https:\\\/\\\/www.romainlevy.com\\\/en\\\/toolboxes\\\/growth-hacking-tools-for-scrapping\\\/#primaryimage\",\"url\":\"https:\\\/\\\/www.romainlevy.com\\\/wp-content\\\/uploads\\\/2021\\\/01\\\/11.png\",\"contentUrl\":\"https:\\\/\\\/www.romainlevy.com\\\/wp-content\\\/uploads\\\/2021\\\/01\\\/11.png\",\"width\":300,\"height\":300},{\"@type\":\"BreadcrumbList\",\"@id\":\"https:\\\/\\\/www.romainlevy.com\\\/en\\\/toolboxes\\\/growth-hacking-tools-for-scrapping\\\/#breadcrumb\",\"itemListElement\":[{\"@type\":\"ListItem\",\"position\":1,\"name\":\"Accueil\",\"item\":\"https:\\\/\\\/www.romainlevy.com\\\/en\\\/\"},{\"@type\":\"ListItem\",\"position\":2,\"name\":\"Mes boites \u00e0 outils\",\"item\":\"https:\\\/\\\/www.romainlevy.com\\\/en\\\/toolboxes\\\/\"},{\"@type\":\"ListItem\",\"position\":3,\"name\":\"Les outils Growth Hacking pour scrapper\"}]},{\"@type\":\"WebSite\",\"@id\":\"https:\\\/\\\/www.romainlevy.com\\\/en\\\/#website\",\"url\":\"https:\\\/\\\/www.romainlevy.com\\\/en\\\/\",\"name\":\"Romain L\u00e9vy\",\"description\":\"Et si on m\u00ealait tradition et innovation ?\",\"publisher\":{\"@id\":\"https:\\\/\\\/www.romainlevy.com\\\/en\\\/#\\\/schema\\\/person\\\/9807ad52294f0c8cffef60a461d6448d\"},\"potentialAction\":[{\"@type\":\"SearchAction\",\"target\":{\"@type\":\"EntryPoint\",\"urlTemplate\":\"https:\\\/\\\/www.romainlevy.com\\\/en\\\/?s={search_term_string}\"},\"query-input\":{\"@type\":\"PropertyValueSpecification\",\"valueRequired\":true,\"valueName\":\"search_term_string\"}}],\"inLanguage\":\"fr-FR\"},{\"@type\":[\"Person\",\"Organization\"],\"@id\":\"https:\\\/\\\/www.romainlevy.com\\\/en\\\/#\\\/schema\\\/person\\\/9807ad52294f0c8cffef60a461d6448d\",\"name\":\"romain\",\"image\":{\"@type\":\"ImageObject\",\"inLanguage\":\"fr-FR\",\"@id\":\"https:\\\/\\\/secure.gravatar.com\\\/avatar\\\/f80a54bc71c7566817c772597e25cc425bb2aa7e0b3d5f415b7a1a1a5977d099?s=96&d=mm&r=g\",\"url\":\"https:\\\/\\\/secure.gravatar.com\\\/avatar\\\/f80a54bc71c7566817c772597e25cc425bb2aa7e0b3d5f415b7a1a1a5977d099?s=96&d=mm&r=g\",\"contentUrl\":\"https:\\\/\\\/secure.gravatar.com\\\/avatar\\\/f80a54bc71c7566817c772597e25cc425bb2aa7e0b3d5f415b7a1a1a5977d099?s=96&d=mm&r=g\",\"caption\":\"romain\"},\"logo\":{\"@id\":\"https:\\\/\\\/secure.gravatar.com\\\/avatar\\\/f80a54bc71c7566817c772597e25cc425bb2aa7e0b3d5f415b7a1a1a5977d099?s=96&d=mm&r=g\"}}]}<\/script>\n<!-- \/ Yoast SEO plugin. -->","yoast_head_json":{"title":"Les outils Growth Hacking pour scrapper - Romain L\u00e9vy","robots":{"index":"index","follow":"follow","max-snippet":"max-snippet:-1","max-image-preview":"max-image-preview:large","max-video-preview":"max-video-preview:-1"},"canonical":"https:\/\/www.romainlevy.com\/fr\/boites-a-outils\/les-outils-growth-hacking-pour-scrapper\/","og_locale":"fr_FR","og_type":"article","og_title":"Les outils Growth Hacking pour scrapper - Romain L\u00e9vy","og_description":"Bient\u00f4t ici je vous parlerai de :","og_url":"https:\/\/www.romainlevy.com\/fr\/boites-a-outils\/les-outils-growth-hacking-pour-scrapper\/","og_site_name":"Romain L\u00e9vy","article_modified_time":"2022-03-12T17:14:57+00:00","og_image":[{"width":300,"height":300,"url":"https:\/\/www.romainlevy.com\/wp-content\/uploads\/2021\/01\/11.png","type":"image\/png"}],"twitter_card":"summary_large_image","twitter_misc":{"Dur\u00e9e de lecture estim\u00e9e":"2 minutes"},"schema":{"@context":"https:\/\/schema.org","@graph":[{"@type":"WebPage","@id":"https:\/\/www.romainlevy.com\/en\/toolboxes\/growth-hacking-tools-for-scrapping\/","url":"https:\/\/www.romainlevy.com\/en\/toolboxes\/growth-hacking-tools-for-scrapping\/","name":"Les outils Growth Hacking pour scrapper - Romain L\u00e9vy","isPartOf":{"@id":"https:\/\/www.romainlevy.com\/en\/#website"},"primaryImageOfPage":{"@id":"https:\/\/www.romainlevy.com\/en\/toolboxes\/growth-hacking-tools-for-scrapping\/#primaryimage"},"image":{"@id":"https:\/\/www.romainlevy.com\/en\/toolboxes\/growth-hacking-tools-for-scrapping\/#primaryimage"},"thumbnailUrl":"https:\/\/www.romainlevy.com\/wp-content\/uploads\/2021\/01\/11.png","datePublished":"2021-01-17T11:06:09+00:00","dateModified":"2022-03-12T17:14:57+00:00","breadcrumb":{"@id":"https:\/\/www.romainlevy.com\/en\/toolboxes\/growth-hacking-tools-for-scrapping\/#breadcrumb"},"inLanguage":"fr-FR","potentialAction":[{"@type":"ReadAction","target":["https:\/\/www.romainlevy.com\/en\/toolboxes\/growth-hacking-tools-for-scrapping\/"]}]},{"@type":"ImageObject","inLanguage":"fr-FR","@id":"https:\/\/www.romainlevy.com\/en\/toolboxes\/growth-hacking-tools-for-scrapping\/#primaryimage","url":"https:\/\/www.romainlevy.com\/wp-content\/uploads\/2021\/01\/11.png","contentUrl":"https:\/\/www.romainlevy.com\/wp-content\/uploads\/2021\/01\/11.png","width":300,"height":300},{"@type":"BreadcrumbList","@id":"https:\/\/www.romainlevy.com\/en\/toolboxes\/growth-hacking-tools-for-scrapping\/#breadcrumb","itemListElement":[{"@type":"ListItem","position":1,"name":"Accueil","item":"https:\/\/www.romainlevy.com\/en\/"},{"@type":"ListItem","position":2,"name":"Mes boites \u00e0 outils","item":"https:\/\/www.romainlevy.com\/en\/toolboxes\/"},{"@type":"ListItem","position":3,"name":"Les outils Growth Hacking pour scrapper"}]},{"@type":"WebSite","@id":"https:\/\/www.romainlevy.com\/en\/#website","url":"https:\/\/www.romainlevy.com\/en\/","name":"Romain L\u00e9vy","description":"Et si on m\u00ealait tradition et innovation ?","publisher":{"@id":"https:\/\/www.romainlevy.com\/en\/#\/schema\/person\/9807ad52294f0c8cffef60a461d6448d"},"potentialAction":[{"@type":"SearchAction","target":{"@type":"EntryPoint","urlTemplate":"https:\/\/www.romainlevy.com\/en\/?s={search_term_string}"},"query-input":{"@type":"PropertyValueSpecification","valueRequired":true,"valueName":"search_term_string"}}],"inLanguage":"fr-FR"},{"@type":["Person","Organization"],"@id":"https:\/\/www.romainlevy.com\/en\/#\/schema\/person\/9807ad52294f0c8cffef60a461d6448d","name":"romain","image":{"@type":"ImageObject","inLanguage":"fr-FR","@id":"https:\/\/secure.gravatar.com\/avatar\/f80a54bc71c7566817c772597e25cc425bb2aa7e0b3d5f415b7a1a1a5977d099?s=96&d=mm&r=g","url":"https:\/\/secure.gravatar.com\/avatar\/f80a54bc71c7566817c772597e25cc425bb2aa7e0b3d5f415b7a1a1a5977d099?s=96&d=mm&r=g","contentUrl":"https:\/\/secure.gravatar.com\/avatar\/f80a54bc71c7566817c772597e25cc425bb2aa7e0b3d5f415b7a1a1a5977d099?s=96&d=mm&r=g","caption":"romain"},"logo":{"@id":"https:\/\/secure.gravatar.com\/avatar\/f80a54bc71c7566817c772597e25cc425bb2aa7e0b3d5f415b7a1a1a5977d099?s=96&d=mm&r=g"}}]}},"_links":{"self":[{"href":"https:\/\/www.romainlevy.com\/fr\/wp-json\/wp\/v2\/pages\/2831","targetHints":{"allow":["GET"]}}],"collection":[{"href":"https:\/\/www.romainlevy.com\/fr\/wp-json\/wp\/v2\/pages"}],"about":[{"href":"https:\/\/www.romainlevy.com\/fr\/wp-json\/wp\/v2\/types\/page"}],"author":[{"embeddable":true,"href":"https:\/\/www.romainlevy.com\/fr\/wp-json\/wp\/v2\/users\/1"}],"replies":[{"embeddable":true,"href":"https:\/\/www.romainlevy.com\/fr\/wp-json\/wp\/v2\/comments?post=2831"}],"version-history":[{"count":14,"href":"https:\/\/www.romainlevy.com\/fr\/wp-json\/wp\/v2\/pages\/2831\/revisions"}],"predecessor-version":[{"id":3200,"href":"https:\/\/www.romainlevy.com\/fr\/wp-json\/wp\/v2\/pages\/2831\/revisions\/3200"}],"up":[{"embeddable":true,"href":"https:\/\/www.romainlevy.com\/fr\/wp-json\/wp\/v2\/pages\/1005"}],"wp:featuredmedia":[{"embeddable":true,"href":"https:\/\/www.romainlevy.com\/fr\/wp-json\/wp\/v2\/media\/2794"}],"wp:attachment":[{"href":"https:\/\/www.romainlevy.com\/fr\/wp-json\/wp\/v2\/media?parent=2831"}],"curies":[{"name":"wp","href":"https:\/\/api.w.org\/{rel}","templated":true}]}}