{"id":2863,"date":"2021-01-17T19:12:10","date_gmt":"2021-01-17T18:12:10","guid":{"rendered":"https:\/\/www.romainlevy.com\/?page_id=2863"},"modified":"2022-03-12T18:39:17","modified_gmt":"2022-03-12T17:39:17","slug":"les-outils-no-code-pour-creer-une-application-sans-coder","status":"publish","type":"page","link":"https:\/\/www.romainlevy.com\/fr\/boites-a-outils\/les-outils-no-code-pour-creer-une-application-sans-coder\/","title":{"rendered":"Les outils no code pour cr\u00e9er une application sans coder"},"content":{"rendered":"<div class=\"wpb-content-wrapper\"><div class=\"vc_row wpb_row vc_row-fluid\"><div class=\"wpb_column vc_column_container vc_col-sm-4\/5\"><div class=\"vc_column-inner \"><div class=\"wpb_wrapper\">\n\t<div  class=\"wpb_single_image wpb_content_element vc_align_center wpb_content_element\">\n\t\t\n\t\t<figure class=\"wpb_wrapper vc_figure\">\n\t\t\t<div class=\"vc_single_image-wrapper   vc_box_border_grey\"><img loading=\"lazy\" decoding=\"async\" width=\"300\" height=\"300\" src=\"https:\/\/www.romainlevy.com\/wp-content\/uploads\/2021\/01\/151.png\" class=\"vc_single_image-img attachment-large\" alt=\"Cr\u00e9er une application sans coder\" title=\"Cr\u00e9er une application sans coder\" srcset=\"https:\/\/www.romainlevy.com\/wp-content\/uploads\/2021\/01\/151.png 300w, https:\/\/www.romainlevy.com\/wp-content\/uploads\/2021\/01\/151-150x150.png 150w, https:\/\/www.romainlevy.com\/wp-content\/uploads\/2021\/01\/151-12x12.png 12w\" sizes=\"auto, (max-width: 300px) 100vw, 300px\" \/><\/div>\n\t\t<\/figure>\n\t<\/div>\n\n\t<div class=\"wpb_text_column wpb_content_element\" >\n\t\t<div class=\"wpb_wrapper\">\n\t\t\t<p><strong>Oui, cr\u00e9er une application sans savoir coder est possible\u00a0!<\/strong> (Comme avec <a href=\"https:\/\/www.romainlevy.com\/fr\/boites-a-outils\/les-outils-no-code-pour-creer-un-site-internet-sans-coder\/\">Les outils no code pour cr\u00e9er un site internet sans coder<\/a>) C\u2019est tout de m\u00eame relativement r\u00e9cent et nous allons sans doute voir appara\u00eetre des <strong>nouveaux acteurs<\/strong> dans les prochains mois.<\/p>\n<h2>Les plateformes permettant de cr\u00e9er des applications sans coder<\/h2>\n<p>Vous pouvez n\u00e9anmoins d\u00e9j\u00e0 vous appuyer sur\u00a0<a href=\"https:\/\/www.glideapps.com\/\" target=\"_blank\" rel=\"noopener\"><em><strong>Glide<\/strong><\/em><\/a>,\u00a0<a href=\"https:\/\/pandasuite.com\/fr\/\" target=\"_blank\" rel=\"noopener\"><em><strong>Pandasuite<\/strong><\/em><\/a>,\u00a0<a href=\"https:\/\/bubble.io\/\" target=\"_blank\" rel=\"noopener\"><em><strong>Bubble<\/strong>\u00a0<\/em><\/a>et\u00a0<a href=\"https:\/\/www.adalo.com\/\" target=\"_blank\" rel=\"noopener\"><em><strong>Adalo<\/strong>\u00a0<\/em><\/a>pour cr\u00e9er une\u00a0<strong>application no code depuis votre ordinateur,<\/strong>\u00a0avec souvent des simples glisser-d\u00e9poser.<\/p>\n<p>Voici l&#8217;exemple de Glide :<\/p>\n<p><iframe loading=\"lazy\" title=\"YouTube video player\" src=\"https:\/\/www.youtube.com\/embed\/en6DXdP5RpQ\" width=\"560\" height=\"315\" frameborder=\"0\" allowfullscreen=\"allowfullscreen\"><\/iframe><\/p>\n<p>Et PandaSuite :<\/p>\n<p><iframe loading=\"lazy\" title=\"YouTube video player\" src=\"https:\/\/www.youtube.com\/embed\/XKrTPgFUHg8\" width=\"560\" height=\"315\" frameborder=\"0\" allowfullscreen=\"allowfullscreen\"><\/iframe><\/p>\n<h2>Une application pour faire des applications sans coder<\/h2>\n<p><a href=\"https:\/\/play.google.com\/store\/apps\/details?id=com.besome.sketch&amp;hl=fr&amp;gl=US\" target=\"_blank\" rel=\"noopener\"><em><strong>Sketchware<\/strong>\u00a0<\/em><\/a>se d\u00e9marque en \u00e9tant elle-m\u00eame une\u00a0<strong>application t\u00e9l\u00e9chargeable sur Android et permettant donc de faire des applications Android depuis son smartphone.<\/strong><\/p>\n<p style=\"text-align: right;\"><a href=\"https:\/\/www.romainlevy.com\/boites-a-outils\/les-plateformes-no-code-specialisees\/\">Suivant<\/a><\/p>\n<p style=\"text-align: right;\"><a href=\"https:\/\/www.romainlevy.com\/boites-a-outils\/les-plateformes-no-code-specialisees\/\"><img loading=\"lazy\" decoding=\"async\" class=\"alignnone wp-image-2860 size-full\" src=\"https:\/\/www.romainlevy.com\/wp-content\/uploads\/2021\/01\/16.png\" alt=\"Les plateformes no code sp\u00e9cialis\u00e9es\" width=\"300\" height=\"300\" srcset=\"https:\/\/www.romainlevy.com\/wp-content\/uploads\/2021\/01\/16.png 300w, https:\/\/www.romainlevy.com\/wp-content\/uploads\/2021\/01\/16-150x150.png 150w, https:\/\/www.romainlevy.com\/wp-content\/uploads\/2021\/01\/16-12x12.png 12w\" sizes=\"auto, (max-width: 300px) 100vw, 300px\" \/><\/a><\/p>\n\n\t\t<\/div>\n\t<\/div>\n<\/div><\/div><\/div><div class=\"wpb_column vc_column_container vc_col-sm-1\/5\"><div class=\"vc_column-inner \"><div class=\"wpb_wrapper\">\n\t<div class=\"wpb_text_column wpb_content_element\" >\n\t\t<div class=\"wpb_wrapper\">\n\t\t\t<p><a href=\"https:\/\/www.romainlevy.com\/boites-a-outils\/webmarketing-le-seo-referencement-naturel-les-outils-pour-trouver-des-mots-clefs-et-se-referencer\/\"><img loading=\"lazy\" decoding=\"async\" class=\"alignnone wp-image-2786 size-full\" src=\"https:\/\/www.romainlevy.com\/wp-content\/uploads\/2021\/01\/21.png\" alt=\"Top outils webmarketing SEO Trouver des mots clefs\" width=\"300\" height=\"300\" srcset=\"https:\/\/www.romainlevy.com\/wp-content\/uploads\/2021\/01\/21.png 300w, https:\/\/www.romainlevy.com\/wp-content\/uploads\/2021\/01\/21-150x150.png 150w, https:\/\/www.romainlevy.com\/wp-content\/uploads\/2021\/01\/21-12x12.png 12w\" sizes=\"auto, (max-width: 300px) 100vw, 300px\" \/><\/a><\/p>\n<p><a href=\"https:\/\/www.romainlevy.com\/boites-a-outils\/webmarketing-seo-referencement-naturel-les-outils-pour-analyser-son-site-et-progresser\/\"><img loading=\"lazy\" decoding=\"async\" class=\"alignnone wp-image-2787 size-full\" src=\"https:\/\/www.romainlevy.com\/wp-content\/uploads\/2021\/01\/31.png\" alt=\"Top outils webmarketing SEO Analyser son site\" width=\"300\" height=\"300\" srcset=\"https:\/\/www.romainlevy.com\/wp-content\/uploads\/2021\/01\/31.png 300w, https:\/\/www.romainlevy.com\/wp-content\/uploads\/2021\/01\/31-150x150.png 150w, https:\/\/www.romainlevy.com\/wp-content\/uploads\/2021\/01\/31-12x12.png 12w\" sizes=\"auto, (max-width: 300px) 100vw, 300px\" \/><\/a><\/p>\n<p><a href=\"https:\/\/www.romainlevy.com\/boites-a-outils\/webmarketing-seo-referencement-naturel-les-outils-pour-suivre-son-referencement\/\"><img loading=\"lazy\" decoding=\"async\" class=\"alignnone wp-image-2788 size-full\" src=\"https:\/\/www.romainlevy.com\/wp-content\/uploads\/2021\/01\/4.png\" alt=\"Top outils webmarketing SEO suivre son r\u00e9f\u00e9rencement\" width=\"300\" height=\"300\" srcset=\"https:\/\/www.romainlevy.com\/wp-content\/uploads\/2021\/01\/4.png 300w, https:\/\/www.romainlevy.com\/wp-content\/uploads\/2021\/01\/4-150x150.png 150w, https:\/\/www.romainlevy.com\/wp-content\/uploads\/2021\/01\/4-12x12.png 12w\" sizes=\"auto, (max-width: 300px) 100vw, 300px\" \/><\/a><\/p>\n<p><a href=\"https:\/\/www.romainlevy.com\/boites-a-outils\/webmarketing-les-outils-pour-developper-son-audience-et-ses-backlinks\/\"><img loading=\"lazy\" decoding=\"async\" class=\"alignnone wp-image-2789 size-full\" src=\"https:\/\/www.romainlevy.com\/wp-content\/uploads\/2021\/01\/5.png\" alt=\"Top outils webmarketing SEO d\u00e9velopper son audience\" width=\"300\" height=\"300\" srcset=\"https:\/\/www.romainlevy.com\/wp-content\/uploads\/2021\/01\/5.png 300w, https:\/\/www.romainlevy.com\/wp-content\/uploads\/2021\/01\/5-150x150.png 150w, https:\/\/www.romainlevy.com\/wp-content\/uploads\/2021\/01\/5-12x12.png 12w\" sizes=\"auto, (max-width: 300px) 100vw, 300px\" \/><\/a><\/p>\n<p><a href=\"https:\/\/www.romainlevy.com\/boites-a-outils\/webmarketing-les-outils-pour-recevoir-les-coordonnees-de-vos-prospects\/\"><img loading=\"lazy\" decoding=\"async\" class=\"alignnone wp-image-2790 size-full\" src=\"https:\/\/www.romainlevy.com\/wp-content\/uploads\/2021\/01\/6.png\" alt=\"Top outils webmarketing Conversion Faciliter les contacts\" width=\"300\" height=\"300\" srcset=\"https:\/\/www.romainlevy.com\/wp-content\/uploads\/2021\/01\/6.png 300w, https:\/\/www.romainlevy.com\/wp-content\/uploads\/2021\/01\/6-150x150.png 150w, https:\/\/www.romainlevy.com\/wp-content\/uploads\/2021\/01\/6-12x12.png 12w\" sizes=\"auto, (max-width: 300px) 100vw, 300px\" \/><\/a><\/p>\n<p><a href=\"https:\/\/www.romainlevy.com\/boites-a-outils\/webmarketing-convertir-vos-prospects-en-clients-via-les-outils-de-mailing\/\"><img loading=\"lazy\" decoding=\"async\" class=\"alignnone wp-image-2791 size-full\" src=\"https:\/\/www.romainlevy.com\/wp-content\/uploads\/2021\/01\/7.png\" alt=\"Top outils webmarketing Conversion Outils de mailing\" width=\"300\" height=\"300\" srcset=\"https:\/\/www.romainlevy.com\/wp-content\/uploads\/2021\/01\/7.png 300w, https:\/\/www.romainlevy.com\/wp-content\/uploads\/2021\/01\/7-150x150.png 150w, https:\/\/www.romainlevy.com\/wp-content\/uploads\/2021\/01\/7-12x12.png 12w\" sizes=\"auto, (max-width: 300px) 100vw, 300px\" \/><\/a><\/p>\n<p><a href=\"https:\/\/www.romainlevy.com\/boites-a-outils\/les-outils-growth-hacking-pour-automatiser-les-taches\/\"><img loading=\"lazy\" decoding=\"async\" class=\"alignnone wp-image-2792 size-full\" src=\"https:\/\/www.romainlevy.com\/wp-content\/uploads\/2021\/01\/8.png\" alt=\"Top outils Growth Hacking Les bases Automatiser les t\u00e2ches\" width=\"300\" height=\"300\" srcset=\"https:\/\/www.romainlevy.com\/wp-content\/uploads\/2021\/01\/8.png 300w, https:\/\/www.romainlevy.com\/wp-content\/uploads\/2021\/01\/8-150x150.png 150w, https:\/\/www.romainlevy.com\/wp-content\/uploads\/2021\/01\/8-12x12.png 12w\" sizes=\"auto, (max-width: 300px) 100vw, 300px\" \/><\/a><\/p>\n<p><a href=\"https:\/\/www.romainlevy.com\/boites-a-outils\/les-outils-growth-hacking-pour-les-reseaux-sociaux\/\"><img loading=\"lazy\" decoding=\"async\" class=\"alignnone wp-image-2793 size-full\" src=\"https:\/\/www.romainlevy.com\/wp-content\/uploads\/2021\/01\/91.png\" alt=\"Top outils Growth Hacking Les bases pour les r\u00e9seaux-sociaux\" width=\"300\" height=\"300\" srcset=\"https:\/\/www.romainlevy.com\/wp-content\/uploads\/2021\/01\/91.png 300w, https:\/\/www.romainlevy.com\/wp-content\/uploads\/2021\/01\/91-150x150.png 150w, https:\/\/www.romainlevy.com\/wp-content\/uploads\/2021\/01\/91-12x12.png 12w\" sizes=\"auto, (max-width: 300px) 100vw, 300px\" \/><\/a><\/p>\n<p><a href=\"https:\/\/www.romainlevy.com\/boites-a-outils\/les-outils-growth-hacking-pour-scrapper\/\"><img loading=\"lazy\" decoding=\"async\" class=\"alignnone wp-image-2794 size-full\" src=\"https:\/\/www.romainlevy.com\/wp-content\/uploads\/2021\/01\/11.png\" alt=\"\" width=\"300\" height=\"300\" srcset=\"https:\/\/www.romainlevy.com\/wp-content\/uploads\/2021\/01\/11.png 300w, https:\/\/www.romainlevy.com\/wp-content\/uploads\/2021\/01\/11-150x150.png 150w, https:\/\/www.romainlevy.com\/wp-content\/uploads\/2021\/01\/11-12x12.png 12w\" sizes=\"auto, (max-width: 300px) 100vw, 300px\" \/><\/a><\/p>\n<p><a href=\"https:\/\/www.romainlevy.com\/boites-a-outils\/les-outils-no-code-pour-creer-un-site-internet-sans-coder\/\"><img loading=\"lazy\" decoding=\"async\" class=\"alignnone wp-image-2858 size-full\" src=\"https:\/\/www.romainlevy.com\/wp-content\/uploads\/2021\/01\/141.png\" alt=\"Cr\u00e9er un site internet sans coder\" width=\"300\" height=\"300\" srcset=\"https:\/\/www.romainlevy.com\/wp-content\/uploads\/2021\/01\/141.png 300w, https:\/\/www.romainlevy.com\/wp-content\/uploads\/2021\/01\/141-150x150.png 150w, https:\/\/www.romainlevy.com\/wp-content\/uploads\/2021\/01\/141-12x12.png 12w\" sizes=\"auto, (max-width: 300px) 100vw, 300px\" \/><\/a><\/p>\n<p><a href=\"https:\/\/www.romainlevy.com\/boites-a-outils\/les-plateformes-no-code-specialisees\/\"><img loading=\"lazy\" decoding=\"async\" class=\"alignnone wp-image-2860 size-full\" src=\"https:\/\/www.romainlevy.com\/wp-content\/uploads\/2021\/01\/16.png\" alt=\"Les plateformes no code sp\u00e9cialis\u00e9es\" width=\"300\" height=\"300\" srcset=\"https:\/\/www.romainlevy.com\/wp-content\/uploads\/2021\/01\/16.png 300w, https:\/\/www.romainlevy.com\/wp-content\/uploads\/2021\/01\/16-150x150.png 150w, https:\/\/www.romainlevy.com\/wp-content\/uploads\/2021\/01\/16-12x12.png 12w\" sizes=\"auto, (max-width: 300px) 100vw, 300px\" \/><\/a><\/p>\n<p><a href=\"https:\/\/www.romainlevy.com\/boites-a-outils\/les-autres-outils-indispensables-pour-developper-sans-coder\/\"><img loading=\"lazy\" decoding=\"async\" class=\"alignnone wp-image-2861 size-full\" src=\"https:\/\/www.romainlevy.com\/wp-content\/uploads\/2021\/01\/17.png\" alt=\"Outils indispensables pour d\u00e9velopper sans coder\" width=\"300\" height=\"300\" srcset=\"https:\/\/www.romainlevy.com\/wp-content\/uploads\/2021\/01\/17.png 300w, https:\/\/www.romainlevy.com\/wp-content\/uploads\/2021\/01\/17-150x150.png 150w, https:\/\/www.romainlevy.com\/wp-content\/uploads\/2021\/01\/17-12x12.png 12w\" sizes=\"auto, (max-width: 300px) 100vw, 300px\" \/><\/a><\/p>\n\n\t\t<\/div>\n\t<\/div>\n<\/div><\/div><\/div><\/div>\n<\/div>","protected":false},"excerpt":{"rendered":"<p>[vc_row][vc_column width=\"4\/5\"][vc_single_image source=\"featured_image\" img_size=\"large\" alignment=\"center\"][vc_column_text]Oui, cr\u00e9er une application sans savoir coder est possible\u00a0! (Comme avec Les outils no code pour cr\u00e9er un site internet sans coder) C\u2019est tout de m\u00eame relativement r\u00e9cent et nous allons sans doute voir appara\u00eetre des nouveaux acteurs dans les prochains mois.<\/p>\n","protected":false},"author":1,"featured_media":2859,"parent":1005,"menu_order":0,"comment_status":"closed","ping_status":"closed","template":"","meta":{"content-type":"","footnotes":""},"class_list":["post-2863","page","type-page","status-publish","has-post-thumbnail","hentry"],"yoast_head":"<!-- This site is optimized with the Yoast SEO plugin v27.5 - https:\/\/yoast.com\/product\/yoast-seo-wordpress\/ -->\n<title>Les outils no code pour cr\u00e9er une application sans coder - Romain L\u00e9vy<\/title>\n<meta name=\"robots\" content=\"index, follow, max-snippet:-1, max-image-preview:large, max-video-preview:-1\" \/>\n<link rel=\"canonical\" href=\"https:\/\/www.romainlevy.com\/fr\/boites-a-outils\/les-outils-no-code-pour-creer-une-application-sans-coder\/\" \/>\n<meta property=\"og:locale\" content=\"fr_FR\" \/>\n<meta property=\"og:type\" content=\"article\" \/>\n<meta property=\"og:title\" content=\"Les outils no code pour cr\u00e9er une application sans coder - Romain L\u00e9vy\" \/>\n<meta property=\"og:description\" content=\"Oui, cr\u00e9er une application sans savoir coder est possible\u00a0! (Comme avec Les outils no code pour cr\u00e9er un site internet sans coder) C\u2019est tout de m\u00eame relativement r\u00e9cent et nous allons sans doute voir appara\u00eetre des nouveaux acteurs dans les prochains mois.\" \/>\n<meta property=\"og:url\" content=\"https:\/\/www.romainlevy.com\/fr\/boites-a-outils\/les-outils-no-code-pour-creer-une-application-sans-coder\/\" \/>\n<meta property=\"og:site_name\" content=\"Romain L\u00e9vy\" \/>\n<meta property=\"article:modified_time\" content=\"2022-03-12T17:39:17+00:00\" \/>\n<meta property=\"og:image\" content=\"https:\/\/www.romainlevy.com\/wp-content\/uploads\/2021\/01\/151.png\" \/>\n\t<meta property=\"og:image:width\" content=\"300\" \/>\n\t<meta property=\"og:image:height\" content=\"300\" \/>\n\t<meta property=\"og:image:type\" content=\"image\/png\" \/>\n<meta name=\"twitter:card\" content=\"summary_large_image\" \/>\n<meta name=\"twitter:label1\" content=\"Dur\u00e9e de lecture estim\u00e9e\" \/>\n\t<meta name=\"twitter:data1\" content=\"4 minutes\" \/>\n<script type=\"application\/ld+json\" class=\"yoast-schema-graph\">{\"@context\":\"https:\\\/\\\/schema.org\",\"@graph\":[{\"@type\":\"WebPage\",\"@id\":\"https:\\\/\\\/www.romainlevy.com\\\/fr\\\/boites-a-outils\\\/les-outils-no-code-pour-creer-une-application-sans-coder\\\/\",\"url\":\"https:\\\/\\\/www.romainlevy.com\\\/fr\\\/boites-a-outils\\\/les-outils-no-code-pour-creer-une-application-sans-coder\\\/\",\"name\":\"Les outils no code pour cr\u00e9er une application sans coder - Romain L\u00e9vy\",\"isPartOf\":{\"@id\":\"https:\\\/\\\/www.romainlevy.com\\\/fr\\\/#website\"},\"primaryImageOfPage\":{\"@id\":\"https:\\\/\\\/www.romainlevy.com\\\/fr\\\/boites-a-outils\\\/les-outils-no-code-pour-creer-une-application-sans-coder\\\/#primaryimage\"},\"image\":{\"@id\":\"https:\\\/\\\/www.romainlevy.com\\\/fr\\\/boites-a-outils\\\/les-outils-no-code-pour-creer-une-application-sans-coder\\\/#primaryimage\"},\"thumbnailUrl\":\"https:\\\/\\\/www.romainlevy.com\\\/wp-content\\\/uploads\\\/2021\\\/01\\\/151.png\",\"datePublished\":\"2021-01-17T18:12:10+00:00\",\"dateModified\":\"2022-03-12T17:39:17+00:00\",\"breadcrumb\":{\"@id\":\"https:\\\/\\\/www.romainlevy.com\\\/fr\\\/boites-a-outils\\\/les-outils-no-code-pour-creer-une-application-sans-coder\\\/#breadcrumb\"},\"inLanguage\":\"fr-FR\",\"potentialAction\":[{\"@type\":\"ReadAction\",\"target\":[\"https:\\\/\\\/www.romainlevy.com\\\/fr\\\/boites-a-outils\\\/les-outils-no-code-pour-creer-une-application-sans-coder\\\/\"]}]},{\"@type\":\"ImageObject\",\"inLanguage\":\"fr-FR\",\"@id\":\"https:\\\/\\\/www.romainlevy.com\\\/fr\\\/boites-a-outils\\\/les-outils-no-code-pour-creer-une-application-sans-coder\\\/#primaryimage\",\"url\":\"https:\\\/\\\/www.romainlevy.com\\\/wp-content\\\/uploads\\\/2021\\\/01\\\/151.png\",\"contentUrl\":\"https:\\\/\\\/www.romainlevy.com\\\/wp-content\\\/uploads\\\/2021\\\/01\\\/151.png\",\"width\":300,\"height\":300,\"caption\":\"Cr\u00e9er une application sans coder\"},{\"@type\":\"BreadcrumbList\",\"@id\":\"https:\\\/\\\/www.romainlevy.com\\\/fr\\\/boites-a-outils\\\/les-outils-no-code-pour-creer-une-application-sans-coder\\\/#breadcrumb\",\"itemListElement\":[{\"@type\":\"ListItem\",\"position\":1,\"name\":\"Accueil\",\"item\":\"https:\\\/\\\/www.romainlevy.com\\\/fr\\\/\"},{\"@type\":\"ListItem\",\"position\":2,\"name\":\"Mes boites \u00e0 outils\",\"item\":\"https:\\\/\\\/www.romainlevy.com\\\/fr\\\/boites-a-outils\\\/\"},{\"@type\":\"ListItem\",\"position\":3,\"name\":\"Les outils no code pour cr\u00e9er une application sans coder\"}]},{\"@type\":\"WebSite\",\"@id\":\"https:\\\/\\\/www.romainlevy.com\\\/fr\\\/#website\",\"url\":\"https:\\\/\\\/www.romainlevy.com\\\/fr\\\/\",\"name\":\"Romain L\u00e9vy\",\"description\":\"Et si on m\u00ealait tradition et innovation ?\",\"publisher\":{\"@id\":\"https:\\\/\\\/www.romainlevy.com\\\/fr\\\/#\\\/schema\\\/person\\\/9807ad52294f0c8cffef60a461d6448d\"},\"potentialAction\":[{\"@type\":\"SearchAction\",\"target\":{\"@type\":\"EntryPoint\",\"urlTemplate\":\"https:\\\/\\\/www.romainlevy.com\\\/fr\\\/?s={search_term_string}\"},\"query-input\":{\"@type\":\"PropertyValueSpecification\",\"valueRequired\":true,\"valueName\":\"search_term_string\"}}],\"inLanguage\":\"fr-FR\"},{\"@type\":[\"Person\",\"Organization\"],\"@id\":\"https:\\\/\\\/www.romainlevy.com\\\/fr\\\/#\\\/schema\\\/person\\\/9807ad52294f0c8cffef60a461d6448d\",\"name\":\"romain\",\"image\":{\"@type\":\"ImageObject\",\"inLanguage\":\"fr-FR\",\"@id\":\"https:\\\/\\\/secure.gravatar.com\\\/avatar\\\/f80a54bc71c7566817c772597e25cc425bb2aa7e0b3d5f415b7a1a1a5977d099?s=96&d=mm&r=g\",\"url\":\"https:\\\/\\\/secure.gravatar.com\\\/avatar\\\/f80a54bc71c7566817c772597e25cc425bb2aa7e0b3d5f415b7a1a1a5977d099?s=96&d=mm&r=g\",\"contentUrl\":\"https:\\\/\\\/secure.gravatar.com\\\/avatar\\\/f80a54bc71c7566817c772597e25cc425bb2aa7e0b3d5f415b7a1a1a5977d099?s=96&d=mm&r=g\",\"caption\":\"romain\"},\"logo\":{\"@id\":\"https:\\\/\\\/secure.gravatar.com\\\/avatar\\\/f80a54bc71c7566817c772597e25cc425bb2aa7e0b3d5f415b7a1a1a5977d099?s=96&d=mm&r=g\"}}]}<\/script>\n<!-- \/ Yoast SEO plugin. -->","yoast_head_json":{"title":"Les outils no code pour cr\u00e9er une application sans coder - Romain L\u00e9vy","robots":{"index":"index","follow":"follow","max-snippet":"max-snippet:-1","max-image-preview":"max-image-preview:large","max-video-preview":"max-video-preview:-1"},"canonical":"https:\/\/www.romainlevy.com\/fr\/boites-a-outils\/les-outils-no-code-pour-creer-une-application-sans-coder\/","og_locale":"fr_FR","og_type":"article","og_title":"Les outils no code pour cr\u00e9er une application sans coder - Romain L\u00e9vy","og_description":"Oui, cr\u00e9er une application sans savoir coder est possible\u00a0! (Comme avec Les outils no code pour cr\u00e9er un site internet sans coder) C\u2019est tout de m\u00eame relativement r\u00e9cent et nous allons sans doute voir appara\u00eetre des nouveaux acteurs dans les prochains mois.","og_url":"https:\/\/www.romainlevy.com\/fr\/boites-a-outils\/les-outils-no-code-pour-creer-une-application-sans-coder\/","og_site_name":"Romain L\u00e9vy","article_modified_time":"2022-03-12T17:39:17+00:00","og_image":[{"width":300,"height":300,"url":"https:\/\/www.romainlevy.com\/wp-content\/uploads\/2021\/01\/151.png","type":"image\/png"}],"twitter_card":"summary_large_image","twitter_misc":{"Dur\u00e9e de lecture estim\u00e9e":"4 minutes"},"schema":{"@context":"https:\/\/schema.org","@graph":[{"@type":"WebPage","@id":"https:\/\/www.romainlevy.com\/fr\/boites-a-outils\/les-outils-no-code-pour-creer-une-application-sans-coder\/","url":"https:\/\/www.romainlevy.com\/fr\/boites-a-outils\/les-outils-no-code-pour-creer-une-application-sans-coder\/","name":"Les outils no code pour cr\u00e9er une application sans coder - Romain L\u00e9vy","isPartOf":{"@id":"https:\/\/www.romainlevy.com\/fr\/#website"},"primaryImageOfPage":{"@id":"https:\/\/www.romainlevy.com\/fr\/boites-a-outils\/les-outils-no-code-pour-creer-une-application-sans-coder\/#primaryimage"},"image":{"@id":"https:\/\/www.romainlevy.com\/fr\/boites-a-outils\/les-outils-no-code-pour-creer-une-application-sans-coder\/#primaryimage"},"thumbnailUrl":"https:\/\/www.romainlevy.com\/wp-content\/uploads\/2021\/01\/151.png","datePublished":"2021-01-17T18:12:10+00:00","dateModified":"2022-03-12T17:39:17+00:00","breadcrumb":{"@id":"https:\/\/www.romainlevy.com\/fr\/boites-a-outils\/les-outils-no-code-pour-creer-une-application-sans-coder\/#breadcrumb"},"inLanguage":"fr-FR","potentialAction":[{"@type":"ReadAction","target":["https:\/\/www.romainlevy.com\/fr\/boites-a-outils\/les-outils-no-code-pour-creer-une-application-sans-coder\/"]}]},{"@type":"ImageObject","inLanguage":"fr-FR","@id":"https:\/\/www.romainlevy.com\/fr\/boites-a-outils\/les-outils-no-code-pour-creer-une-application-sans-coder\/#primaryimage","url":"https:\/\/www.romainlevy.com\/wp-content\/uploads\/2021\/01\/151.png","contentUrl":"https:\/\/www.romainlevy.com\/wp-content\/uploads\/2021\/01\/151.png","width":300,"height":300,"caption":"Cr\u00e9er une application sans coder"},{"@type":"BreadcrumbList","@id":"https:\/\/www.romainlevy.com\/fr\/boites-a-outils\/les-outils-no-code-pour-creer-une-application-sans-coder\/#breadcrumb","itemListElement":[{"@type":"ListItem","position":1,"name":"Accueil","item":"https:\/\/www.romainlevy.com\/fr\/"},{"@type":"ListItem","position":2,"name":"Mes boites \u00e0 outils","item":"https:\/\/www.romainlevy.com\/fr\/boites-a-outils\/"},{"@type":"ListItem","position":3,"name":"Les outils no code pour cr\u00e9er une application sans coder"}]},{"@type":"WebSite","@id":"https:\/\/www.romainlevy.com\/fr\/#website","url":"https:\/\/www.romainlevy.com\/fr\/","name":"Romain L\u00e9vy","description":"Et si on m\u00ealait tradition et innovation ?","publisher":{"@id":"https:\/\/www.romainlevy.com\/fr\/#\/schema\/person\/9807ad52294f0c8cffef60a461d6448d"},"potentialAction":[{"@type":"SearchAction","target":{"@type":"EntryPoint","urlTemplate":"https:\/\/www.romainlevy.com\/fr\/?s={search_term_string}"},"query-input":{"@type":"PropertyValueSpecification","valueRequired":true,"valueName":"search_term_string"}}],"inLanguage":"fr-FR"},{"@type":["Person","Organization"],"@id":"https:\/\/www.romainlevy.com\/fr\/#\/schema\/person\/9807ad52294f0c8cffef60a461d6448d","name":"romain","image":{"@type":"ImageObject","inLanguage":"fr-FR","@id":"https:\/\/secure.gravatar.com\/avatar\/f80a54bc71c7566817c772597e25cc425bb2aa7e0b3d5f415b7a1a1a5977d099?s=96&d=mm&r=g","url":"https:\/\/secure.gravatar.com\/avatar\/f80a54bc71c7566817c772597e25cc425bb2aa7e0b3d5f415b7a1a1a5977d099?s=96&d=mm&r=g","contentUrl":"https:\/\/secure.gravatar.com\/avatar\/f80a54bc71c7566817c772597e25cc425bb2aa7e0b3d5f415b7a1a1a5977d099?s=96&d=mm&r=g","caption":"romain"},"logo":{"@id":"https:\/\/secure.gravatar.com\/avatar\/f80a54bc71c7566817c772597e25cc425bb2aa7e0b3d5f415b7a1a1a5977d099?s=96&d=mm&r=g"}}]}},"_links":{"self":[{"href":"https:\/\/www.romainlevy.com\/fr\/wp-json\/wp\/v2\/pages\/2863","targetHints":{"allow":["GET"]}}],"collection":[{"href":"https:\/\/www.romainlevy.com\/fr\/wp-json\/wp\/v2\/pages"}],"about":[{"href":"https:\/\/www.romainlevy.com\/fr\/wp-json\/wp\/v2\/types\/page"}],"author":[{"embeddable":true,"href":"https:\/\/www.romainlevy.com\/fr\/wp-json\/wp\/v2\/users\/1"}],"replies":[{"embeddable":true,"href":"https:\/\/www.romainlevy.com\/fr\/wp-json\/wp\/v2\/comments?post=2863"}],"version-history":[{"count":10,"href":"https:\/\/www.romainlevy.com\/fr\/wp-json\/wp\/v2\/pages\/2863\/revisions"}],"predecessor-version":[{"id":3206,"href":"https:\/\/www.romainlevy.com\/fr\/wp-json\/wp\/v2\/pages\/2863\/revisions\/3206"}],"up":[{"embeddable":true,"href":"https:\/\/www.romainlevy.com\/fr\/wp-json\/wp\/v2\/pages\/1005"}],"wp:featuredmedia":[{"embeddable":true,"href":"https:\/\/www.romainlevy.com\/fr\/wp-json\/wp\/v2\/media\/2859"}],"wp:attachment":[{"href":"https:\/\/www.romainlevy.com\/fr\/wp-json\/wp\/v2\/media?parent=2863"}],"curies":[{"name":"wp","href":"https:\/\/api.w.org\/{rel}","templated":true}]}}