{"id":2908,"date":"2021-01-24T15:43:56","date_gmt":"2021-01-24T14:43:56","guid":{"rendered":"https:\/\/www.romainlevy.com\/?page_id=2908"},"modified":"2022-12-01T21:01:33","modified_gmt":"2022-12-01T20:01:33","slug":"les-outils-growth-hacking-pour-optimiser-et-tout-personnaliser","status":"publish","type":"page","link":"https:\/\/www.romainlevy.com\/fr\/boites-a-outils\/les-outils-growth-hacking-pour-optimiser-et-tout-personnaliser\/","title":{"rendered":"Les outils Growth Hacking pour optimiser et tout personnaliser"},"content":{"rendered":"<div class=\"wpb-content-wrapper\"><div class=\"vc_row wpb_row vc_row-fluid\"><div class=\"wpb_column vc_column_container vc_col-sm-4\/5\"><div class=\"vc_column-inner \"><div class=\"wpb_wrapper\">\n\t<div  class=\"wpb_single_image wpb_content_element vc_align_center wpb_content_element\">\n\t\t\n\t\t<figure class=\"wpb_wrapper vc_figure\">\n\t\t\t<div class=\"vc_single_image-wrapper   vc_box_border_grey\"><img loading=\"lazy\" decoding=\"async\" width=\"300\" height=\"300\" src=\"https:\/\/www.romainlevy.com\/wp-content\/uploads\/2021\/01\/101.png\" class=\"vc_single_image-img attachment-large\" alt=\"Top Outils Growth Hacking Optimiser Tout personnaliser\" title=\"Top Outils Growth Hacking Optimiser Tout personnaliser\" srcset=\"https:\/\/www.romainlevy.com\/wp-content\/uploads\/2021\/01\/101.png 300w, https:\/\/www.romainlevy.com\/wp-content\/uploads\/2021\/01\/101-150x150.png 150w, https:\/\/www.romainlevy.com\/wp-content\/uploads\/2021\/01\/101-12x12.png 12w\" sizes=\"auto, (max-width: 300px) 100vw, 300px\" \/><\/div>\n\t\t<\/figure>\n\t<\/div>\n\n\t<div class=\"wpb_text_column wpb_content_element\" >\n\t\t<div class=\"wpb_wrapper\">\n\t\t\t<p>Sommaire :<\/p>\n<ol>\n<li><a href=\"#impactbonneimpression\">Comment avoir un impact fort et faire une bonne premi\u00e8re impression ? (Uclic, Mutiny, Hyperise)<\/a><\/li>\n<li><a href=\"#personnaliserpixelme\">Personnaliser un lien avec PixelMe pour ma\u00eetriser son tunnel d&#8217;acquisition clients m\u00eame hors site<\/a><\/li>\n<\/ol>\n<p>&nbsp;<\/p>\n<p>Lorsque nous parlons de <strong>Growth-Hacking<\/strong>, nous entendons souvent parler de <strong>scrapping<\/strong>, avec des logiciels simples comme dans <a href=\"https:\/\/www.romainlevy.com\/fr\/boites-a-outils\/les-outils-growth-hacking-pour-scrapper\/\">les outils Growth Hacking pour scrapper<\/a>. L&#8217;aspect <strong>personnalisation<\/strong> est aussi un des <strong>points cl\u00e9s des techniques de growth<\/strong> ! Ici vous pouvez donc d\u00e9couvrir les outils pour <strong>optimiser vos conversions<\/strong> et <strong>tout personnaliser pour vos clients<\/strong>.<\/p>\n<h2 id=\"impactbonneimpression\">Comment avoir un impact fort et faire une bonne premi\u00e8re impression ?<\/h2>\n<p>Avec Uclic, vous pouvez ajouter une <strong>image personnalis\u00e9e<\/strong> \u00e0 vos messages Linkedin, Facebook, WhatsApp, Twitter et m\u00eame dans vos e-mails. Avec cette image, vous avez un <strong>lien g\u00e9n\u00e9r\u00e9<\/strong> qui am\u00e8ne votre contact vers une <strong>landing page personnalis\u00e9e avec son nom pr\u00e9nom, le nom de son entreprise entre autres informations..<\/strong>. regarder les d\u00e9mos sur le site, c\u2019est visuel, rapide \u00e0 comprendre et assez bluffant. Avec Uclic vous aurez des<strong> taux de conversions am\u00e9lior\u00e9s<\/strong>. Autre avantage, il est connect\u00e9 nativement \u00e0 d\u2019autres outils et notamment Zapier (oui, encore lui), qui vous permettra de faire des <strong>combinaisons int\u00e9ressantes pour votre strat\u00e9gie de croissance<\/strong>.<\/p>\n<p>Dans la m\u00eame lign\u00e9e, nous trouvons <em><strong><a href=\"https:\/\/www.mutinyhq.com\/\" target=\"_blank\" rel=\"noopener\">Mutiny<\/a><\/strong><\/em> qui permet de <strong>personnaliser la page d&#8217;atterrissage<\/strong> (Landing Page) du site en fonction du profil du visiteur. Mutiny est <strong>connect\u00e9 \u00e0 des bases de donn\u00e9es<\/strong> et peut ainsi <strong>d\u00e9tecter le profil des internautes<\/strong> et personnaliser la page pr\u00e9sent\u00e9e. Il affiche ensuite les conversions en fonction des profils. En revanche, deux points sont \u00e0 prendre en compte, le parcours client pour avoir un prix est assez laborieux et le prix me parait peu adapt\u00e9 aux entreprises en amor\u00e7age. Il s\u2019agit d\u2019un <strong>outil pertinent pour les entreprises d\u00e9j\u00e0 bien install\u00e9es<\/strong>. A voir donc au cas par cas en fonction de votre entreprise. Si vous avez <strong>plus de 20 000 visiteurs par mois<\/strong>, Mutiny commence \u00e0 \u00eatre int\u00e9ressant. \ud83d\ude0a<\/p>\n<p>Vous avez envie de <strong>personnaliser vos interactions<\/strong> avec vos prospects et clients ? Vous voulez les <strong>surprendre<\/strong> ? <a href=\"https:\/\/share.hyperise.io?fp_ref=romain69\" target=\"_blank\" rel=\"noopener\"><em><strong>Hyperise<\/strong><\/em><\/a> est <strong>plus abordable que Mutiny<\/strong> et va <strong>personnaliser<\/strong> les images et le texte envoy\u00e9 par mail, ou la page de votre site internet en fonction du visiteur. Hyperise propose en plus des fonctions <strong>d\u2019\u00ab enrichissement \u00bb de donn\u00e9es,<\/strong> c\u2019est-\u00e0-dire que cet outil va vous aider \u00e0 compl\u00e9ter vos bases de donn\u00e9es en augmentant votre connaissance de vos clients. Hyperise est connect\u00e9 avec de nombreux autres outils, des CRM et Zapier, donc vous pouvez imaginer une <strong>belle vari\u00e9t\u00e9 de strat\u00e9gies Growth Hacking<\/strong> \u00e0 mettre en place !<\/p>\n<p>&nbsp;<\/p>\n<p>Un exemple d&#8217;utilisation de <a href=\"https:\/\/share.hyperise.io?fp_ref=romain69\" target=\"_blank\" rel=\"noopener\"><em><strong>Hyperise<\/strong><\/em><\/a> avec <em><strong><a href=\"https:\/\/dashboard.chatfuel.com\/login-affiliate-program?affiliate_link_id=606c02e0a93b9022f231e053\" target=\"_blank\" rel=\"noopener\">Chatfuel <\/a><\/strong><\/em>(Robot conversationnel pour Facebook, vu dans <a href=\"https:\/\/www.romainlevy.com\/boites-a-outils\/les-outils-growth-hacking-pour-les-reseaux-sociaux\/\">Les outils Growth Hacking pour les r\u00e9seaux-sociaux<\/a> )<\/p>\n<p><iframe loading=\"lazy\" title=\"YouTube video player\" src=\"https:\/\/www.youtube.com\/embed\/yAPh_AG7iT8\" width=\"560\" height=\"315\" frameborder=\"0\" allowfullscreen=\"allowfullscreen\"><\/iframe><\/p>\n<p>&nbsp;<\/p>\n<h2 id=\"personnaliserpixelme\">Personnaliser un lien avec PixelMe pour ma\u00eetriser son tunnel d&#8217;acquisition clients m\u00eame hors site<\/h2>\n<p><em><strong><a href=\"https:\/\/pixelme.grsm.io\/romainlevy2410\" target=\"_blank\" rel=\"noopener\">PixelMe<\/a><\/strong><\/em> propose <strong>des liens<\/strong> qui, lorsqu\u2019ils seront partag\u00e9s et cliqu\u00e9s vous permettent de cr\u00e9er des <strong>audiences personnalis\u00e9es<\/strong> et ainsi mettre en place des <strong>publicit\u00e9s cibl\u00e9es pertinentes.<\/strong> Vous pouvez ensuite <strong>suivre l\u2019activit\u00e9 de vos visiteurs<\/strong>, qu\u2019ils soient pass\u00e9s <strong>sur votre site ou m\u00eame sur vos r\u00e9seaux-sociaux, sur une plateforme sur laquelle vous avez post\u00e9 votre lien\u2026<\/strong> les cibler avec des publicit\u00e9s sp\u00e9cifiques via diff\u00e9rentes r\u00e9gies publicitaires (Facebook ads par exemple) et suivre vos <strong>performances<\/strong> afin <strong>mesurer le succ\u00e8s de chaque lien<\/strong>. Il s\u2019agit donc d\u2019une <strong>arme puissante<\/strong> pour faire du <strong>retargetting<\/strong> (re-ciblage) et \u00eatre capable de <strong>ma\u00eetriser parfaitement ses tunnels d\u2019acquisition clients, m\u00eame hors site !<\/strong><\/p>\n<p>&nbsp;<\/p>\n<p>Le back-office de PixelMe :<\/p>\n<p><iframe loading=\"lazy\" title=\"YouTube video player\" src=\"https:\/\/www.youtube.com\/embed\/Hsys8zXWteA\" width=\"560\" height=\"315\" frameborder=\"0\" allowfullscreen=\"allowfullscreen\"><\/iframe><\/p>\n<p>&nbsp;<\/p>\n<p style=\"text-align: right;\"><em><strong><a href=\"https:\/\/www.romainlevy.com\/fr\/boites-a-outils\/les-outils-growth-hacking-pour-optimiser-lenvoie-de-mails\/\">Suivant<\/a><\/strong><\/em><\/p>\n<p style=\"text-align: right;\"><a href=\"https:\/\/www.romainlevy.com\/fr\/boites-a-outils\/les-outils-growth-hacking-pour-optimiser-lenvoie-de-mails\/\"><img loading=\"lazy\" decoding=\"async\" class=\"alignnone wp-image-2924 size-full\" src=\"https:\/\/www.romainlevy.com\/wp-content\/uploads\/2021\/01\/Top-outils-Growth-Hacking-optimiser-mails.png\" alt=\"Top outils Growth Hacking optimiser mails\" width=\"300\" height=\"300\" srcset=\"https:\/\/www.romainlevy.com\/wp-content\/uploads\/2021\/01\/Top-outils-Growth-Hacking-optimiser-mails.png 300w, https:\/\/www.romainlevy.com\/wp-content\/uploads\/2021\/01\/Top-outils-Growth-Hacking-optimiser-mails-150x150.png 150w, https:\/\/www.romainlevy.com\/wp-content\/uploads\/2021\/01\/Top-outils-Growth-Hacking-optimiser-mails-12x12.png 12w\" sizes=\"auto, (max-width: 300px) 100vw, 300px\" \/><\/a><\/p>\n\n\t\t<\/div>\n\t<\/div>\n<\/div><\/div><\/div><div class=\"wpb_column vc_column_container vc_col-sm-1\/5\"><div class=\"vc_column-inner \"><div class=\"wpb_wrapper\">\n\t<div class=\"wpb_text_column wpb_content_element\" >\n\t\t<div class=\"wpb_wrapper\">\n\t\t\t<p>Mes autres bo\u00eetes \u00e0 outils<\/p>\n<p><a href=\"https:\/\/www.romainlevy.com\/fr\/boites-a-outils\/webmarketing-le-seo-referencement-naturel-les-outils-pour-trouver-des-mots-clefs-et-se-referencer\/\"><img loading=\"lazy\" decoding=\"async\" class=\"alignnone wp-image-2786 size-full\" src=\"https:\/\/www.romainlevy.com\/wp-content\/uploads\/2021\/01\/21.png\" alt=\"Top outils webmarketing SEO Trouver des mots clefs\" width=\"300\" height=\"300\" srcset=\"https:\/\/www.romainlevy.com\/wp-content\/uploads\/2021\/01\/21.png 300w, https:\/\/www.romainlevy.com\/wp-content\/uploads\/2021\/01\/21-150x150.png 150w, https:\/\/www.romainlevy.com\/wp-content\/uploads\/2021\/01\/21-12x12.png 12w\" sizes=\"auto, (max-width: 300px) 100vw, 300px\" \/><\/a><\/p>\n<p><a href=\"https:\/\/www.romainlevy.com\/fr\/boites-a-outils\/webmarketing-seo-referencement-naturel-les-outils-pour-analyser-son-site-et-progresser\/\"><img loading=\"lazy\" decoding=\"async\" class=\"alignnone wp-image-2787 size-full\" src=\"https:\/\/www.romainlevy.com\/wp-content\/uploads\/2021\/01\/31.png\" alt=\"Top outils webmarketing SEO Analyser son site\" width=\"300\" height=\"300\" srcset=\"https:\/\/www.romainlevy.com\/wp-content\/uploads\/2021\/01\/31.png 300w, https:\/\/www.romainlevy.com\/wp-content\/uploads\/2021\/01\/31-150x150.png 150w, https:\/\/www.romainlevy.com\/wp-content\/uploads\/2021\/01\/31-12x12.png 12w\" sizes=\"auto, (max-width: 300px) 100vw, 300px\" \/><\/a><\/p>\n<p><a href=\"https:\/\/www.romainlevy.com\/fr\/boites-a-outils\/webmarketing-seo-referencement-naturel-les-outils-pour-suivre-son-referencement\/\"><img loading=\"lazy\" decoding=\"async\" class=\"alignnone wp-image-2788 size-full\" src=\"https:\/\/www.romainlevy.com\/wp-content\/uploads\/2021\/01\/4.png\" alt=\"Top outils webmarketing SEO suivre son r\u00e9f\u00e9rencement\" width=\"300\" height=\"300\" srcset=\"https:\/\/www.romainlevy.com\/wp-content\/uploads\/2021\/01\/4.png 300w, https:\/\/www.romainlevy.com\/wp-content\/uploads\/2021\/01\/4-150x150.png 150w, https:\/\/www.romainlevy.com\/wp-content\/uploads\/2021\/01\/4-12x12.png 12w\" sizes=\"auto, (max-width: 300px) 100vw, 300px\" \/><\/a><\/p>\n<p><a href=\"https:\/\/www.romainlevy.com\/fr\/boites-a-outils\/webmarketing-les-outils-pour-developper-son-audience-et-ses-backlinks\/\"><img loading=\"lazy\" decoding=\"async\" class=\"alignnone wp-image-2789 size-full\" src=\"https:\/\/www.romainlevy.com\/wp-content\/uploads\/2021\/01\/5.png\" alt=\"Top outils webmarketing SEO d\u00e9velopper son audience\" width=\"300\" height=\"300\" srcset=\"https:\/\/www.romainlevy.com\/wp-content\/uploads\/2021\/01\/5.png 300w, https:\/\/www.romainlevy.com\/wp-content\/uploads\/2021\/01\/5-150x150.png 150w, https:\/\/www.romainlevy.com\/wp-content\/uploads\/2021\/01\/5-12x12.png 12w\" sizes=\"auto, (max-width: 300px) 100vw, 300px\" \/><\/a><\/p>\n<p><a href=\"https:\/\/www.romainlevy.com\/fr\/boites-a-outils\/webmarketing-les-outils-pour-recevoir-les-coordonnees-de-vos-prospects\/\"><img loading=\"lazy\" decoding=\"async\" class=\"alignnone wp-image-2790 size-full\" src=\"https:\/\/www.romainlevy.com\/wp-content\/uploads\/2021\/01\/6.png\" alt=\"Top outils webmarketing Conversion Faciliter les contacts\" width=\"300\" height=\"300\" srcset=\"https:\/\/www.romainlevy.com\/wp-content\/uploads\/2021\/01\/6.png 300w, https:\/\/www.romainlevy.com\/wp-content\/uploads\/2021\/01\/6-150x150.png 150w, https:\/\/www.romainlevy.com\/wp-content\/uploads\/2021\/01\/6-12x12.png 12w\" sizes=\"auto, (max-width: 300px) 100vw, 300px\" \/><\/a><\/p>\n<p><a href=\"https:\/\/www.romainlevy.com\/fr\/boites-a-outils\/webmarketing-convertir-vos-prospects-en-clients-via-les-outils-de-mailing\/\"><img loading=\"lazy\" decoding=\"async\" class=\"alignnone wp-image-2791 size-full\" src=\"https:\/\/www.romainlevy.com\/wp-content\/uploads\/2021\/01\/7.png\" alt=\"Top outils webmarketing Conversion Outils de mailing\" width=\"300\" height=\"300\" srcset=\"https:\/\/www.romainlevy.com\/wp-content\/uploads\/2021\/01\/7.png 300w, https:\/\/www.romainlevy.com\/wp-content\/uploads\/2021\/01\/7-150x150.png 150w, https:\/\/www.romainlevy.com\/wp-content\/uploads\/2021\/01\/7-12x12.png 12w\" sizes=\"auto, (max-width: 300px) 100vw, 300px\" \/><\/a><\/p>\n<p><a href=\"https:\/\/www.romainlevy.com\/fr\/boites-a-outils\/les-outils-growth-hacking-pour-les-reseaux-sociaux\/\"><img loading=\"lazy\" decoding=\"async\" class=\"alignnone wp-image-2793 size-full\" src=\"https:\/\/www.romainlevy.com\/wp-content\/uploads\/2021\/01\/91.png\" alt=\"Top outils Growth Hacking Les bases pour les r\u00e9seaux-sociaux\" width=\"300\" height=\"300\" srcset=\"https:\/\/www.romainlevy.com\/wp-content\/uploads\/2021\/01\/91.png 300w, https:\/\/www.romainlevy.com\/wp-content\/uploads\/2021\/01\/91-150x150.png 150w, https:\/\/www.romainlevy.com\/wp-content\/uploads\/2021\/01\/91-12x12.png 12w\" sizes=\"auto, (max-width: 300px) 100vw, 300px\" \/><\/a><\/p>\n<p><a href=\"https:\/\/www.romainlevy.com\/fr\/boites-a-outils\/les-outils-growth-hacking-pour-scrapper\/\"><img loading=\"lazy\" decoding=\"async\" class=\"alignnone wp-image-2794 size-full\" src=\"https:\/\/www.romainlevy.com\/wp-content\/uploads\/2021\/01\/11.png\" alt=\"\" width=\"300\" height=\"300\" srcset=\"https:\/\/www.romainlevy.com\/wp-content\/uploads\/2021\/01\/11.png 300w, https:\/\/www.romainlevy.com\/wp-content\/uploads\/2021\/01\/11-150x150.png 150w, https:\/\/www.romainlevy.com\/wp-content\/uploads\/2021\/01\/11-12x12.png 12w\" sizes=\"auto, (max-width: 300px) 100vw, 300px\" \/><\/a><\/p>\n\n\t\t<\/div>\n\t<\/div>\n<\/div><\/div><\/div><\/div>\n<\/div>","protected":false},"excerpt":{"rendered":"<p>[vc_row][vc_column width=\"4\/5\"][vc_single_image source=\"featured_image\" img_size=\"large\" alignment=\"center\"][vc_column_text]Bient\u00f4t ici je vous parlerai de :<\/p>\n","protected":false},"author":1,"featured_media":2909,"parent":1005,"menu_order":0,"comment_status":"closed","ping_status":"closed","template":"","meta":{"content-type":"","footnotes":""},"class_list":["post-2908","page","type-page","status-publish","has-post-thumbnail","hentry"],"yoast_head":"<!-- This site is optimized with the Yoast SEO plugin v27.5 - https:\/\/yoast.com\/product\/yoast-seo-wordpress\/ -->\n<title>Les outils Growth Hacking pour optimiser et tout personnaliser - Romain L\u00e9vy<\/title>\n<meta name=\"robots\" content=\"index, follow, max-snippet:-1, max-image-preview:large, max-video-preview:-1\" \/>\n<link rel=\"canonical\" href=\"https:\/\/www.romainlevy.com\/fr\/boites-a-outils\/les-outils-growth-hacking-pour-optimiser-et-tout-personnaliser\/\" \/>\n<meta property=\"og:locale\" content=\"fr_FR\" \/>\n<meta property=\"og:type\" content=\"article\" \/>\n<meta property=\"og:title\" content=\"Les outils Growth Hacking pour optimiser et tout personnaliser - Romain L\u00e9vy\" \/>\n<meta property=\"og:description\" content=\"Bient\u00f4t ici je vous parlerai de :\" \/>\n<meta property=\"og:url\" content=\"https:\/\/www.romainlevy.com\/fr\/boites-a-outils\/les-outils-growth-hacking-pour-optimiser-et-tout-personnaliser\/\" \/>\n<meta property=\"og:site_name\" content=\"Romain L\u00e9vy\" \/>\n<meta property=\"article:modified_time\" content=\"2022-12-01T20:01:33+00:00\" \/>\n<meta property=\"og:image\" content=\"https:\/\/www.romainlevy.com\/wp-content\/uploads\/2021\/01\/101.png\" \/>\n\t<meta property=\"og:image:width\" content=\"300\" \/>\n\t<meta property=\"og:image:height\" content=\"300\" \/>\n\t<meta property=\"og:image:type\" content=\"image\/png\" \/>\n<meta name=\"twitter:card\" content=\"summary_large_image\" \/>\n<meta name=\"twitter:label1\" content=\"Dur\u00e9e de lecture estim\u00e9e\" \/>\n\t<meta name=\"twitter:data1\" content=\"5 minutes\" \/>\n<script type=\"application\/ld+json\" class=\"yoast-schema-graph\">{\"@context\":\"https:\\\/\\\/schema.org\",\"@graph\":[{\"@type\":\"WebPage\",\"@id\":\"https:\\\/\\\/www.romainlevy.com\\\/fr\\\/boites-a-outils\\\/les-outils-growth-hacking-pour-optimiser-et-tout-personnaliser\\\/\",\"url\":\"https:\\\/\\\/www.romainlevy.com\\\/fr\\\/boites-a-outils\\\/les-outils-growth-hacking-pour-optimiser-et-tout-personnaliser\\\/\",\"name\":\"Les outils Growth Hacking pour optimiser et tout personnaliser - Romain L\u00e9vy\",\"isPartOf\":{\"@id\":\"https:\\\/\\\/www.romainlevy.com\\\/fr\\\/#website\"},\"primaryImageOfPage\":{\"@id\":\"https:\\\/\\\/www.romainlevy.com\\\/fr\\\/boites-a-outils\\\/les-outils-growth-hacking-pour-optimiser-et-tout-personnaliser\\\/#primaryimage\"},\"image\":{\"@id\":\"https:\\\/\\\/www.romainlevy.com\\\/fr\\\/boites-a-outils\\\/les-outils-growth-hacking-pour-optimiser-et-tout-personnaliser\\\/#primaryimage\"},\"thumbnailUrl\":\"https:\\\/\\\/www.romainlevy.com\\\/wp-content\\\/uploads\\\/2021\\\/01\\\/101.png\",\"datePublished\":\"2021-01-24T14:43:56+00:00\",\"dateModified\":\"2022-12-01T20:01:33+00:00\",\"breadcrumb\":{\"@id\":\"https:\\\/\\\/www.romainlevy.com\\\/fr\\\/boites-a-outils\\\/les-outils-growth-hacking-pour-optimiser-et-tout-personnaliser\\\/#breadcrumb\"},\"inLanguage\":\"fr-FR\",\"potentialAction\":[{\"@type\":\"ReadAction\",\"target\":[\"https:\\\/\\\/www.romainlevy.com\\\/fr\\\/boites-a-outils\\\/les-outils-growth-hacking-pour-optimiser-et-tout-personnaliser\\\/\"]}]},{\"@type\":\"ImageObject\",\"inLanguage\":\"fr-FR\",\"@id\":\"https:\\\/\\\/www.romainlevy.com\\\/fr\\\/boites-a-outils\\\/les-outils-growth-hacking-pour-optimiser-et-tout-personnaliser\\\/#primaryimage\",\"url\":\"https:\\\/\\\/www.romainlevy.com\\\/wp-content\\\/uploads\\\/2021\\\/01\\\/101.png\",\"contentUrl\":\"https:\\\/\\\/www.romainlevy.com\\\/wp-content\\\/uploads\\\/2021\\\/01\\\/101.png\",\"width\":300,\"height\":300,\"caption\":\"Top Outils Growth Hacking Optimiser Tout personnaliser\"},{\"@type\":\"BreadcrumbList\",\"@id\":\"https:\\\/\\\/www.romainlevy.com\\\/fr\\\/boites-a-outils\\\/les-outils-growth-hacking-pour-optimiser-et-tout-personnaliser\\\/#breadcrumb\",\"itemListElement\":[{\"@type\":\"ListItem\",\"position\":1,\"name\":\"Accueil\",\"item\":\"https:\\\/\\\/www.romainlevy.com\\\/fr\\\/\"},{\"@type\":\"ListItem\",\"position\":2,\"name\":\"Mes boites \u00e0 outils\",\"item\":\"https:\\\/\\\/www.romainlevy.com\\\/fr\\\/boites-a-outils\\\/\"},{\"@type\":\"ListItem\",\"position\":3,\"name\":\"Les outils Growth Hacking pour optimiser et tout personnaliser\"}]},{\"@type\":\"WebSite\",\"@id\":\"https:\\\/\\\/www.romainlevy.com\\\/fr\\\/#website\",\"url\":\"https:\\\/\\\/www.romainlevy.com\\\/fr\\\/\",\"name\":\"Romain L\u00e9vy\",\"description\":\"Et si on m\u00ealait tradition et innovation ?\",\"publisher\":{\"@id\":\"https:\\\/\\\/www.romainlevy.com\\\/fr\\\/#\\\/schema\\\/person\\\/9807ad52294f0c8cffef60a461d6448d\"},\"potentialAction\":[{\"@type\":\"SearchAction\",\"target\":{\"@type\":\"EntryPoint\",\"urlTemplate\":\"https:\\\/\\\/www.romainlevy.com\\\/fr\\\/?s={search_term_string}\"},\"query-input\":{\"@type\":\"PropertyValueSpecification\",\"valueRequired\":true,\"valueName\":\"search_term_string\"}}],\"inLanguage\":\"fr-FR\"},{\"@type\":[\"Person\",\"Organization\"],\"@id\":\"https:\\\/\\\/www.romainlevy.com\\\/fr\\\/#\\\/schema\\\/person\\\/9807ad52294f0c8cffef60a461d6448d\",\"name\":\"romain\",\"image\":{\"@type\":\"ImageObject\",\"inLanguage\":\"fr-FR\",\"@id\":\"https:\\\/\\\/secure.gravatar.com\\\/avatar\\\/f80a54bc71c7566817c772597e25cc425bb2aa7e0b3d5f415b7a1a1a5977d099?s=96&d=mm&r=g\",\"url\":\"https:\\\/\\\/secure.gravatar.com\\\/avatar\\\/f80a54bc71c7566817c772597e25cc425bb2aa7e0b3d5f415b7a1a1a5977d099?s=96&d=mm&r=g\",\"contentUrl\":\"https:\\\/\\\/secure.gravatar.com\\\/avatar\\\/f80a54bc71c7566817c772597e25cc425bb2aa7e0b3d5f415b7a1a1a5977d099?s=96&d=mm&r=g\",\"caption\":\"romain\"},\"logo\":{\"@id\":\"https:\\\/\\\/secure.gravatar.com\\\/avatar\\\/f80a54bc71c7566817c772597e25cc425bb2aa7e0b3d5f415b7a1a1a5977d099?s=96&d=mm&r=g\"}}]}<\/script>\n<!-- \/ Yoast SEO plugin. -->","yoast_head_json":{"title":"Les outils Growth Hacking pour optimiser et tout personnaliser - Romain L\u00e9vy","robots":{"index":"index","follow":"follow","max-snippet":"max-snippet:-1","max-image-preview":"max-image-preview:large","max-video-preview":"max-video-preview:-1"},"canonical":"https:\/\/www.romainlevy.com\/fr\/boites-a-outils\/les-outils-growth-hacking-pour-optimiser-et-tout-personnaliser\/","og_locale":"fr_FR","og_type":"article","og_title":"Les outils Growth Hacking pour optimiser et tout personnaliser - Romain L\u00e9vy","og_description":"Bient\u00f4t ici je vous parlerai de :","og_url":"https:\/\/www.romainlevy.com\/fr\/boites-a-outils\/les-outils-growth-hacking-pour-optimiser-et-tout-personnaliser\/","og_site_name":"Romain L\u00e9vy","article_modified_time":"2022-12-01T20:01:33+00:00","og_image":[{"width":300,"height":300,"url":"https:\/\/www.romainlevy.com\/wp-content\/uploads\/2021\/01\/101.png","type":"image\/png"}],"twitter_card":"summary_large_image","twitter_misc":{"Dur\u00e9e de lecture estim\u00e9e":"5 minutes"},"schema":{"@context":"https:\/\/schema.org","@graph":[{"@type":"WebPage","@id":"https:\/\/www.romainlevy.com\/fr\/boites-a-outils\/les-outils-growth-hacking-pour-optimiser-et-tout-personnaliser\/","url":"https:\/\/www.romainlevy.com\/fr\/boites-a-outils\/les-outils-growth-hacking-pour-optimiser-et-tout-personnaliser\/","name":"Les outils Growth Hacking pour optimiser et tout personnaliser - Romain L\u00e9vy","isPartOf":{"@id":"https:\/\/www.romainlevy.com\/fr\/#website"},"primaryImageOfPage":{"@id":"https:\/\/www.romainlevy.com\/fr\/boites-a-outils\/les-outils-growth-hacking-pour-optimiser-et-tout-personnaliser\/#primaryimage"},"image":{"@id":"https:\/\/www.romainlevy.com\/fr\/boites-a-outils\/les-outils-growth-hacking-pour-optimiser-et-tout-personnaliser\/#primaryimage"},"thumbnailUrl":"https:\/\/www.romainlevy.com\/wp-content\/uploads\/2021\/01\/101.png","datePublished":"2021-01-24T14:43:56+00:00","dateModified":"2022-12-01T20:01:33+00:00","breadcrumb":{"@id":"https:\/\/www.romainlevy.com\/fr\/boites-a-outils\/les-outils-growth-hacking-pour-optimiser-et-tout-personnaliser\/#breadcrumb"},"inLanguage":"fr-FR","potentialAction":[{"@type":"ReadAction","target":["https:\/\/www.romainlevy.com\/fr\/boites-a-outils\/les-outils-growth-hacking-pour-optimiser-et-tout-personnaliser\/"]}]},{"@type":"ImageObject","inLanguage":"fr-FR","@id":"https:\/\/www.romainlevy.com\/fr\/boites-a-outils\/les-outils-growth-hacking-pour-optimiser-et-tout-personnaliser\/#primaryimage","url":"https:\/\/www.romainlevy.com\/wp-content\/uploads\/2021\/01\/101.png","contentUrl":"https:\/\/www.romainlevy.com\/wp-content\/uploads\/2021\/01\/101.png","width":300,"height":300,"caption":"Top Outils Growth Hacking Optimiser Tout personnaliser"},{"@type":"BreadcrumbList","@id":"https:\/\/www.romainlevy.com\/fr\/boites-a-outils\/les-outils-growth-hacking-pour-optimiser-et-tout-personnaliser\/#breadcrumb","itemListElement":[{"@type":"ListItem","position":1,"name":"Accueil","item":"https:\/\/www.romainlevy.com\/fr\/"},{"@type":"ListItem","position":2,"name":"Mes boites \u00e0 outils","item":"https:\/\/www.romainlevy.com\/fr\/boites-a-outils\/"},{"@type":"ListItem","position":3,"name":"Les outils Growth Hacking pour optimiser et tout personnaliser"}]},{"@type":"WebSite","@id":"https:\/\/www.romainlevy.com\/fr\/#website","url":"https:\/\/www.romainlevy.com\/fr\/","name":"Romain L\u00e9vy","description":"Et si on m\u00ealait tradition et innovation ?","publisher":{"@id":"https:\/\/www.romainlevy.com\/fr\/#\/schema\/person\/9807ad52294f0c8cffef60a461d6448d"},"potentialAction":[{"@type":"SearchAction","target":{"@type":"EntryPoint","urlTemplate":"https:\/\/www.romainlevy.com\/fr\/?s={search_term_string}"},"query-input":{"@type":"PropertyValueSpecification","valueRequired":true,"valueName":"search_term_string"}}],"inLanguage":"fr-FR"},{"@type":["Person","Organization"],"@id":"https:\/\/www.romainlevy.com\/fr\/#\/schema\/person\/9807ad52294f0c8cffef60a461d6448d","name":"romain","image":{"@type":"ImageObject","inLanguage":"fr-FR","@id":"https:\/\/secure.gravatar.com\/avatar\/f80a54bc71c7566817c772597e25cc425bb2aa7e0b3d5f415b7a1a1a5977d099?s=96&d=mm&r=g","url":"https:\/\/secure.gravatar.com\/avatar\/f80a54bc71c7566817c772597e25cc425bb2aa7e0b3d5f415b7a1a1a5977d099?s=96&d=mm&r=g","contentUrl":"https:\/\/secure.gravatar.com\/avatar\/f80a54bc71c7566817c772597e25cc425bb2aa7e0b3d5f415b7a1a1a5977d099?s=96&d=mm&r=g","caption":"romain"},"logo":{"@id":"https:\/\/secure.gravatar.com\/avatar\/f80a54bc71c7566817c772597e25cc425bb2aa7e0b3d5f415b7a1a1a5977d099?s=96&d=mm&r=g"}}]}},"_links":{"self":[{"href":"https:\/\/www.romainlevy.com\/fr\/wp-json\/wp\/v2\/pages\/2908","targetHints":{"allow":["GET"]}}],"collection":[{"href":"https:\/\/www.romainlevy.com\/fr\/wp-json\/wp\/v2\/pages"}],"about":[{"href":"https:\/\/www.romainlevy.com\/fr\/wp-json\/wp\/v2\/types\/page"}],"author":[{"embeddable":true,"href":"https:\/\/www.romainlevy.com\/fr\/wp-json\/wp\/v2\/users\/1"}],"replies":[{"embeddable":true,"href":"https:\/\/www.romainlevy.com\/fr\/wp-json\/wp\/v2\/comments?post=2908"}],"version-history":[{"count":14,"href":"https:\/\/www.romainlevy.com\/fr\/wp-json\/wp\/v2\/pages\/2908\/revisions"}],"predecessor-version":[{"id":3236,"href":"https:\/\/www.romainlevy.com\/fr\/wp-json\/wp\/v2\/pages\/2908\/revisions\/3236"}],"up":[{"embeddable":true,"href":"https:\/\/www.romainlevy.com\/fr\/wp-json\/wp\/v2\/pages\/1005"}],"wp:featuredmedia":[{"embeddable":true,"href":"https:\/\/www.romainlevy.com\/fr\/wp-json\/wp\/v2\/media\/2909"}],"wp:attachment":[{"href":"https:\/\/www.romainlevy.com\/fr\/wp-json\/wp\/v2\/media?parent=2908"}],"curies":[{"name":"wp","href":"https:\/\/api.w.org\/{rel}","templated":true}]}}