{"id":2913,"date":"2021-01-24T15:46:32","date_gmt":"2021-01-24T14:46:32","guid":{"rendered":"https:\/\/www.romainlevy.com\/?page_id=2913"},"modified":"2022-12-01T20:46:24","modified_gmt":"2022-12-01T19:46:24","slug":"les-outils-growth-hacking-pour-creer-des-robots-bot-et-sappuyer-sur-lia","status":"publish","type":"page","link":"https:\/\/www.romainlevy.com\/fr\/boites-a-outils\/les-outils-growth-hacking-pour-creer-des-robots-bot-et-sappuyer-sur-lia\/","title":{"rendered":"Les outils Growth Hacking pour cr\u00e9er des robots (bot) et s\u2019appuyer sur l\u2019IA"},"content":{"rendered":"<div class=\"wpb-content-wrapper\"><div class=\"vc_row wpb_row vc_row-fluid\"><div class=\"wpb_column vc_column_container vc_col-sm-4\/5\"><div class=\"vc_column-inner \"><div class=\"wpb_wrapper\">\n\t<div  class=\"wpb_single_image wpb_content_element vc_align_center wpb_content_element\">\n\t\t\n\t\t<figure class=\"wpb_wrapper vc_figure\">\n\t\t\t<div class=\"vc_single_image-wrapper   vc_box_border_grey\"><img loading=\"lazy\" decoding=\"async\" width=\"300\" height=\"300\" src=\"https:\/\/www.romainlevy.com\/wp-content\/uploads\/2021\/01\/13.png\" class=\"vc_single_image-img attachment-large\" alt=\"Top Outils Growth Hacking Optimiser Robots et IA\" title=\"Top Outils Growth Hacking Optimiser Robots et IA\" srcset=\"https:\/\/www.romainlevy.com\/wp-content\/uploads\/2021\/01\/13.png 300w, https:\/\/www.romainlevy.com\/wp-content\/uploads\/2021\/01\/13-150x150.png 150w, https:\/\/www.romainlevy.com\/wp-content\/uploads\/2021\/01\/13-12x12.png 12w\" sizes=\"auto, (max-width: 300px) 100vw, 300px\" \/><\/div>\n\t\t<\/figure>\n\t<\/div>\n\n\t<div class=\"wpb_text_column wpb_content_element\" >\n\t\t<div class=\"wpb_wrapper\">\n\t\t\t<p>Sommaire :<\/p>\n<ol>\n<li><a href=\"#outilinnovantsgrowthhacking\">Les outils innovants de Growth Hacking (Landbot, Clevy)<\/a><\/li>\n<li><a href=\"#outilsrobotsconversationnels\">Les outils pour cr\u00e9er des robots conversationnels (Synthesia, Bannerbear)<\/a><\/li>\n<\/ol>\n<p>&nbsp;<\/p>\n<p>Apr\u00e8s avoir vu <a href=\"https:\/\/www.romainlevy.com\/fr\/boites-a-outils\/les-outils-growth-hacking-pour-optimiser-lenvoi-de-mails\/\">les outils de Growth Hacking pour optimiser l\u2019envoi de mails<\/a>, tournons-nous vers des outils sympas pour <strong>automatiser les premiers contacts avec vos clients<\/strong> et<strong> optimiser la cr\u00e9ation de vos contenus<\/strong> en vous appuyant sur l<strong>&#8216;intelligence artificielle<\/strong>.<\/p>\n<h2 id=\"outilinnovantsgrowthhacking\">Les outils pour cr\u00e9er des robots conversationnels<\/h2>\n<p><a href=\"https:\/\/landbot.grsm.io\/romainlevy2410\" target=\"_blank\" rel=\"noopener\"><em><strong>Landbot<\/strong><\/em><\/a> permet de <strong>cr\u00e9er des chatbot<\/strong> (ou <strong>robots conversationnels<\/strong>) sur <strong>WhatsApp<\/strong> et sur votre site internet. Ainsi vous pouvez mettre facilement en place des <strong>conversations sur mesure<\/strong> pour r\u00e9cup\u00e9rer les <strong>coordonn\u00e9es de vos clients automatiquement<\/strong>, convenir d\u2019un <strong>rdv<\/strong>, les<strong> inscrire \u00e0 une newsletter<\/strong>, les <strong>rediriger vers une offre<\/strong> ou un produit sp\u00e9cifique&#8230; Ensuite il est possible de relier le bot \u00e0 des nombreux d&#8217;outils comme Zappier, Slack, Mailchimp&#8230;etc.\u2026 et ainsi pouvoir <strong>suivre correctement et de mani\u00e8re automatis\u00e9e vos clients<\/strong>. Landbot est donc id\u00e9al pour les adeptes de la <strong>g\u00e9n\u00e9ration de prospects automatis\u00e9e<\/strong> et du \u00ab <strong>Lead Nurturing<\/strong> \u00bb.<\/p>\n<p>&nbsp;<\/p>\n<p>C&#8217;est si simple ! :<\/p>\n<p><iframe loading=\"lazy\" title=\"YouTube video player\" src=\"https:\/\/www.youtube.com\/embed\/OPDc3BGS6Iw\" width=\"560\" height=\"315\" frameborder=\"0\" allowfullscreen=\"allowfullscreen\"><\/iframe><\/p>\n<p>&nbsp;<\/p>\n<p><em><strong><a href=\"https:\/\/clevy.io\/?lang=fr\" target=\"_blank\" rel=\"noopener\">Clevy<\/a><\/strong><\/em> est aussi un outil facilitant la mise en place de <strong>robots conversationnels<\/strong>. Ces robots peuvent \u00eatre utiles pour <strong>optimiser et automatiser<\/strong> pleins d\u2019actions,<strong> en interne<\/strong> avec le reste de l\u2019\u00e9quipe <strong>ou m\u00eame avec des clients<\/strong>, communaut\u00e9s d\u2019ambassadeurs\u2026 etc. <strong>Sans coder<\/strong>, vous pouvez connecter votre robot \u00e0 vos bases de donn\u00e9es ou autres outils et ainsi utiliser ces informations comme base pour des \u00e9changes automatis\u00e9s.<\/p>\n<h2 id=\"outilsrobotsconversationnels\">Les outils innovants de Growth Hacking<\/h2>\n<p><a href=\"https:\/\/www.synthesia.io\/\" target=\"_blank\" rel=\"noopener\"><em><strong>Synthesia<\/strong><\/em><\/a> est une solution permettant de <strong>cr\u00e9er automatiquement<\/strong> (avec l\u2019aide de l\u2019Intelligence Artificielle) <strong>une vid\u00e9o de pr\u00e9sentation<\/strong> avec un ou une animateur.ice parlant le texte que vous avez \u00e9crit. Il vous suffit pour cela d\u2019avoir le <strong>texte<\/strong>, de le <strong>copier-coller sur Synthesia<\/strong> puis de <strong>choisir l\u2019avatar<\/strong> qui va le parler (les avatars paraissent humains). Vous aurez la vid\u00e9o d\u2019une \u00ab personne \u00bb qui dit l\u2019ensemble du texte que vous aurez coll\u00e9. De quoi <strong>agr\u00e9menter un article<\/strong> de blog, une <strong>page de vente<\/strong> ou quoi que \u00e7a soit d\u2019autre avec une vid\u00e9o.<\/p>\n<p><a href=\"https:\/\/www.bannerbear.com\/?via=romain\" target=\"_blank\" rel=\"noopener\"><em><strong>Bannerbear<\/strong><\/em><\/a> est un outil de <strong>cr\u00e9ation d&#8217;image et de vid\u00e9o qui peut \u00eatre automatis\u00e9e<\/strong> avec <strong>Zappier<\/strong> ou m\u00eame connect\u00e9 directement avec <strong>Airtable<\/strong> <strong>sans avoir besoin de coder<\/strong>. Vous pouvez par exemple avoir une base de contenus sur Airtable ou Google Sheet et les faire passer dans le robot de Bannerbear pour en sortir des images et les <strong>diffuser sur les r\u00e9seaux-sociaux<\/strong> par la suite. Cet outil peut \u00eatre <strong>coupl\u00e9 avec un outil de scraping<\/strong> qui compl\u00e8te votre base de donn\u00e9es en amont, <strong>Bannerbear<\/strong> <strong>en fera des images<\/strong> que vous pourrez ensuite <strong>diffuser ou programmer de mani\u00e8re automatique sur vos r\u00e9seaux-sociaux<\/strong> avec un ou plusieurs autres outils connect\u00e9s \u00e0 <strong>Zappier<\/strong>. Pour aller plus loin, il est possible de faire d\u2019autres connections si on fait appel \u00e0 un codeur.<\/p>\n\n\t\t<\/div>\n\t<\/div>\n<\/div><\/div><\/div><div class=\"wpb_column vc_column_container vc_col-sm-1\/5\"><div class=\"vc_column-inner \"><div class=\"wpb_wrapper\">\n\t<div class=\"wpb_text_column wpb_content_element\" >\n\t\t<div class=\"wpb_wrapper\">\n\t\t\t<p>Mes autres bo\u00eetes \u00e0 outils<\/p>\n<p><a href=\"https:\/\/www.romainlevy.com\/fr\/boites-a-outils\/webmarketing-le-seo-referencement-naturel-les-outils-pour-trouver-des-mots-clefs-et-se-referencer\/\"><img loading=\"lazy\" decoding=\"async\" class=\"alignnone wp-image-2786 size-full\" src=\"https:\/\/www.romainlevy.com\/wp-content\/uploads\/2021\/01\/21.png\" alt=\"Top outils webmarketing SEO Trouver des mots clefs\" width=\"300\" height=\"300\" srcset=\"https:\/\/www.romainlevy.com\/wp-content\/uploads\/2021\/01\/21.png 300w, https:\/\/www.romainlevy.com\/wp-content\/uploads\/2021\/01\/21-150x150.png 150w, https:\/\/www.romainlevy.com\/wp-content\/uploads\/2021\/01\/21-12x12.png 12w\" sizes=\"auto, (max-width: 300px) 100vw, 300px\" \/><\/a><\/p>\n<p><a href=\"https:\/\/www.romainlevy.com\/fr\/boites-a-outils\/webmarketing-seo-referencement-naturel-les-outils-pour-analyser-son-site-et-progresser\/\"><img loading=\"lazy\" decoding=\"async\" class=\"alignnone wp-image-2787 size-full\" src=\"https:\/\/www.romainlevy.com\/wp-content\/uploads\/2021\/01\/31.png\" alt=\"Top outils webmarketing SEO Analyser son site\" width=\"300\" height=\"300\" srcset=\"https:\/\/www.romainlevy.com\/wp-content\/uploads\/2021\/01\/31.png 300w, https:\/\/www.romainlevy.com\/wp-content\/uploads\/2021\/01\/31-150x150.png 150w, https:\/\/www.romainlevy.com\/wp-content\/uploads\/2021\/01\/31-12x12.png 12w\" sizes=\"auto, (max-width: 300px) 100vw, 300px\" \/><\/a><\/p>\n<p><a href=\"https:\/\/www.romainlevy.com\/fr\/boites-a-outils\/webmarketing-seo-referencement-naturel-les-outils-pour-suivre-son-referencement\/\"><img loading=\"lazy\" decoding=\"async\" class=\"alignnone wp-image-2788 size-full\" src=\"https:\/\/www.romainlevy.com\/wp-content\/uploads\/2021\/01\/4.png\" alt=\"Top outils webmarketing SEO suivre son r\u00e9f\u00e9rencement\" width=\"300\" height=\"300\" srcset=\"https:\/\/www.romainlevy.com\/wp-content\/uploads\/2021\/01\/4.png 300w, https:\/\/www.romainlevy.com\/wp-content\/uploads\/2021\/01\/4-150x150.png 150w, https:\/\/www.romainlevy.com\/wp-content\/uploads\/2021\/01\/4-12x12.png 12w\" sizes=\"auto, (max-width: 300px) 100vw, 300px\" \/><\/a><\/p>\n<p><a href=\"https:\/\/www.romainlevy.com\/fr\/boites-a-outils\/webmarketing-les-outils-pour-developper-son-audience-et-ses-backlinks\/\"><img loading=\"lazy\" decoding=\"async\" class=\"alignnone wp-image-2789 size-full\" src=\"https:\/\/www.romainlevy.com\/wp-content\/uploads\/2021\/01\/5.png\" alt=\"Top outils webmarketing SEO d\u00e9velopper son audience\" width=\"300\" height=\"300\" srcset=\"https:\/\/www.romainlevy.com\/wp-content\/uploads\/2021\/01\/5.png 300w, https:\/\/www.romainlevy.com\/wp-content\/uploads\/2021\/01\/5-150x150.png 150w, https:\/\/www.romainlevy.com\/wp-content\/uploads\/2021\/01\/5-12x12.png 12w\" sizes=\"auto, (max-width: 300px) 100vw, 300px\" \/><\/a><\/p>\n<p><a href=\"https:\/\/www.romainlevy.com\/fr\/boites-a-outils\/webmarketing-les-outils-pour-recevoir-les-coordonnees-de-vos-prospects\/\"><img loading=\"lazy\" decoding=\"async\" class=\"alignnone wp-image-2790 size-full\" src=\"https:\/\/www.romainlevy.com\/wp-content\/uploads\/2021\/01\/6.png\" alt=\"Top outils webmarketing Conversion Faciliter les contacts\" width=\"300\" height=\"300\" srcset=\"https:\/\/www.romainlevy.com\/wp-content\/uploads\/2021\/01\/6.png 300w, https:\/\/www.romainlevy.com\/wp-content\/uploads\/2021\/01\/6-150x150.png 150w, https:\/\/www.romainlevy.com\/wp-content\/uploads\/2021\/01\/6-12x12.png 12w\" sizes=\"auto, (max-width: 300px) 100vw, 300px\" \/><\/a><\/p>\n<p><a href=\"https:\/\/www.romainlevy.com\/fr\/boites-a-outils\/webmarketing-convertir-vos-prospects-en-clients-via-les-outils-de-mailing\/\"><img loading=\"lazy\" decoding=\"async\" class=\"alignnone wp-image-2791 size-full\" src=\"https:\/\/www.romainlevy.com\/wp-content\/uploads\/2021\/01\/7.png\" alt=\"Top outils webmarketing Conversion Outils de mailing\" width=\"300\" height=\"300\" srcset=\"https:\/\/www.romainlevy.com\/wp-content\/uploads\/2021\/01\/7.png 300w, https:\/\/www.romainlevy.com\/wp-content\/uploads\/2021\/01\/7-150x150.png 150w, https:\/\/www.romainlevy.com\/wp-content\/uploads\/2021\/01\/7-12x12.png 12w\" sizes=\"auto, (max-width: 300px) 100vw, 300px\" \/><\/a><\/p>\n<p><a href=\"https:\/\/www.romainlevy.com\/fr\/boites-a-outils\/les-outils-growth-hacking-pour-les-reseaux-sociaux\/\"><img loading=\"lazy\" decoding=\"async\" class=\"alignnone wp-image-2793 size-full\" src=\"https:\/\/www.romainlevy.com\/wp-content\/uploads\/2021\/01\/91.png\" alt=\"Top outils Growth Hacking Les bases pour les r\u00e9seaux-sociaux\" width=\"300\" height=\"300\" srcset=\"https:\/\/www.romainlevy.com\/wp-content\/uploads\/2021\/01\/91.png 300w, https:\/\/www.romainlevy.com\/wp-content\/uploads\/2021\/01\/91-150x150.png 150w, https:\/\/www.romainlevy.com\/wp-content\/uploads\/2021\/01\/91-12x12.png 12w\" sizes=\"auto, (max-width: 300px) 100vw, 300px\" \/><\/a><\/p>\n<p><a href=\"https:\/\/www.romainlevy.com\/fr\/boites-a-outils\/les-outils-growth-hacking-pour-scrapper\/\"><img loading=\"lazy\" decoding=\"async\" class=\"alignnone wp-image-2794 size-full\" src=\"https:\/\/www.romainlevy.com\/wp-content\/uploads\/2021\/01\/11.png\" alt=\"\" width=\"300\" height=\"300\" srcset=\"https:\/\/www.romainlevy.com\/wp-content\/uploads\/2021\/01\/11.png 300w, https:\/\/www.romainlevy.com\/wp-content\/uploads\/2021\/01\/11-150x150.png 150w, https:\/\/www.romainlevy.com\/wp-content\/uploads\/2021\/01\/11-12x12.png 12w\" sizes=\"auto, (max-width: 300px) 100vw, 300px\" \/><\/a><\/p>\n\n\t\t<\/div>\n\t<\/div>\n<\/div><\/div><\/div><\/div>\n<\/div>","protected":false},"excerpt":{"rendered":"<p>[vc_row][vc_column width=\"4\/5\"][vc_single_image source=\"featured_image\" img_size=\"large\" alignment=\"center\"][vc_column_text]Bient\u00f4t ici je vous parlerai de :<\/p>\n","protected":false},"author":1,"featured_media":2911,"parent":1005,"menu_order":0,"comment_status":"closed","ping_status":"closed","template":"","meta":{"content-type":"","footnotes":""},"class_list":["post-2913","page","type-page","status-publish","has-post-thumbnail","hentry"],"yoast_head":"<!-- This site is optimized with the Yoast SEO plugin v27.5 - https:\/\/yoast.com\/product\/yoast-seo-wordpress\/ -->\n<title>Les outils Growth Hacking pour cr\u00e9er des robots (bot) et s\u2019appuyer sur l\u2019IA - Romain L\u00e9vy<\/title>\n<meta name=\"robots\" content=\"index, follow, max-snippet:-1, max-image-preview:large, max-video-preview:-1\" \/>\n<link rel=\"canonical\" href=\"https:\/\/www.romainlevy.com\/fr\/boites-a-outils\/les-outils-growth-hacking-pour-creer-des-robots-bot-et-sappuyer-sur-lia\/\" \/>\n<meta property=\"og:locale\" content=\"fr_FR\" \/>\n<meta property=\"og:type\" content=\"article\" \/>\n<meta property=\"og:title\" content=\"Les outils Growth Hacking pour cr\u00e9er des robots (bot) et s\u2019appuyer sur l\u2019IA - Romain L\u00e9vy\" \/>\n<meta property=\"og:description\" content=\"Bient\u00f4t ici je vous parlerai de :\" \/>\n<meta property=\"og:url\" content=\"https:\/\/www.romainlevy.com\/fr\/boites-a-outils\/les-outils-growth-hacking-pour-creer-des-robots-bot-et-sappuyer-sur-lia\/\" \/>\n<meta property=\"og:site_name\" content=\"Romain L\u00e9vy\" \/>\n<meta property=\"article:modified_time\" content=\"2022-12-01T19:46:24+00:00\" \/>\n<meta property=\"og:image\" content=\"https:\/\/www.romainlevy.com\/wp-content\/uploads\/2021\/01\/13.png\" \/>\n\t<meta property=\"og:image:width\" content=\"300\" \/>\n\t<meta property=\"og:image:height\" content=\"300\" \/>\n\t<meta property=\"og:image:type\" content=\"image\/png\" \/>\n<meta name=\"twitter:card\" content=\"summary_large_image\" \/>\n<meta name=\"twitter:label1\" content=\"Dur\u00e9e de lecture estim\u00e9e\" \/>\n\t<meta name=\"twitter:data1\" content=\"4 minutes\" \/>\n<script type=\"application\/ld+json\" class=\"yoast-schema-graph\">{\"@context\":\"https:\\\/\\\/schema.org\",\"@graph\":[{\"@type\":\"WebPage\",\"@id\":\"https:\\\/\\\/www.romainlevy.com\\\/fr\\\/boites-a-outils\\\/les-outils-growth-hacking-pour-creer-des-robots-bot-et-sappuyer-sur-lia\\\/\",\"url\":\"https:\\\/\\\/www.romainlevy.com\\\/fr\\\/boites-a-outils\\\/les-outils-growth-hacking-pour-creer-des-robots-bot-et-sappuyer-sur-lia\\\/\",\"name\":\"Les outils Growth Hacking pour cr\u00e9er des robots (bot) et s\u2019appuyer sur l\u2019IA - Romain L\u00e9vy\",\"isPartOf\":{\"@id\":\"https:\\\/\\\/www.romainlevy.com\\\/fr\\\/#website\"},\"primaryImageOfPage\":{\"@id\":\"https:\\\/\\\/www.romainlevy.com\\\/fr\\\/boites-a-outils\\\/les-outils-growth-hacking-pour-creer-des-robots-bot-et-sappuyer-sur-lia\\\/#primaryimage\"},\"image\":{\"@id\":\"https:\\\/\\\/www.romainlevy.com\\\/fr\\\/boites-a-outils\\\/les-outils-growth-hacking-pour-creer-des-robots-bot-et-sappuyer-sur-lia\\\/#primaryimage\"},\"thumbnailUrl\":\"https:\\\/\\\/www.romainlevy.com\\\/wp-content\\\/uploads\\\/2021\\\/01\\\/13.png\",\"datePublished\":\"2021-01-24T14:46:32+00:00\",\"dateModified\":\"2022-12-01T19:46:24+00:00\",\"breadcrumb\":{\"@id\":\"https:\\\/\\\/www.romainlevy.com\\\/fr\\\/boites-a-outils\\\/les-outils-growth-hacking-pour-creer-des-robots-bot-et-sappuyer-sur-lia\\\/#breadcrumb\"},\"inLanguage\":\"fr-FR\",\"potentialAction\":[{\"@type\":\"ReadAction\",\"target\":[\"https:\\\/\\\/www.romainlevy.com\\\/fr\\\/boites-a-outils\\\/les-outils-growth-hacking-pour-creer-des-robots-bot-et-sappuyer-sur-lia\\\/\"]}]},{\"@type\":\"ImageObject\",\"inLanguage\":\"fr-FR\",\"@id\":\"https:\\\/\\\/www.romainlevy.com\\\/fr\\\/boites-a-outils\\\/les-outils-growth-hacking-pour-creer-des-robots-bot-et-sappuyer-sur-lia\\\/#primaryimage\",\"url\":\"https:\\\/\\\/www.romainlevy.com\\\/wp-content\\\/uploads\\\/2021\\\/01\\\/13.png\",\"contentUrl\":\"https:\\\/\\\/www.romainlevy.com\\\/wp-content\\\/uploads\\\/2021\\\/01\\\/13.png\",\"width\":300,\"height\":300,\"caption\":\"Top Outils Growth Hacking Optimiser Robots et IA\"},{\"@type\":\"BreadcrumbList\",\"@id\":\"https:\\\/\\\/www.romainlevy.com\\\/fr\\\/boites-a-outils\\\/les-outils-growth-hacking-pour-creer-des-robots-bot-et-sappuyer-sur-lia\\\/#breadcrumb\",\"itemListElement\":[{\"@type\":\"ListItem\",\"position\":1,\"name\":\"Accueil\",\"item\":\"https:\\\/\\\/www.romainlevy.com\\\/fr\\\/\"},{\"@type\":\"ListItem\",\"position\":2,\"name\":\"Mes boites \u00e0 outils\",\"item\":\"https:\\\/\\\/www.romainlevy.com\\\/fr\\\/boites-a-outils\\\/\"},{\"@type\":\"ListItem\",\"position\":3,\"name\":\"Les outils Growth Hacking pour cr\u00e9er des robots (bot) et s\u2019appuyer sur l\u2019IA\"}]},{\"@type\":\"WebSite\",\"@id\":\"https:\\\/\\\/www.romainlevy.com\\\/fr\\\/#website\",\"url\":\"https:\\\/\\\/www.romainlevy.com\\\/fr\\\/\",\"name\":\"Romain L\u00e9vy\",\"description\":\"Et si on m\u00ealait tradition et innovation ?\",\"publisher\":{\"@id\":\"https:\\\/\\\/www.romainlevy.com\\\/fr\\\/#\\\/schema\\\/person\\\/9807ad52294f0c8cffef60a461d6448d\"},\"potentialAction\":[{\"@type\":\"SearchAction\",\"target\":{\"@type\":\"EntryPoint\",\"urlTemplate\":\"https:\\\/\\\/www.romainlevy.com\\\/fr\\\/?s={search_term_string}\"},\"query-input\":{\"@type\":\"PropertyValueSpecification\",\"valueRequired\":true,\"valueName\":\"search_term_string\"}}],\"inLanguage\":\"fr-FR\"},{\"@type\":[\"Person\",\"Organization\"],\"@id\":\"https:\\\/\\\/www.romainlevy.com\\\/fr\\\/#\\\/schema\\\/person\\\/9807ad52294f0c8cffef60a461d6448d\",\"name\":\"romain\",\"image\":{\"@type\":\"ImageObject\",\"inLanguage\":\"fr-FR\",\"@id\":\"https:\\\/\\\/secure.gravatar.com\\\/avatar\\\/f80a54bc71c7566817c772597e25cc425bb2aa7e0b3d5f415b7a1a1a5977d099?s=96&d=mm&r=g\",\"url\":\"https:\\\/\\\/secure.gravatar.com\\\/avatar\\\/f80a54bc71c7566817c772597e25cc425bb2aa7e0b3d5f415b7a1a1a5977d099?s=96&d=mm&r=g\",\"contentUrl\":\"https:\\\/\\\/secure.gravatar.com\\\/avatar\\\/f80a54bc71c7566817c772597e25cc425bb2aa7e0b3d5f415b7a1a1a5977d099?s=96&d=mm&r=g\",\"caption\":\"romain\"},\"logo\":{\"@id\":\"https:\\\/\\\/secure.gravatar.com\\\/avatar\\\/f80a54bc71c7566817c772597e25cc425bb2aa7e0b3d5f415b7a1a1a5977d099?s=96&d=mm&r=g\"}}]}<\/script>\n<!-- \/ Yoast SEO plugin. -->","yoast_head_json":{"title":"Les outils Growth Hacking pour cr\u00e9er des robots (bot) et s\u2019appuyer sur l\u2019IA - Romain L\u00e9vy","robots":{"index":"index","follow":"follow","max-snippet":"max-snippet:-1","max-image-preview":"max-image-preview:large","max-video-preview":"max-video-preview:-1"},"canonical":"https:\/\/www.romainlevy.com\/fr\/boites-a-outils\/les-outils-growth-hacking-pour-creer-des-robots-bot-et-sappuyer-sur-lia\/","og_locale":"fr_FR","og_type":"article","og_title":"Les outils Growth Hacking pour cr\u00e9er des robots (bot) et s\u2019appuyer sur l\u2019IA - Romain L\u00e9vy","og_description":"Bient\u00f4t ici je vous parlerai de :","og_url":"https:\/\/www.romainlevy.com\/fr\/boites-a-outils\/les-outils-growth-hacking-pour-creer-des-robots-bot-et-sappuyer-sur-lia\/","og_site_name":"Romain L\u00e9vy","article_modified_time":"2022-12-01T19:46:24+00:00","og_image":[{"width":300,"height":300,"url":"https:\/\/www.romainlevy.com\/wp-content\/uploads\/2021\/01\/13.png","type":"image\/png"}],"twitter_card":"summary_large_image","twitter_misc":{"Dur\u00e9e de lecture estim\u00e9e":"4 minutes"},"schema":{"@context":"https:\/\/schema.org","@graph":[{"@type":"WebPage","@id":"https:\/\/www.romainlevy.com\/fr\/boites-a-outils\/les-outils-growth-hacking-pour-creer-des-robots-bot-et-sappuyer-sur-lia\/","url":"https:\/\/www.romainlevy.com\/fr\/boites-a-outils\/les-outils-growth-hacking-pour-creer-des-robots-bot-et-sappuyer-sur-lia\/","name":"Les outils Growth Hacking pour cr\u00e9er des robots (bot) et s\u2019appuyer sur l\u2019IA - Romain L\u00e9vy","isPartOf":{"@id":"https:\/\/www.romainlevy.com\/fr\/#website"},"primaryImageOfPage":{"@id":"https:\/\/www.romainlevy.com\/fr\/boites-a-outils\/les-outils-growth-hacking-pour-creer-des-robots-bot-et-sappuyer-sur-lia\/#primaryimage"},"image":{"@id":"https:\/\/www.romainlevy.com\/fr\/boites-a-outils\/les-outils-growth-hacking-pour-creer-des-robots-bot-et-sappuyer-sur-lia\/#primaryimage"},"thumbnailUrl":"https:\/\/www.romainlevy.com\/wp-content\/uploads\/2021\/01\/13.png","datePublished":"2021-01-24T14:46:32+00:00","dateModified":"2022-12-01T19:46:24+00:00","breadcrumb":{"@id":"https:\/\/www.romainlevy.com\/fr\/boites-a-outils\/les-outils-growth-hacking-pour-creer-des-robots-bot-et-sappuyer-sur-lia\/#breadcrumb"},"inLanguage":"fr-FR","potentialAction":[{"@type":"ReadAction","target":["https:\/\/www.romainlevy.com\/fr\/boites-a-outils\/les-outils-growth-hacking-pour-creer-des-robots-bot-et-sappuyer-sur-lia\/"]}]},{"@type":"ImageObject","inLanguage":"fr-FR","@id":"https:\/\/www.romainlevy.com\/fr\/boites-a-outils\/les-outils-growth-hacking-pour-creer-des-robots-bot-et-sappuyer-sur-lia\/#primaryimage","url":"https:\/\/www.romainlevy.com\/wp-content\/uploads\/2021\/01\/13.png","contentUrl":"https:\/\/www.romainlevy.com\/wp-content\/uploads\/2021\/01\/13.png","width":300,"height":300,"caption":"Top Outils Growth Hacking Optimiser Robots et IA"},{"@type":"BreadcrumbList","@id":"https:\/\/www.romainlevy.com\/fr\/boites-a-outils\/les-outils-growth-hacking-pour-creer-des-robots-bot-et-sappuyer-sur-lia\/#breadcrumb","itemListElement":[{"@type":"ListItem","position":1,"name":"Accueil","item":"https:\/\/www.romainlevy.com\/fr\/"},{"@type":"ListItem","position":2,"name":"Mes boites \u00e0 outils","item":"https:\/\/www.romainlevy.com\/fr\/boites-a-outils\/"},{"@type":"ListItem","position":3,"name":"Les outils Growth Hacking pour cr\u00e9er des robots (bot) et s\u2019appuyer sur l\u2019IA"}]},{"@type":"WebSite","@id":"https:\/\/www.romainlevy.com\/fr\/#website","url":"https:\/\/www.romainlevy.com\/fr\/","name":"Romain L\u00e9vy","description":"Et si on m\u00ealait tradition et innovation ?","publisher":{"@id":"https:\/\/www.romainlevy.com\/fr\/#\/schema\/person\/9807ad52294f0c8cffef60a461d6448d"},"potentialAction":[{"@type":"SearchAction","target":{"@type":"EntryPoint","urlTemplate":"https:\/\/www.romainlevy.com\/fr\/?s={search_term_string}"},"query-input":{"@type":"PropertyValueSpecification","valueRequired":true,"valueName":"search_term_string"}}],"inLanguage":"fr-FR"},{"@type":["Person","Organization"],"@id":"https:\/\/www.romainlevy.com\/fr\/#\/schema\/person\/9807ad52294f0c8cffef60a461d6448d","name":"romain","image":{"@type":"ImageObject","inLanguage":"fr-FR","@id":"https:\/\/secure.gravatar.com\/avatar\/f80a54bc71c7566817c772597e25cc425bb2aa7e0b3d5f415b7a1a1a5977d099?s=96&d=mm&r=g","url":"https:\/\/secure.gravatar.com\/avatar\/f80a54bc71c7566817c772597e25cc425bb2aa7e0b3d5f415b7a1a1a5977d099?s=96&d=mm&r=g","contentUrl":"https:\/\/secure.gravatar.com\/avatar\/f80a54bc71c7566817c772597e25cc425bb2aa7e0b3d5f415b7a1a1a5977d099?s=96&d=mm&r=g","caption":"romain"},"logo":{"@id":"https:\/\/secure.gravatar.com\/avatar\/f80a54bc71c7566817c772597e25cc425bb2aa7e0b3d5f415b7a1a1a5977d099?s=96&d=mm&r=g"}}]}},"_links":{"self":[{"href":"https:\/\/www.romainlevy.com\/fr\/wp-json\/wp\/v2\/pages\/2913","targetHints":{"allow":["GET"]}}],"collection":[{"href":"https:\/\/www.romainlevy.com\/fr\/wp-json\/wp\/v2\/pages"}],"about":[{"href":"https:\/\/www.romainlevy.com\/fr\/wp-json\/wp\/v2\/types\/page"}],"author":[{"embeddable":true,"href":"https:\/\/www.romainlevy.com\/fr\/wp-json\/wp\/v2\/users\/1"}],"replies":[{"embeddable":true,"href":"https:\/\/www.romainlevy.com\/fr\/wp-json\/wp\/v2\/comments?post=2913"}],"version-history":[{"count":9,"href":"https:\/\/www.romainlevy.com\/fr\/wp-json\/wp\/v2\/pages\/2913\/revisions"}],"predecessor-version":[{"id":3233,"href":"https:\/\/www.romainlevy.com\/fr\/wp-json\/wp\/v2\/pages\/2913\/revisions\/3233"}],"up":[{"embeddable":true,"href":"https:\/\/www.romainlevy.com\/fr\/wp-json\/wp\/v2\/pages\/1005"}],"wp:featuredmedia":[{"embeddable":true,"href":"https:\/\/www.romainlevy.com\/fr\/wp-json\/wp\/v2\/media\/2911"}],"wp:attachment":[{"href":"https:\/\/www.romainlevy.com\/fr\/wp-json\/wp\/v2\/media?parent=2913"}],"curies":[{"name":"wp","href":"https:\/\/api.w.org\/{rel}","templated":true}]}}